{"id":42381,"date":"2017-06-22T09:11:07","date_gmt":"2017-06-22T06:11:07","guid":{"rendered":"https:\/\/uus.skamet.ee\/tooted\/bez-kategorii\/mini\/"},"modified":"2022-03-23T15:24:31","modified_gmt":"2022-03-23T13:24:31","slug":"mini","status":"publish","type":"product","link":"https:\/\/www.skamet.ee\/pl\/tooted\/mini\/","title":{"rendered":"Mini"},"content":{"rendered":"<p>Modele z serii PS s\u0105 przeznaczone do ogrzewania saun o mniejszych rozmiarach i saun typu barrel, a takrze do wytwarzania suchej lub wilgotnej pary. Piec wyposa\u017cony jest w trzy\u00a0<strong>podw\u00f3jne \u015bcianki<\/strong>\u00a0(na bokach i z ty\u0142u), kt\u00f3re umo\u017cliwiaj\u0105 redukcj\u0119 bezpiecznych odleg\u0142o\u015bci o po\u0142ow\u0119 w por\u00f3wnaniu do naszych piec\u00f3w serii P (bezpieczne odleg\u0142o\u015bci w instrukcji).<\/p>\n<p>Ogrzewacz (<strong>model PS-110<\/strong>), ogrzewana powierzchnia 5 -12 m\u00b3; wysoko\u015b\u0107 pieca 60 \u0441m.\u00a0Ilosc kamieni 20 kg.<\/p>\n<table border=\"0\">\n<tbody>\n<tr>\n<td><strong>Standardowe parametry produkt\u00f3w:<\/strong><br \/>\n\u00bb \u00a0ze szklanymi drzwiczkami (220 x 200 mm);<br \/>\n\u00bb \u00a0g\u00f3rne po\u0142\u0105czenie do przewodu kominowego;<br \/>\n\u00bb \u00a0zawiasy drzwiczek po lewej stronie;<br \/>\n\u00bb \u00a0kolor obudowy: czarny;<br \/>\n\u00bb \u00a0piec do sauny pokryty jest farb\u0105 termiczn\u0105;<br \/>\n\u00bb \u00a0metalowy uchwyt.<\/td>\n<td><strong>Dodatkowe opcje<\/strong>:<br \/>\n\u00bb<strong>\u00a0\u00a0<\/strong>drewniany uchwyt;<br \/>\n\u00bb \u00a0zawiasy drzwiowe po prawej stronie;<br \/>\n\u00bb \u00a0obudowa, w tym jej g\u00f3rna cz\u0119\u015b\u0107 w kolorze czarnym,<br \/>\nlub wykonana ze stali nierdzewnej;<br \/>\n\u00bb \u00a0g\u00f3rna cz\u0119\u015b\u0107 obudowy ze stali nierdzewnej;<br \/>\n\u00bb \u00a0wi\u0119cej opcji znajdziesz\u00a0<strong>tutaj<\/strong><\/td>\n<\/tr>\n<\/tbody>\n<\/table>\n<p>&nbsp;<\/p>\n<p>&nbsp;<\/p>\n<p><a href=\"https:\/\/skamet.ee\/wp-content\/uploads\/2013\/11\/ENG.pdf\" target=\"_blank\" rel=\"noopener\"><strong>Wszystkie wymiary znajduj\u0105 si\u0119 w podr\u0119cznikach u\u017cytkownika<\/strong><\/a><\/p>\n","protected":false},"excerpt":{"rendered":"<p>Modele z serii PS s\u0105 przeznaczone do ogrzewania saun o mniejszych rozmiarach i saun typu barrel, a takrze do wytwarzania<\/p>\n","protected":false},"featured_media":40360,"template":"","meta":{"_lmt_disableupdate":"","_lmt_disable":""},"product_brand":[],"product_cat":[384],"product_tag":[],"class_list":{"0":"post-42381","1":"product","2":"type-product","3":"status-publish","4":"has-post-thumbnail","6":"product_cat-piece-do-sauny-ogrzewane-z-tego-samego-pomieszczenia","7":"pa_ahju-korgus-60-cm-pl","8":"pa_ahju-laius-39-cm-pl","9":"pa_ahju-sugavus-45-cm-pl","10":"pa_kivide-hulk-20-kg-pl","11":"pa_koetav-ruumala-5-m-12-m-pl","12":"pa_mudel-ps-110-pl","14":"first","15":"instock","16":"shipping-taxable","17":"product-type-simple"},"yoast_head":"<!-- This site is optimized with the Yoast SEO plugin v27.0 - https:\/\/yoast.com\/product\/yoast-seo-wordpress\/ -->\n<title>Mini - Skamet<\/title>\n<meta name=\"robots\" content=\"index, follow, max-snippet:-1, max-image-preview:large, max-video-preview:-1\" \/>\n<link rel=\"canonical\" href=\"https:\/\/www.skamet.ee\/pl\/tooted\/mini\/\" \/>\n<meta property=\"og:locale\" content=\"pl_PL\" \/>\n<meta property=\"og:type\" content=\"article\" \/>\n<meta property=\"og:title\" content=\"Mini - Skamet\" \/>\n<meta property=\"og:description\" content=\"Modele z serii PS s\u0105 przeznaczone do ogrzewania saun o mniejszych rozmiarach i saun typu barrel, a takrze do wytwarzania\" \/>\n<meta property=\"og:url\" content=\"https:\/\/www.skamet.ee\/pl\/tooted\/mini\/\" \/>\n<meta property=\"og:site_name\" content=\"Skamet\" \/>\n<meta property=\"article:modified_time\" content=\"2022-03-23T13:24:31+00:00\" \/>\n<meta property=\"og:image\" content=\"https:\/\/www.skamet.ee\/wp-content\/uploads\/2021\/03\/PS-110-300x300-taust.png\" \/>\n\t<meta property=\"og:image:width\" content=\"300\" \/>\n\t<meta property=\"og:image:height\" content=\"300\" \/>\n\t<meta property=\"og:image:type\" content=\"image\/png\" \/>\n<meta name=\"twitter:card\" content=\"summary_large_image\" \/>\n<meta name=\"twitter:label1\" content=\"Szacowany czas czytania\" \/>\n\t<meta name=\"twitter:data1\" content=\"1 minuta\" \/>\n<script type=\"application\/ld+json\" class=\"yoast-schema-graph\">{\"@context\":\"https:\/\/schema.org\",\"@graph\":[{\"@type\":\"WebPage\",\"@id\":\"https:\/\/www.skamet.ee\/pl\/tooted\/mini\/\",\"url\":\"https:\/\/www.skamet.ee\/pl\/tooted\/mini\/\",\"name\":\"Mini - Skamet\",\"isPartOf\":{\"@id\":\"https:\/\/www.skamet.ee\/#website\"},\"primaryImageOfPage\":{\"@id\":\"https:\/\/www.skamet.ee\/pl\/tooted\/mini\/#primaryimage\"},\"image\":{\"@id\":\"https:\/\/www.skamet.ee\/pl\/tooted\/mini\/#primaryimage\"},\"thumbnailUrl\":\"https:\/\/www.skamet.ee\/wp-content\/uploads\/2021\/03\/PS-110-300x300-taust.png\",\"datePublished\":\"2017-06-22T06:11:07+00:00\",\"dateModified\":\"2022-03-23T13:24:31+00:00\",\"breadcrumb\":{\"@id\":\"https:\/\/www.skamet.ee\/pl\/tooted\/mini\/#breadcrumb\"},\"inLanguage\":\"pl-PL\",\"potentialAction\":[{\"@type\":\"ReadAction\",\"target\":[\"https:\/\/www.skamet.ee\/pl\/tooted\/mini\/\"]}]},{\"@type\":\"ImageObject\",\"inLanguage\":\"pl-PL\",\"@id\":\"https:\/\/www.skamet.ee\/pl\/tooted\/mini\/#primaryimage\",\"url\":\"https:\/\/www.skamet.ee\/wp-content\/uploads\/2021\/03\/PS-110-300x300-taust.png\",\"contentUrl\":\"https:\/\/www.skamet.ee\/wp-content\/uploads\/2021\/03\/PS-110-300x300-taust.png\",\"width\":300,\"height\":300,\"caption\":\"PS 110 300x300 taust\"},{\"@type\":\"BreadcrumbList\",\"@id\":\"https:\/\/www.skamet.ee\/pl\/tooted\/mini\/#breadcrumb\",\"itemListElement\":[{\"@type\":\"ListItem\",\"position\":1,\"name\":\"Home\",\"item\":\"https:\/\/www.skamet.ee\/\"},{\"@type\":\"ListItem\",\"position\":2,\"name\":\"Produkty\",\"item\":\"https:\/\/www.skamet.ee\/pl\/sklep\/\"},{\"@type\":\"ListItem\",\"position\":3,\"name\":\"Mini\"}]},{\"@type\":\"WebSite\",\"@id\":\"https:\/\/www.skamet.ee\/#website\",\"url\":\"https:\/\/www.skamet.ee\/\",\"name\":\"Skamet O\u00dc\",\"description\":\"Efektiivsed puuk\u00fcttega saunaahjud Eesti tootjalt\",\"publisher\":{\"@id\":\"https:\/\/www.skamet.ee\/#organization\"},\"potentialAction\":[{\"@type\":\"SearchAction\",\"target\":{\"@type\":\"EntryPoint\",\"urlTemplate\":\"https:\/\/www.skamet.ee\/?s={search_term_string}\"},\"query-input\":{\"@type\":\"PropertyValueSpecification\",\"valueRequired\":true,\"valueName\":\"search_term_string\"}}],\"inLanguage\":\"pl-PL\"},{\"@type\":\"Organization\",\"@id\":\"https:\/\/www.skamet.ee\/#organization\",\"name\":\"Skamet\",\"url\":\"https:\/\/www.skamet.ee\/\",\"logo\":{\"@type\":\"ImageObject\",\"inLanguage\":\"pl-PL\",\"@id\":\"https:\/\/www.skamet.ee\/#\/schema\/logo\/image\/\",\"url\":\"https:\/\/www.skamet.ee\/wp-content\/uploads\/2024\/02\/logo-pl.jpg\",\"contentUrl\":\"https:\/\/www.skamet.ee\/wp-content\/uploads\/2024\/02\/logo-pl.jpg\",\"width\":300,\"height\":127,\"caption\":\"Skamet\"},\"image\":{\"@id\":\"https:\/\/www.skamet.ee\/#\/schema\/logo\/image\/\"}}]}<\/script>\n<!-- \/ Yoast SEO plugin. -->","yoast_head_json":{"title":"Mini - Skamet","robots":{"index":"index","follow":"follow","max-snippet":"max-snippet:-1","max-image-preview":"max-image-preview:large","max-video-preview":"max-video-preview:-1"},"canonical":"https:\/\/www.skamet.ee\/pl\/tooted\/mini\/","og_locale":"pl_PL","og_type":"article","og_title":"Mini - Skamet","og_description":"Modele z serii PS s\u0105 przeznaczone do ogrzewania saun o mniejszych rozmiarach i saun typu barrel, a takrze do wytwarzania","og_url":"https:\/\/www.skamet.ee\/pl\/tooted\/mini\/","og_site_name":"Skamet","article_modified_time":"2022-03-23T13:24:31+00:00","og_image":[{"width":300,"height":300,"url":"https:\/\/www.skamet.ee\/wp-content\/uploads\/2021\/03\/PS-110-300x300-taust.png","type":"image\/png"}],"twitter_card":"summary_large_image","twitter_misc":{"Szacowany czas czytania":"1 minuta"},"schema":{"@context":"https:\/\/schema.org","@graph":[{"@type":"WebPage","@id":"https:\/\/www.skamet.ee\/pl\/tooted\/mini\/","url":"https:\/\/www.skamet.ee\/pl\/tooted\/mini\/","name":"Mini - Skamet","isPartOf":{"@id":"https:\/\/www.skamet.ee\/#website"},"primaryImageOfPage":{"@id":"https:\/\/www.skamet.ee\/pl\/tooted\/mini\/#primaryimage"},"image":{"@id":"https:\/\/www.skamet.ee\/pl\/tooted\/mini\/#primaryimage"},"thumbnailUrl":"https:\/\/www.skamet.ee\/wp-content\/uploads\/2021\/03\/PS-110-300x300-taust.png","datePublished":"2017-06-22T06:11:07+00:00","dateModified":"2022-03-23T13:24:31+00:00","breadcrumb":{"@id":"https:\/\/www.skamet.ee\/pl\/tooted\/mini\/#breadcrumb"},"inLanguage":"pl-PL","potentialAction":[{"@type":"ReadAction","target":["https:\/\/www.skamet.ee\/pl\/tooted\/mini\/"]}]},{"@type":"ImageObject","inLanguage":"pl-PL","@id":"https:\/\/www.skamet.ee\/pl\/tooted\/mini\/#primaryimage","url":"https:\/\/www.skamet.ee\/wp-content\/uploads\/2021\/03\/PS-110-300x300-taust.png","contentUrl":"https:\/\/www.skamet.ee\/wp-content\/uploads\/2021\/03\/PS-110-300x300-taust.png","width":300,"height":300,"caption":"PS 110 300x300 taust"},{"@type":"BreadcrumbList","@id":"https:\/\/www.skamet.ee\/pl\/tooted\/mini\/#breadcrumb","itemListElement":[{"@type":"ListItem","position":1,"name":"Home","item":"https:\/\/www.skamet.ee\/"},{"@type":"ListItem","position":2,"name":"Produkty","item":"https:\/\/www.skamet.ee\/pl\/sklep\/"},{"@type":"ListItem","position":3,"name":"Mini"}]},{"@type":"WebSite","@id":"https:\/\/www.skamet.ee\/#website","url":"https:\/\/www.skamet.ee\/","name":"Skamet O\u00dc","description":"Efektiivsed puuk\u00fcttega saunaahjud Eesti tootjalt","publisher":{"@id":"https:\/\/www.skamet.ee\/#organization"},"potentialAction":[{"@type":"SearchAction","target":{"@type":"EntryPoint","urlTemplate":"https:\/\/www.skamet.ee\/?s={search_term_string}"},"query-input":{"@type":"PropertyValueSpecification","valueRequired":true,"valueName":"search_term_string"}}],"inLanguage":"pl-PL"},{"@type":"Organization","@id":"https:\/\/www.skamet.ee\/#organization","name":"Skamet","url":"https:\/\/www.skamet.ee\/","logo":{"@type":"ImageObject","inLanguage":"pl-PL","@id":"https:\/\/www.skamet.ee\/#\/schema\/logo\/image\/","url":"https:\/\/www.skamet.ee\/wp-content\/uploads\/2024\/02\/logo-pl.jpg","contentUrl":"https:\/\/www.skamet.ee\/wp-content\/uploads\/2024\/02\/logo-pl.jpg","width":300,"height":127,"caption":"Skamet"},"image":{"@id":"https:\/\/www.skamet.ee\/#\/schema\/logo\/image\/"}}]}},"_links":{"self":[{"href":"https:\/\/www.skamet.ee\/pl\/wp-json\/wp\/v2\/product\/42381","targetHints":{"allow":["GET"]}}],"collection":[{"href":"https:\/\/www.skamet.ee\/pl\/wp-json\/wp\/v2\/product"}],"about":[{"href":"https:\/\/www.skamet.ee\/pl\/wp-json\/wp\/v2\/types\/product"}],"version-history":[{"count":1,"href":"https:\/\/www.skamet.ee\/pl\/wp-json\/wp\/v2\/product\/42381\/revisions"}],"predecessor-version":[{"id":43075,"href":"https:\/\/www.skamet.ee\/pl\/wp-json\/wp\/v2\/product\/42381\/revisions\/43075"}],"wp:featuredmedia":[{"embeddable":true,"href":"https:\/\/www.skamet.ee\/pl\/wp-json\/wp\/v2\/media\/40360"}],"wp:attachment":[{"href":"https:\/\/www.skamet.ee\/pl\/wp-json\/wp\/v2\/media?parent=42381"}],"wp:term":[{"taxonomy":"product_brand","embeddable":true,"href":"https:\/\/www.skamet.ee\/pl\/wp-json\/wp\/v2\/product_brand?post=42381"},{"taxonomy":"product_cat","embeddable":true,"href":"https:\/\/www.skamet.ee\/pl\/wp-json\/wp\/v2\/product_cat?post=42381"},{"taxonomy":"product_tag","embeddable":true,"href":"https:\/\/www.skamet.ee\/pl\/wp-json\/wp\/v2\/product_tag?post=42381"}],"curies":[{"name":"wp","href":"https:\/\/api.w.org\/{rel}","templated":true}]}}