{"id":42389,"date":"2021-05-25T08:18:10","date_gmt":"2021-05-25T05:18:10","guid":{"rendered":"https:\/\/uus.skamet.ee\/tooted\/bez-kategorii\/zbiornik-zainstalowany-wokol-przewodu-spalinowego\/"},"modified":"2021-05-25T08:18:10","modified_gmt":"2021-05-25T05:18:10","slug":"zbiornik-zainstalowany-wokol-przewodu-spalinowego","status":"publish","type":"product","link":"https:\/\/www.skamet.ee\/pl\/tooted\/zbiornik-zainstalowany-wokol-przewodu-spalinowego\/","title":{"rendered":"Zbiornik zainstalowany wok\u00f3\u0142 przewodu spalinowego"},"content":{"rendered":"<p><b>Zbiornik na ciep\u0142\u0105 wod\u0119 jest produkowany w jednym rozmiarze<\/b><b>:<\/b><\/p>\n<table style=\"width: 584px;\" border=\"0\">\n<tbody>\n<tr>\n<td style=\"width: 4px;\"><\/td>\n<td style=\"width: 357px;\"><b><strong>Standardowe parametry produktu<\/strong>:<\/b><\/td>\n<td style=\"width: 223px;\"><b><strong>Opcje dodatkowe<\/strong>:<\/b><\/td>\n<\/tr>\n<tr>\n<td style=\"width: 4px;\"><\/td>\n<td style=\"width: 357px;\"><strong>\u00bb<\/strong>\u00a0\u015brednica 30 cm, pojemno\u015b\u0107 25 litr\u00f3w;<br \/>\n<strong>\u00bb<\/strong>\u00a0ca\u0142kowita wysoko\u015b\u0107 razem z przewodem to 65 cm, zbiornik \u2013 41.5 cm;<br \/>\n<strong>\u00bb<\/strong>\u00a0z pokryw\u0105;<br \/>\n<strong>\u00bb<\/strong>\u00a0wewn\u0119trzny przew\u00f3d spalinowy \u2013 \u015brednica 115 mm;<br \/>\n<strong>\u00bb<\/strong>\u00a01 z\u0142\u0105czka wkr\u0119tna z gwintem zewn\u0119trznym 1\/2.<\/td>\n<td style=\"width: 223px;\"><strong>\u00bb<\/strong>\u00a0wi\u0119ksza lub mniejsza pojemno\u015b\u0107;<br \/>\n<strong>\u00bb<\/strong>\u00a0wy\u017cszy zbiornik;<br \/>\n<strong>\u00bb<\/strong>\u00a0prostok\u0105tny zbiornik;<br \/>\n<strong>\u00bb<\/strong>\u00a0mo\u017cliwo\u015b\u0107 wykonania z grubszego metalu.<\/td>\n<\/tr>\n<\/tbody>\n<\/table>\n","protected":false},"excerpt":{"rendered":"<p>Zbiornik na ciep\u0142\u0105 wod\u0119 jest produkowany w jednym rozmiarze: Standardowe parametry produktu: Opcje dodatkowe: \u00bb\u00a0\u015brednica 30 cm, pojemno\u015b\u0107 25 litr\u00f3w;<\/p>\n","protected":false},"featured_media":47702,"template":"","meta":{"_lmt_disableupdate":"","_lmt_disable":""},"product_brand":[],"product_cat":[974,1084],"product_tag":[],"class_list":{"0":"post-42389","1":"product","2":"type-product","3":"status-publish","4":"has-post-thumbnail","6":"product_cat-zbiorniki-wodne-innego-przeznaczenia","7":"product_cat-otwarty-kociol-wodny-wokol-komina","9":"first","10":"instock","11":"shipping-taxable","12":"product-type-simple"},"yoast_head":"<!-- This site is optimized with the Yoast SEO plugin v27.0 - https:\/\/yoast.com\/product\/yoast-seo-wordpress\/ -->\n<title>Zbiornik zainstalowany wok\u00f3\u0142 przewodu spalinowego - Skamet<\/title>\n<meta name=\"robots\" content=\"index, follow, max-snippet:-1, max-image-preview:large, max-video-preview:-1\" \/>\n<link rel=\"canonical\" href=\"https:\/\/www.skamet.ee\/pl\/tooted\/zbiornik-zainstalowany-wokol-przewodu-spalinowego\/\" \/>\n<meta property=\"og:locale\" content=\"pl_PL\" \/>\n<meta property=\"og:type\" content=\"article\" \/>\n<meta property=\"og:title\" content=\"Zbiornik zainstalowany wok\u00f3\u0142 przewodu spalinowego - Skamet\" \/>\n<meta property=\"og:description\" content=\"Zbiornik na ciep\u0142\u0105 wod\u0119 jest produkowany w jednym rozmiarze: Standardowe parametry produktu: Opcje dodatkowe: \u00bb\u00a0\u015brednica 30 cm, pojemno\u015b\u0107 25 litr\u00f3w;\" \/>\n<meta property=\"og:url\" content=\"https:\/\/www.skamet.ee\/pl\/tooted\/zbiornik-zainstalowany-wokol-przewodu-spalinowego\/\" \/>\n<meta property=\"og:site_name\" content=\"Skamet\" \/>\n<meta property=\"og:image\" content=\"https:\/\/www.skamet.ee\/wp-content\/uploads\/2021\/04\/BOT-25_Valge-scaled.jpg\" \/>\n\t<meta property=\"og:image:width\" content=\"1708\" \/>\n\t<meta property=\"og:image:height\" content=\"2560\" \/>\n\t<meta property=\"og:image:type\" content=\"image\/jpeg\" \/>\n<meta name=\"twitter:card\" content=\"summary_large_image\" \/>\n<script type=\"application\/ld+json\" class=\"yoast-schema-graph\">{\"@context\":\"https:\/\/schema.org\",\"@graph\":[{\"@type\":\"WebPage\",\"@id\":\"https:\/\/www.skamet.ee\/pl\/tooted\/zbiornik-zainstalowany-wokol-przewodu-spalinowego\/\",\"url\":\"https:\/\/www.skamet.ee\/pl\/tooted\/zbiornik-zainstalowany-wokol-przewodu-spalinowego\/\",\"name\":\"Zbiornik zainstalowany wok\u00f3\u0142 przewodu spalinowego - Skamet\",\"isPartOf\":{\"@id\":\"https:\/\/www.skamet.ee\/#website\"},\"primaryImageOfPage\":{\"@id\":\"https:\/\/www.skamet.ee\/pl\/tooted\/zbiornik-zainstalowany-wokol-przewodu-spalinowego\/#primaryimage\"},\"image\":{\"@id\":\"https:\/\/www.skamet.ee\/pl\/tooted\/zbiornik-zainstalowany-wokol-przewodu-spalinowego\/#primaryimage\"},\"thumbnailUrl\":\"https:\/\/www.skamet.ee\/wp-content\/uploads\/2021\/04\/BOT-25_Valge-scaled.jpg\",\"datePublished\":\"2021-05-25T05:18:10+00:00\",\"breadcrumb\":{\"@id\":\"https:\/\/www.skamet.ee\/pl\/tooted\/zbiornik-zainstalowany-wokol-przewodu-spalinowego\/#breadcrumb\"},\"inLanguage\":\"pl-PL\",\"potentialAction\":[{\"@type\":\"ReadAction\",\"target\":[\"https:\/\/www.skamet.ee\/pl\/tooted\/zbiornik-zainstalowany-wokol-przewodu-spalinowego\/\"]}]},{\"@type\":\"ImageObject\",\"inLanguage\":\"pl-PL\",\"@id\":\"https:\/\/www.skamet.ee\/pl\/tooted\/zbiornik-zainstalowany-wokol-przewodu-spalinowego\/#primaryimage\",\"url\":\"https:\/\/www.skamet.ee\/wp-content\/uploads\/2021\/04\/BOT-25_Valge-scaled.jpg\",\"contentUrl\":\"https:\/\/www.skamet.ee\/wp-content\/uploads\/2021\/04\/BOT-25_Valge-scaled.jpg\",\"width\":1708,\"height\":2560,\"caption\":\"BOT 25 Valge scaled\"},{\"@type\":\"BreadcrumbList\",\"@id\":\"https:\/\/www.skamet.ee\/pl\/tooted\/zbiornik-zainstalowany-wokol-przewodu-spalinowego\/#breadcrumb\",\"itemListElement\":[{\"@type\":\"ListItem\",\"position\":1,\"name\":\"Home\",\"item\":\"https:\/\/www.skamet.ee\/\"},{\"@type\":\"ListItem\",\"position\":2,\"name\":\"Produkty\",\"item\":\"https:\/\/www.skamet.ee\/pl\/sklep\/\"},{\"@type\":\"ListItem\",\"position\":3,\"name\":\"Zbiornik zainstalowany wok\u00f3\u0142 przewodu spalinowego\"}]},{\"@type\":\"WebSite\",\"@id\":\"https:\/\/www.skamet.ee\/#website\",\"url\":\"https:\/\/www.skamet.ee\/\",\"name\":\"Skamet O\u00dc\",\"description\":\"Efektiivsed puuk\u00fcttega saunaahjud Eesti tootjalt\",\"publisher\":{\"@id\":\"https:\/\/www.skamet.ee\/#organization\"},\"potentialAction\":[{\"@type\":\"SearchAction\",\"target\":{\"@type\":\"EntryPoint\",\"urlTemplate\":\"https:\/\/www.skamet.ee\/?s={search_term_string}\"},\"query-input\":{\"@type\":\"PropertyValueSpecification\",\"valueRequired\":true,\"valueName\":\"search_term_string\"}}],\"inLanguage\":\"pl-PL\"},{\"@type\":\"Organization\",\"@id\":\"https:\/\/www.skamet.ee\/#organization\",\"name\":\"Skamet\",\"url\":\"https:\/\/www.skamet.ee\/\",\"logo\":{\"@type\":\"ImageObject\",\"inLanguage\":\"pl-PL\",\"@id\":\"https:\/\/www.skamet.ee\/#\/schema\/logo\/image\/\",\"url\":\"https:\/\/www.skamet.ee\/wp-content\/uploads\/2024\/02\/logo-pl.jpg\",\"contentUrl\":\"https:\/\/www.skamet.ee\/wp-content\/uploads\/2024\/02\/logo-pl.jpg\",\"width\":300,\"height\":127,\"caption\":\"Skamet\"},\"image\":{\"@id\":\"https:\/\/www.skamet.ee\/#\/schema\/logo\/image\/\"}}]}<\/script>\n<!-- \/ Yoast SEO plugin. -->","yoast_head_json":{"title":"Zbiornik zainstalowany wok\u00f3\u0142 przewodu spalinowego - Skamet","robots":{"index":"index","follow":"follow","max-snippet":"max-snippet:-1","max-image-preview":"max-image-preview:large","max-video-preview":"max-video-preview:-1"},"canonical":"https:\/\/www.skamet.ee\/pl\/tooted\/zbiornik-zainstalowany-wokol-przewodu-spalinowego\/","og_locale":"pl_PL","og_type":"article","og_title":"Zbiornik zainstalowany wok\u00f3\u0142 przewodu spalinowego - Skamet","og_description":"Zbiornik na ciep\u0142\u0105 wod\u0119 jest produkowany w jednym rozmiarze: Standardowe parametry produktu: Opcje dodatkowe: \u00bb\u00a0\u015brednica 30 cm, pojemno\u015b\u0107 25 litr\u00f3w;","og_url":"https:\/\/www.skamet.ee\/pl\/tooted\/zbiornik-zainstalowany-wokol-przewodu-spalinowego\/","og_site_name":"Skamet","og_image":[{"width":1708,"height":2560,"url":"https:\/\/www.skamet.ee\/wp-content\/uploads\/2021\/04\/BOT-25_Valge-scaled.jpg","type":"image\/jpeg"}],"twitter_card":"summary_large_image","schema":{"@context":"https:\/\/schema.org","@graph":[{"@type":"WebPage","@id":"https:\/\/www.skamet.ee\/pl\/tooted\/zbiornik-zainstalowany-wokol-przewodu-spalinowego\/","url":"https:\/\/www.skamet.ee\/pl\/tooted\/zbiornik-zainstalowany-wokol-przewodu-spalinowego\/","name":"Zbiornik zainstalowany wok\u00f3\u0142 przewodu spalinowego - Skamet","isPartOf":{"@id":"https:\/\/www.skamet.ee\/#website"},"primaryImageOfPage":{"@id":"https:\/\/www.skamet.ee\/pl\/tooted\/zbiornik-zainstalowany-wokol-przewodu-spalinowego\/#primaryimage"},"image":{"@id":"https:\/\/www.skamet.ee\/pl\/tooted\/zbiornik-zainstalowany-wokol-przewodu-spalinowego\/#primaryimage"},"thumbnailUrl":"https:\/\/www.skamet.ee\/wp-content\/uploads\/2021\/04\/BOT-25_Valge-scaled.jpg","datePublished":"2021-05-25T05:18:10+00:00","breadcrumb":{"@id":"https:\/\/www.skamet.ee\/pl\/tooted\/zbiornik-zainstalowany-wokol-przewodu-spalinowego\/#breadcrumb"},"inLanguage":"pl-PL","potentialAction":[{"@type":"ReadAction","target":["https:\/\/www.skamet.ee\/pl\/tooted\/zbiornik-zainstalowany-wokol-przewodu-spalinowego\/"]}]},{"@type":"ImageObject","inLanguage":"pl-PL","@id":"https:\/\/www.skamet.ee\/pl\/tooted\/zbiornik-zainstalowany-wokol-przewodu-spalinowego\/#primaryimage","url":"https:\/\/www.skamet.ee\/wp-content\/uploads\/2021\/04\/BOT-25_Valge-scaled.jpg","contentUrl":"https:\/\/www.skamet.ee\/wp-content\/uploads\/2021\/04\/BOT-25_Valge-scaled.jpg","width":1708,"height":2560,"caption":"BOT 25 Valge scaled"},{"@type":"BreadcrumbList","@id":"https:\/\/www.skamet.ee\/pl\/tooted\/zbiornik-zainstalowany-wokol-przewodu-spalinowego\/#breadcrumb","itemListElement":[{"@type":"ListItem","position":1,"name":"Home","item":"https:\/\/www.skamet.ee\/"},{"@type":"ListItem","position":2,"name":"Produkty","item":"https:\/\/www.skamet.ee\/pl\/sklep\/"},{"@type":"ListItem","position":3,"name":"Zbiornik zainstalowany wok\u00f3\u0142 przewodu spalinowego"}]},{"@type":"WebSite","@id":"https:\/\/www.skamet.ee\/#website","url":"https:\/\/www.skamet.ee\/","name":"Skamet O\u00dc","description":"Efektiivsed puuk\u00fcttega saunaahjud Eesti tootjalt","publisher":{"@id":"https:\/\/www.skamet.ee\/#organization"},"potentialAction":[{"@type":"SearchAction","target":{"@type":"EntryPoint","urlTemplate":"https:\/\/www.skamet.ee\/?s={search_term_string}"},"query-input":{"@type":"PropertyValueSpecification","valueRequired":true,"valueName":"search_term_string"}}],"inLanguage":"pl-PL"},{"@type":"Organization","@id":"https:\/\/www.skamet.ee\/#organization","name":"Skamet","url":"https:\/\/www.skamet.ee\/","logo":{"@type":"ImageObject","inLanguage":"pl-PL","@id":"https:\/\/www.skamet.ee\/#\/schema\/logo\/image\/","url":"https:\/\/www.skamet.ee\/wp-content\/uploads\/2024\/02\/logo-pl.jpg","contentUrl":"https:\/\/www.skamet.ee\/wp-content\/uploads\/2024\/02\/logo-pl.jpg","width":300,"height":127,"caption":"Skamet"},"image":{"@id":"https:\/\/www.skamet.ee\/#\/schema\/logo\/image\/"}}]}},"_links":{"self":[{"href":"https:\/\/www.skamet.ee\/pl\/wp-json\/wp\/v2\/product\/42389","targetHints":{"allow":["GET"]}}],"collection":[{"href":"https:\/\/www.skamet.ee\/pl\/wp-json\/wp\/v2\/product"}],"about":[{"href":"https:\/\/www.skamet.ee\/pl\/wp-json\/wp\/v2\/types\/product"}],"version-history":[{"count":0,"href":"https:\/\/www.skamet.ee\/pl\/wp-json\/wp\/v2\/product\/42389\/revisions"}],"wp:featuredmedia":[{"embeddable":true,"href":"https:\/\/www.skamet.ee\/pl\/wp-json\/wp\/v2\/media\/47702"}],"wp:attachment":[{"href":"https:\/\/www.skamet.ee\/pl\/wp-json\/wp\/v2\/media?parent=42389"}],"wp:term":[{"taxonomy":"product_brand","embeddable":true,"href":"https:\/\/www.skamet.ee\/pl\/wp-json\/wp\/v2\/product_brand?post=42389"},{"taxonomy":"product_cat","embeddable":true,"href":"https:\/\/www.skamet.ee\/pl\/wp-json\/wp\/v2\/product_cat?post=42389"},{"taxonomy":"product_tag","embeddable":true,"href":"https:\/\/www.skamet.ee\/pl\/wp-json\/wp\/v2\/product_tag?post=42389"}],"curies":[{"name":"wp","href":"https:\/\/api.w.org\/{rel}","templated":true}]}}