{"id":42419,"date":"2021-04-05T15:06:13","date_gmt":"2021-04-05T12:06:13","guid":{"rendered":"https:\/\/uus.skamet.ee\/tooted\/bez-kategorii\/piece-w-okraglej-oslonie-siatkowej\/"},"modified":"2022-03-23T15:14:10","modified_gmt":"2022-03-23T13:14:10","slug":"piece-w-okraglej-oslonie-siatkowej","status":"publish","type":"product","link":"https:\/\/www.skamet.ee\/pl\/tooted\/piece-w-okraglej-oslonie-siatkowej\/","title":{"rendered":"Piece w okr\u0105g\u0142ej os\u0142onie siatkowej"},"content":{"rendered":"<p><strong>Piece do sauny s\u0105 wykonywane w dw\u00f3ch rozmiarach:<br \/>\n<\/strong><br \/>\nMa\u0142e urz\u0105dzenie grzewcze (<strong>model SY-216)<\/strong>, ogrzewaj\u0105ce powierzchni\u0119 8 -18 m\u00b3; wysoko\u015b\u0107 pieca 81 \u0441m.\u00a0Ilosc kamieni 140 kg.<br \/>\nDu\u017ce urz\u0105dzenie grzewcze (<strong>model SY-220)<\/strong>, ogrzewaj\u0105ce powierzchni\u0119 16-25 m\u00b3; wysoko\u015b\u0107 pieca 86 \u0441m.\u00a0Ilosc kamieni 110 kg.<br \/>\nWszystkie wymiary znajduj\u0105 si\u0119 w podr\u0119cznikach u\u017cytkownika<\/p>\n<table border=\"0\">\n<tbody>\n<tr>\n<td><strong><b>Standardowe parametry produkt\u00f3w:<\/b><br \/>\n<\/strong>\u00bb \u00a0ze szklanymi drzwiczkami lub bez (230 x 230 mm);<br \/>\n\u00bb \u00a0g\u00f3rne po\u0142\u0105czenie do przewodu kominowego;<br \/>\n\u00bb \u00a0zawiasy drzwiczek po lewej stronie;<br \/>\n\u00bb \u00a0z mo\u017cliwo\u015bci\u0105 pod\u0142\u0105czenia do zbiornika wodnego (pod\u0142\u0105czenie z ty\u0142u, z lewej strony lub z prawej strony) lub bez.<\/td>\n<td><strong><b>Dodatkowe opcje:<\/b><\/strong><br \/>\n\u00bb \u00a0klamka ze stali nierdzewnej (taka jak uchwyt do drzwiczek kominka);<br \/>\n\u00bb \u00a0odwrotny model pieca;<br \/>\n\u00bb \u00a0zawiasy drzwiowe po prawej stronie;<br \/>\n\u00bb \u00a0wi\u0119cej opcji znajdziesz tutaj<\/td>\n<\/tr>\n<\/tbody>\n<\/table>\n<p>&nbsp;<\/p>\n<p>&nbsp;<\/p>\n","protected":false},"excerpt":{"rendered":"<p>Piece do sauny s\u0105 wykonywane w dw\u00f3ch rozmiarach: Ma\u0142e urz\u0105dzenie grzewcze (model SY-216), ogrzewaj\u0105ce powierzchni\u0119 8 -18 m\u00b3; wysoko\u015b\u0107 pieca<\/p>\n","protected":false},"featured_media":40674,"template":"","meta":{"_lmt_disableupdate":"","_lmt_disable":""},"product_brand":[],"product_cat":[388],"product_tag":[],"class_list":{"0":"post-42419","1":"product","2":"type-product","3":"status-publish","4":"has-post-thumbnail","6":"product_cat-piece-opalane-z-zewnatrz-sauny","8":"first","9":"instock","10":"shipping-taxable","11":"product-type-simple"},"yoast_head":"<!-- This site is optimized with the Yoast SEO plugin v27.0 - https:\/\/yoast.com\/product\/yoast-seo-wordpress\/ -->\n<title>Piece w okr\u0105g\u0142ej os\u0142onie siatkowej - Skamet<\/title>\n<meta name=\"robots\" content=\"index, follow, max-snippet:-1, max-image-preview:large, max-video-preview:-1\" \/>\n<link rel=\"canonical\" href=\"https:\/\/www.skamet.ee\/pl\/tooted\/piece-w-okraglej-oslonie-siatkowej\/\" \/>\n<meta property=\"og:locale\" content=\"pl_PL\" \/>\n<meta property=\"og:type\" content=\"article\" \/>\n<meta property=\"og:title\" content=\"Piece w okr\u0105g\u0142ej os\u0142onie siatkowej - Skamet\" \/>\n<meta property=\"og:description\" content=\"Piece do sauny s\u0105 wykonywane w dw\u00f3ch rozmiarach: Ma\u0142e urz\u0105dzenie grzewcze (model SY-216), ogrzewaj\u0105ce powierzchni\u0119 8 -18 m\u00b3; wysoko\u015b\u0107 pieca\" \/>\n<meta property=\"og:url\" content=\"https:\/\/www.skamet.ee\/pl\/tooted\/piece-w-okraglej-oslonie-siatkowej\/\" \/>\n<meta property=\"og:site_name\" content=\"Skamet\" \/>\n<meta property=\"article:modified_time\" content=\"2022-03-23T13:14:10+00:00\" \/>\n<meta property=\"og:image\" content=\"https:\/\/www.skamet.ee\/wp-content\/uploads\/2021\/04\/umar-vorkkorpus-teisest-ruumist.jpg\" \/>\n\t<meta property=\"og:image:width\" content=\"1000\" \/>\n\t<meta property=\"og:image:height\" content=\"1000\" \/>\n\t<meta property=\"og:image:type\" content=\"image\/jpeg\" \/>\n<meta name=\"twitter:card\" content=\"summary_large_image\" \/>\n<meta name=\"twitter:label1\" content=\"Szacowany czas czytania\" \/>\n\t<meta name=\"twitter:data1\" content=\"1 minuta\" \/>\n<script type=\"application\/ld+json\" class=\"yoast-schema-graph\">{\"@context\":\"https:\/\/schema.org\",\"@graph\":[{\"@type\":\"WebPage\",\"@id\":\"https:\/\/www.skamet.ee\/pl\/tooted\/piece-w-okraglej-oslonie-siatkowej\/\",\"url\":\"https:\/\/www.skamet.ee\/pl\/tooted\/piece-w-okraglej-oslonie-siatkowej\/\",\"name\":\"Piece w okr\u0105g\u0142ej os\u0142onie siatkowej - Skamet\",\"isPartOf\":{\"@id\":\"https:\/\/www.skamet.ee\/#website\"},\"primaryImageOfPage\":{\"@id\":\"https:\/\/www.skamet.ee\/pl\/tooted\/piece-w-okraglej-oslonie-siatkowej\/#primaryimage\"},\"image\":{\"@id\":\"https:\/\/www.skamet.ee\/pl\/tooted\/piece-w-okraglej-oslonie-siatkowej\/#primaryimage\"},\"thumbnailUrl\":\"https:\/\/www.skamet.ee\/wp-content\/uploads\/2021\/04\/umar-vorkkorpus-teisest-ruumist.jpg\",\"datePublished\":\"2021-04-05T12:06:13+00:00\",\"dateModified\":\"2022-03-23T13:14:10+00:00\",\"breadcrumb\":{\"@id\":\"https:\/\/www.skamet.ee\/pl\/tooted\/piece-w-okraglej-oslonie-siatkowej\/#breadcrumb\"},\"inLanguage\":\"pl-PL\",\"potentialAction\":[{\"@type\":\"ReadAction\",\"target\":[\"https:\/\/www.skamet.ee\/pl\/tooted\/piece-w-okraglej-oslonie-siatkowej\/\"]}]},{\"@type\":\"ImageObject\",\"inLanguage\":\"pl-PL\",\"@id\":\"https:\/\/www.skamet.ee\/pl\/tooted\/piece-w-okraglej-oslonie-siatkowej\/#primaryimage\",\"url\":\"https:\/\/www.skamet.ee\/wp-content\/uploads\/2021\/04\/umar-vorkkorpus-teisest-ruumist.jpg\",\"contentUrl\":\"https:\/\/www.skamet.ee\/wp-content\/uploads\/2021\/04\/umar-vorkkorpus-teisest-ruumist.jpg\",\"width\":1000,\"height\":1000,\"caption\":\"umar vorkkorpus teisest ruumist\"},{\"@type\":\"BreadcrumbList\",\"@id\":\"https:\/\/www.skamet.ee\/pl\/tooted\/piece-w-okraglej-oslonie-siatkowej\/#breadcrumb\",\"itemListElement\":[{\"@type\":\"ListItem\",\"position\":1,\"name\":\"Home\",\"item\":\"https:\/\/www.skamet.ee\/\"},{\"@type\":\"ListItem\",\"position\":2,\"name\":\"Produkty\",\"item\":\"https:\/\/www.skamet.ee\/pl\/sklep\/\"},{\"@type\":\"ListItem\",\"position\":3,\"name\":\"Piece w okr\u0105g\u0142ej os\u0142onie siatkowej\"}]},{\"@type\":\"WebSite\",\"@id\":\"https:\/\/www.skamet.ee\/#website\",\"url\":\"https:\/\/www.skamet.ee\/\",\"name\":\"Skamet O\u00dc\",\"description\":\"Efektiivsed puuk\u00fcttega saunaahjud Eesti tootjalt\",\"publisher\":{\"@id\":\"https:\/\/www.skamet.ee\/#organization\"},\"potentialAction\":[{\"@type\":\"SearchAction\",\"target\":{\"@type\":\"EntryPoint\",\"urlTemplate\":\"https:\/\/www.skamet.ee\/?s={search_term_string}\"},\"query-input\":{\"@type\":\"PropertyValueSpecification\",\"valueRequired\":true,\"valueName\":\"search_term_string\"}}],\"inLanguage\":\"pl-PL\"},{\"@type\":\"Organization\",\"@id\":\"https:\/\/www.skamet.ee\/#organization\",\"name\":\"Skamet\",\"url\":\"https:\/\/www.skamet.ee\/\",\"logo\":{\"@type\":\"ImageObject\",\"inLanguage\":\"pl-PL\",\"@id\":\"https:\/\/www.skamet.ee\/#\/schema\/logo\/image\/\",\"url\":\"https:\/\/www.skamet.ee\/wp-content\/uploads\/2024\/02\/logo-pl.jpg\",\"contentUrl\":\"https:\/\/www.skamet.ee\/wp-content\/uploads\/2024\/02\/logo-pl.jpg\",\"width\":300,\"height\":127,\"caption\":\"Skamet\"},\"image\":{\"@id\":\"https:\/\/www.skamet.ee\/#\/schema\/logo\/image\/\"}}]}<\/script>\n<!-- \/ Yoast SEO plugin. -->","yoast_head_json":{"title":"Piece w okr\u0105g\u0142ej os\u0142onie siatkowej - Skamet","robots":{"index":"index","follow":"follow","max-snippet":"max-snippet:-1","max-image-preview":"max-image-preview:large","max-video-preview":"max-video-preview:-1"},"canonical":"https:\/\/www.skamet.ee\/pl\/tooted\/piece-w-okraglej-oslonie-siatkowej\/","og_locale":"pl_PL","og_type":"article","og_title":"Piece w okr\u0105g\u0142ej os\u0142onie siatkowej - Skamet","og_description":"Piece do sauny s\u0105 wykonywane w dw\u00f3ch rozmiarach: Ma\u0142e urz\u0105dzenie grzewcze (model SY-216), ogrzewaj\u0105ce powierzchni\u0119 8 -18 m\u00b3; wysoko\u015b\u0107 pieca","og_url":"https:\/\/www.skamet.ee\/pl\/tooted\/piece-w-okraglej-oslonie-siatkowej\/","og_site_name":"Skamet","article_modified_time":"2022-03-23T13:14:10+00:00","og_image":[{"width":1000,"height":1000,"url":"https:\/\/www.skamet.ee\/wp-content\/uploads\/2021\/04\/umar-vorkkorpus-teisest-ruumist.jpg","type":"image\/jpeg"}],"twitter_card":"summary_large_image","twitter_misc":{"Szacowany czas czytania":"1 minuta"},"schema":{"@context":"https:\/\/schema.org","@graph":[{"@type":"WebPage","@id":"https:\/\/www.skamet.ee\/pl\/tooted\/piece-w-okraglej-oslonie-siatkowej\/","url":"https:\/\/www.skamet.ee\/pl\/tooted\/piece-w-okraglej-oslonie-siatkowej\/","name":"Piece w okr\u0105g\u0142ej os\u0142onie siatkowej - Skamet","isPartOf":{"@id":"https:\/\/www.skamet.ee\/#website"},"primaryImageOfPage":{"@id":"https:\/\/www.skamet.ee\/pl\/tooted\/piece-w-okraglej-oslonie-siatkowej\/#primaryimage"},"image":{"@id":"https:\/\/www.skamet.ee\/pl\/tooted\/piece-w-okraglej-oslonie-siatkowej\/#primaryimage"},"thumbnailUrl":"https:\/\/www.skamet.ee\/wp-content\/uploads\/2021\/04\/umar-vorkkorpus-teisest-ruumist.jpg","datePublished":"2021-04-05T12:06:13+00:00","dateModified":"2022-03-23T13:14:10+00:00","breadcrumb":{"@id":"https:\/\/www.skamet.ee\/pl\/tooted\/piece-w-okraglej-oslonie-siatkowej\/#breadcrumb"},"inLanguage":"pl-PL","potentialAction":[{"@type":"ReadAction","target":["https:\/\/www.skamet.ee\/pl\/tooted\/piece-w-okraglej-oslonie-siatkowej\/"]}]},{"@type":"ImageObject","inLanguage":"pl-PL","@id":"https:\/\/www.skamet.ee\/pl\/tooted\/piece-w-okraglej-oslonie-siatkowej\/#primaryimage","url":"https:\/\/www.skamet.ee\/wp-content\/uploads\/2021\/04\/umar-vorkkorpus-teisest-ruumist.jpg","contentUrl":"https:\/\/www.skamet.ee\/wp-content\/uploads\/2021\/04\/umar-vorkkorpus-teisest-ruumist.jpg","width":1000,"height":1000,"caption":"umar vorkkorpus teisest ruumist"},{"@type":"BreadcrumbList","@id":"https:\/\/www.skamet.ee\/pl\/tooted\/piece-w-okraglej-oslonie-siatkowej\/#breadcrumb","itemListElement":[{"@type":"ListItem","position":1,"name":"Home","item":"https:\/\/www.skamet.ee\/"},{"@type":"ListItem","position":2,"name":"Produkty","item":"https:\/\/www.skamet.ee\/pl\/sklep\/"},{"@type":"ListItem","position":3,"name":"Piece w okr\u0105g\u0142ej os\u0142onie siatkowej"}]},{"@type":"WebSite","@id":"https:\/\/www.skamet.ee\/#website","url":"https:\/\/www.skamet.ee\/","name":"Skamet O\u00dc","description":"Efektiivsed puuk\u00fcttega saunaahjud Eesti tootjalt","publisher":{"@id":"https:\/\/www.skamet.ee\/#organization"},"potentialAction":[{"@type":"SearchAction","target":{"@type":"EntryPoint","urlTemplate":"https:\/\/www.skamet.ee\/?s={search_term_string}"},"query-input":{"@type":"PropertyValueSpecification","valueRequired":true,"valueName":"search_term_string"}}],"inLanguage":"pl-PL"},{"@type":"Organization","@id":"https:\/\/www.skamet.ee\/#organization","name":"Skamet","url":"https:\/\/www.skamet.ee\/","logo":{"@type":"ImageObject","inLanguage":"pl-PL","@id":"https:\/\/www.skamet.ee\/#\/schema\/logo\/image\/","url":"https:\/\/www.skamet.ee\/wp-content\/uploads\/2024\/02\/logo-pl.jpg","contentUrl":"https:\/\/www.skamet.ee\/wp-content\/uploads\/2024\/02\/logo-pl.jpg","width":300,"height":127,"caption":"Skamet"},"image":{"@id":"https:\/\/www.skamet.ee\/#\/schema\/logo\/image\/"}}]}},"_links":{"self":[{"href":"https:\/\/www.skamet.ee\/pl\/wp-json\/wp\/v2\/product\/42419","targetHints":{"allow":["GET"]}}],"collection":[{"href":"https:\/\/www.skamet.ee\/pl\/wp-json\/wp\/v2\/product"}],"about":[{"href":"https:\/\/www.skamet.ee\/pl\/wp-json\/wp\/v2\/types\/product"}],"version-history":[{"count":1,"href":"https:\/\/www.skamet.ee\/pl\/wp-json\/wp\/v2\/product\/42419\/revisions"}],"predecessor-version":[{"id":43066,"href":"https:\/\/www.skamet.ee\/pl\/wp-json\/wp\/v2\/product\/42419\/revisions\/43066"}],"wp:featuredmedia":[{"embeddable":true,"href":"https:\/\/www.skamet.ee\/pl\/wp-json\/wp\/v2\/media\/40674"}],"wp:attachment":[{"href":"https:\/\/www.skamet.ee\/pl\/wp-json\/wp\/v2\/media?parent=42419"}],"wp:term":[{"taxonomy":"product_brand","embeddable":true,"href":"https:\/\/www.skamet.ee\/pl\/wp-json\/wp\/v2\/product_brand?post=42419"},{"taxonomy":"product_cat","embeddable":true,"href":"https:\/\/www.skamet.ee\/pl\/wp-json\/wp\/v2\/product_cat?post=42419"},{"taxonomy":"product_tag","embeddable":true,"href":"https:\/\/www.skamet.ee\/pl\/wp-json\/wp\/v2\/product_tag?post=42419"}],"curies":[{"name":"wp","href":"https:\/\/api.w.org\/{rel}","templated":true}]}}