{"id":42446,"date":"2021-03-26T14:52:17","date_gmt":"2021-03-26T12:52:17","guid":{"rendered":"https:\/\/uus.skamet.ee\/tooted\/bez-kategorii\/kieszen-na-wode\/"},"modified":"2022-03-23T15:19:25","modified_gmt":"2022-03-23T13:19:25","slug":"kieszen-na-wode","status":"publish","type":"product","link":"https:\/\/www.skamet.ee\/pl\/tooted\/kieszen-na-wode\/","title":{"rendered":"Kiesze\u0144 na wod\u0119"},"content":{"rendered":"<p>Wszystkie piece do sauny z sieci\u0105 Skamet (seria S) maj\u0105 mo\u017cliwo\u015b\u0107 zastosowania wyjmowanej kieszeni na wod\u0119. Je\u015bli wcze\u015bniej kieszenie wodne by\u0142y przyspawane do piekarnika, teraz piekarnik mo\u017cna zmieni\u0107 zgodnie z \u017cyczeniem, wyjmuj\u0105c wod\u0119. Po obu stronach iz ty\u0142u piekarnika znajduj\u0105 si\u0119 punkty mocowania, do kt\u00f3rych \u0142atwo mo\u017cna przymocowa\u0107 kiesze\u0144 na wod\u0119.<\/p>\n","protected":false},"excerpt":{"rendered":"<p>Wszystkie piece do sauny z sieci\u0105 Skamet (seria S) maj\u0105 mo\u017cliwo\u015b\u0107 zastosowania wyjmowanej kieszeni na wod\u0119. Je\u015bli wcze\u015bniej kieszenie wodne<\/p>\n","protected":false},"featured_media":42820,"template":"","meta":{"_lmt_disableupdate":"","_lmt_disable":""},"product_brand":[],"product_cat":[1073],"product_tag":[],"class_list":{"0":"post-42446","1":"product","2":"type-product","3":"status-publish","4":"has-post-thumbnail","6":"product_cat-dodatkowe-akcesoria-do-piecow-do-sauny","8":"first","9":"instock","10":"shipping-taxable","11":"product-type-simple"},"yoast_head":"<!-- This site is optimized with the Yoast SEO plugin v27.0 - https:\/\/yoast.com\/product\/yoast-seo-wordpress\/ -->\n<title>Kiesze\u0144 na wod\u0119 - Skamet<\/title>\n<meta name=\"robots\" content=\"index, follow, max-snippet:-1, max-image-preview:large, max-video-preview:-1\" \/>\n<link rel=\"canonical\" href=\"https:\/\/www.skamet.ee\/pl\/tooted\/kieszen-na-wode\/\" \/>\n<meta property=\"og:locale\" content=\"pl_PL\" \/>\n<meta property=\"og:type\" content=\"article\" \/>\n<meta property=\"og:title\" content=\"Kiesze\u0144 na wod\u0119 - Skamet\" \/>\n<meta property=\"og:description\" content=\"Wszystkie piece do sauny z sieci\u0105 Skamet (seria S) maj\u0105 mo\u017cliwo\u015b\u0107 zastosowania wyjmowanej kieszeni na wod\u0119. Je\u015bli wcze\u015bniej kieszenie wodne\" \/>\n<meta property=\"og:url\" content=\"https:\/\/www.skamet.ee\/pl\/tooted\/kieszen-na-wode\/\" \/>\n<meta property=\"og:site_name\" content=\"Skamet\" \/>\n<meta property=\"article:modified_time\" content=\"2022-03-23T13:19:25+00:00\" \/>\n<meta property=\"og:image\" content=\"https:\/\/www.skamet.ee\/wp-content\/uploads\/2021\/03\/VT-2.png\" \/>\n\t<meta property=\"og:image:width\" content=\"513\" \/>\n\t<meta property=\"og:image:height\" content=\"487\" \/>\n\t<meta property=\"og:image:type\" content=\"image\/png\" \/>\n<meta name=\"twitter:card\" content=\"summary_large_image\" \/>\n<script type=\"application\/ld+json\" class=\"yoast-schema-graph\">{\"@context\":\"https:\/\/schema.org\",\"@graph\":[{\"@type\":\"WebPage\",\"@id\":\"https:\/\/www.skamet.ee\/pl\/tooted\/kieszen-na-wode\/\",\"url\":\"https:\/\/www.skamet.ee\/pl\/tooted\/kieszen-na-wode\/\",\"name\":\"Kiesze\u0144 na wod\u0119 - Skamet\",\"isPartOf\":{\"@id\":\"https:\/\/www.skamet.ee\/#website\"},\"primaryImageOfPage\":{\"@id\":\"https:\/\/www.skamet.ee\/pl\/tooted\/kieszen-na-wode\/#primaryimage\"},\"image\":{\"@id\":\"https:\/\/www.skamet.ee\/pl\/tooted\/kieszen-na-wode\/#primaryimage\"},\"thumbnailUrl\":\"https:\/\/www.skamet.ee\/wp-content\/uploads\/2021\/03\/VT-2.png\",\"datePublished\":\"2021-03-26T12:52:17+00:00\",\"dateModified\":\"2022-03-23T13:19:25+00:00\",\"breadcrumb\":{\"@id\":\"https:\/\/www.skamet.ee\/pl\/tooted\/kieszen-na-wode\/#breadcrumb\"},\"inLanguage\":\"pl-PL\",\"potentialAction\":[{\"@type\":\"ReadAction\",\"target\":[\"https:\/\/www.skamet.ee\/pl\/tooted\/kieszen-na-wode\/\"]}]},{\"@type\":\"ImageObject\",\"inLanguage\":\"pl-PL\",\"@id\":\"https:\/\/www.skamet.ee\/pl\/tooted\/kieszen-na-wode\/#primaryimage\",\"url\":\"https:\/\/www.skamet.ee\/wp-content\/uploads\/2021\/03\/VT-2.png\",\"contentUrl\":\"https:\/\/www.skamet.ee\/wp-content\/uploads\/2021\/03\/VT-2.png\",\"width\":513,\"height\":487,\"caption\":\"VT 2\"},{\"@type\":\"BreadcrumbList\",\"@id\":\"https:\/\/www.skamet.ee\/pl\/tooted\/kieszen-na-wode\/#breadcrumb\",\"itemListElement\":[{\"@type\":\"ListItem\",\"position\":1,\"name\":\"Home\",\"item\":\"https:\/\/www.skamet.ee\/\"},{\"@type\":\"ListItem\",\"position\":2,\"name\":\"Produkty\",\"item\":\"https:\/\/www.skamet.ee\/pl\/sklep\/\"},{\"@type\":\"ListItem\",\"position\":3,\"name\":\"Kiesze\u0144 na wod\u0119\"}]},{\"@type\":\"WebSite\",\"@id\":\"https:\/\/www.skamet.ee\/#website\",\"url\":\"https:\/\/www.skamet.ee\/\",\"name\":\"Skamet O\u00dc\",\"description\":\"Efektiivsed puuk\u00fcttega saunaahjud Eesti tootjalt\",\"publisher\":{\"@id\":\"https:\/\/www.skamet.ee\/#organization\"},\"potentialAction\":[{\"@type\":\"SearchAction\",\"target\":{\"@type\":\"EntryPoint\",\"urlTemplate\":\"https:\/\/www.skamet.ee\/?s={search_term_string}\"},\"query-input\":{\"@type\":\"PropertyValueSpecification\",\"valueRequired\":true,\"valueName\":\"search_term_string\"}}],\"inLanguage\":\"pl-PL\"},{\"@type\":\"Organization\",\"@id\":\"https:\/\/www.skamet.ee\/#organization\",\"name\":\"Skamet\",\"url\":\"https:\/\/www.skamet.ee\/\",\"logo\":{\"@type\":\"ImageObject\",\"inLanguage\":\"pl-PL\",\"@id\":\"https:\/\/www.skamet.ee\/#\/schema\/logo\/image\/\",\"url\":\"https:\/\/www.skamet.ee\/wp-content\/uploads\/2024\/02\/logo-pl.jpg\",\"contentUrl\":\"https:\/\/www.skamet.ee\/wp-content\/uploads\/2024\/02\/logo-pl.jpg\",\"width\":300,\"height\":127,\"caption\":\"Skamet\"},\"image\":{\"@id\":\"https:\/\/www.skamet.ee\/#\/schema\/logo\/image\/\"}}]}<\/script>\n<!-- \/ Yoast SEO plugin. -->","yoast_head_json":{"title":"Kiesze\u0144 na wod\u0119 - Skamet","robots":{"index":"index","follow":"follow","max-snippet":"max-snippet:-1","max-image-preview":"max-image-preview:large","max-video-preview":"max-video-preview:-1"},"canonical":"https:\/\/www.skamet.ee\/pl\/tooted\/kieszen-na-wode\/","og_locale":"pl_PL","og_type":"article","og_title":"Kiesze\u0144 na wod\u0119 - Skamet","og_description":"Wszystkie piece do sauny z sieci\u0105 Skamet (seria S) maj\u0105 mo\u017cliwo\u015b\u0107 zastosowania wyjmowanej kieszeni na wod\u0119. Je\u015bli wcze\u015bniej kieszenie wodne","og_url":"https:\/\/www.skamet.ee\/pl\/tooted\/kieszen-na-wode\/","og_site_name":"Skamet","article_modified_time":"2022-03-23T13:19:25+00:00","og_image":[{"width":513,"height":487,"url":"https:\/\/www.skamet.ee\/wp-content\/uploads\/2021\/03\/VT-2.png","type":"image\/png"}],"twitter_card":"summary_large_image","schema":{"@context":"https:\/\/schema.org","@graph":[{"@type":"WebPage","@id":"https:\/\/www.skamet.ee\/pl\/tooted\/kieszen-na-wode\/","url":"https:\/\/www.skamet.ee\/pl\/tooted\/kieszen-na-wode\/","name":"Kiesze\u0144 na wod\u0119 - Skamet","isPartOf":{"@id":"https:\/\/www.skamet.ee\/#website"},"primaryImageOfPage":{"@id":"https:\/\/www.skamet.ee\/pl\/tooted\/kieszen-na-wode\/#primaryimage"},"image":{"@id":"https:\/\/www.skamet.ee\/pl\/tooted\/kieszen-na-wode\/#primaryimage"},"thumbnailUrl":"https:\/\/www.skamet.ee\/wp-content\/uploads\/2021\/03\/VT-2.png","datePublished":"2021-03-26T12:52:17+00:00","dateModified":"2022-03-23T13:19:25+00:00","breadcrumb":{"@id":"https:\/\/www.skamet.ee\/pl\/tooted\/kieszen-na-wode\/#breadcrumb"},"inLanguage":"pl-PL","potentialAction":[{"@type":"ReadAction","target":["https:\/\/www.skamet.ee\/pl\/tooted\/kieszen-na-wode\/"]}]},{"@type":"ImageObject","inLanguage":"pl-PL","@id":"https:\/\/www.skamet.ee\/pl\/tooted\/kieszen-na-wode\/#primaryimage","url":"https:\/\/www.skamet.ee\/wp-content\/uploads\/2021\/03\/VT-2.png","contentUrl":"https:\/\/www.skamet.ee\/wp-content\/uploads\/2021\/03\/VT-2.png","width":513,"height":487,"caption":"VT 2"},{"@type":"BreadcrumbList","@id":"https:\/\/www.skamet.ee\/pl\/tooted\/kieszen-na-wode\/#breadcrumb","itemListElement":[{"@type":"ListItem","position":1,"name":"Home","item":"https:\/\/www.skamet.ee\/"},{"@type":"ListItem","position":2,"name":"Produkty","item":"https:\/\/www.skamet.ee\/pl\/sklep\/"},{"@type":"ListItem","position":3,"name":"Kiesze\u0144 na wod\u0119"}]},{"@type":"WebSite","@id":"https:\/\/www.skamet.ee\/#website","url":"https:\/\/www.skamet.ee\/","name":"Skamet O\u00dc","description":"Efektiivsed puuk\u00fcttega saunaahjud Eesti tootjalt","publisher":{"@id":"https:\/\/www.skamet.ee\/#organization"},"potentialAction":[{"@type":"SearchAction","target":{"@type":"EntryPoint","urlTemplate":"https:\/\/www.skamet.ee\/?s={search_term_string}"},"query-input":{"@type":"PropertyValueSpecification","valueRequired":true,"valueName":"search_term_string"}}],"inLanguage":"pl-PL"},{"@type":"Organization","@id":"https:\/\/www.skamet.ee\/#organization","name":"Skamet","url":"https:\/\/www.skamet.ee\/","logo":{"@type":"ImageObject","inLanguage":"pl-PL","@id":"https:\/\/www.skamet.ee\/#\/schema\/logo\/image\/","url":"https:\/\/www.skamet.ee\/wp-content\/uploads\/2024\/02\/logo-pl.jpg","contentUrl":"https:\/\/www.skamet.ee\/wp-content\/uploads\/2024\/02\/logo-pl.jpg","width":300,"height":127,"caption":"Skamet"},"image":{"@id":"https:\/\/www.skamet.ee\/#\/schema\/logo\/image\/"}}]}},"_links":{"self":[{"href":"https:\/\/www.skamet.ee\/pl\/wp-json\/wp\/v2\/product\/42446","targetHints":{"allow":["GET"]}}],"collection":[{"href":"https:\/\/www.skamet.ee\/pl\/wp-json\/wp\/v2\/product"}],"about":[{"href":"https:\/\/www.skamet.ee\/pl\/wp-json\/wp\/v2\/types\/product"}],"version-history":[{"count":1,"href":"https:\/\/www.skamet.ee\/pl\/wp-json\/wp\/v2\/product\/42446\/revisions"}],"predecessor-version":[{"id":43069,"href":"https:\/\/www.skamet.ee\/pl\/wp-json\/wp\/v2\/product\/42446\/revisions\/43069"}],"wp:featuredmedia":[{"embeddable":true,"href":"https:\/\/www.skamet.ee\/pl\/wp-json\/wp\/v2\/media\/42820"}],"wp:attachment":[{"href":"https:\/\/www.skamet.ee\/pl\/wp-json\/wp\/v2\/media?parent=42446"}],"wp:term":[{"taxonomy":"product_brand","embeddable":true,"href":"https:\/\/www.skamet.ee\/pl\/wp-json\/wp\/v2\/product_brand?post=42446"},{"taxonomy":"product_cat","embeddable":true,"href":"https:\/\/www.skamet.ee\/pl\/wp-json\/wp\/v2\/product_cat?post=42446"},{"taxonomy":"product_tag","embeddable":true,"href":"https:\/\/www.skamet.ee\/pl\/wp-json\/wp\/v2\/product_tag?post=42446"}],"curies":[{"name":"wp","href":"https:\/\/api.w.org\/{rel}","templated":true}]}}