{"id":42480,"date":"2021-03-26T13:17:40","date_gmt":"2021-03-26T11:17:40","guid":{"rendered":"https:\/\/uus.skamet.ee\/tooted\/bez-kategorii\/wyposazony-w-40-litrowy-zbiornik\/"},"modified":"2022-03-23T15:22:28","modified_gmt":"2022-03-23T13:22:28","slug":"wyposazony-w-40-litrowy-zbiornik","status":"publish","type":"product","link":"https:\/\/www.skamet.ee\/pl\/tooted\/wyposazony-w-40-litrowy-zbiornik\/","title":{"rendered":"Wyposa\u017cony w 40-litrowy zbiornik"},"content":{"rendered":"<p><strong>Piece do sauny s\u0105 wykonywane w dw\u00f3ch rozmiarach:<br \/>\n<\/strong><br \/>\nMa\u0142e urz\u0105dzenie grzewcze (<strong>model P-11640<\/strong>), ogrzewaj\u0105ce powierzchni\u0119 8 -18 m\u00b3; wysoko\u015b\u0107 pieca 73 \u0441m.\u00a0Ilosc kamieni 40 kg.<br \/>\nDu\u017ce urz\u0105dzenie grzewcze (<strong>model P-12040)<\/strong>, ogrzewaj\u0105ce powierzchni\u0119 16-25 m\u00b3; wysoko\u015b\u0107 pieca 81 \u0441m.\u00a0Ilosc kamieni 50 kg.<br \/>\n<a href=\"https:\/\/skamet.ee\/wp-content\/uploads\/2013\/11\/ENG.pdf\" target=\"_blank\" rel=\"noopener\"><strong>Wszystkie wymiary znajduj\u0105 si\u0119 w podr\u0119cznikach u\u017cytkownika<\/strong><\/a><\/p>\n<p>&nbsp;<\/p>\n<div id=\"unitegallery_10_3\" class=\"unite-gallery\"><\/div>\n<p>&nbsp;<\/p>\n<table border=\"0\">\n<tbody>\n<tr>\n<td><b><strong>Standardowe parametry produkt\u00f3w<\/strong>:<\/b><br \/>\n\u00bb \u00a0ze szklanymi drzwiczkami lub bez (230 x 230 mm);<br \/>\n\u00bb \u00a0g\u00f3rne lub boczne po\u0142\u0105czenie do przewodu kominowego;<br \/>\n\u00bb \u00a0zawiasy drzwiczek po lewej stronie;<br \/>\n\u00bb Obudowa w kolorze czarnym z g\u00f3rnym panelem ze stali nierdzewnej;<br \/>\n\u00bb\u00a040-litrowy stalowy zbiornik ze stalowym wiekiem;<br \/>\n\u00bb\u00a040-litrowy zbiornik ze stali nierdzewnej z wiekiem ze stali nierdzewnej.<\/td>\n<td><strong><b>Dodatkowe opcje:<\/b><\/strong><br \/>\n\u00bb \u00a0klamka ze stali nierdzewnej (taka jak uchwyt do drzwiczek kominka);<br \/>\n\u00bb \u00a0odwrotny model pieca;<br \/>\n\u00bb \u00a0zawiasy drzwiowe po prawej stronie;<br \/>\n\u00bb Obudowa w kolorze czerwonym\/czarnym lub wykonana ze stali nierdzewnej;<br \/>\n\u00bb \u00a0wi\u0119cej opcji znajdziesz\u00a0<strong>tutaj.<\/strong><\/td>\n<\/tr>\n<\/tbody>\n<\/table>\n","protected":false},"excerpt":{"rendered":"<p>Piece do sauny s\u0105 wykonywane w dw\u00f3ch rozmiarach: Ma\u0142e urz\u0105dzenie grzewcze (model P-11640), ogrzewaj\u0105ce powierzchni\u0119 8 -18 m\u00b3; wysoko\u015b\u0107 pieca<\/p>\n","protected":false},"featured_media":43017,"template":"","meta":{"_lmt_disableupdate":"","_lmt_disable":""},"product_brand":[],"product_cat":[384],"product_tag":[],"class_list":{"0":"post-42480","1":"product","2":"type-product","3":"status-publish","4":"has-post-thumbnail","6":"product_cat-piece-do-sauny-ogrzewane-z-tego-samego-pomieszczenia","7":"pa_ahju-korgus-73-cm-pl","8":"pa_ahju-korgus-81-cm-pl","9":"pa_ahju-laius-61-cm-pl","10":"pa_ahju-sugavus-51-cm-pl","11":"pa_kivide-hulk-40-kg-pl","12":"pa_kivide-hulk-50-kg-pl","13":"pa_koetav-ruumala-16-m-25-m-pl","14":"pa_koetav-ruumala-8-m-18-m-pl","15":"pa_maht-40l-pl","16":"pa_mudel-p-11640-pl","17":"pa_mudel-p-12040-pl","19":"first","20":"instock","21":"shipping-taxable","22":"product-type-simple"},"yoast_head":"<!-- This site is optimized with the Yoast SEO plugin v27.0 - https:\/\/yoast.com\/product\/yoast-seo-wordpress\/ -->\n<title>Wyposa\u017cony w 40-litrowy zbiornik - Skamet<\/title>\n<meta name=\"robots\" content=\"index, follow, max-snippet:-1, max-image-preview:large, max-video-preview:-1\" \/>\n<link rel=\"canonical\" href=\"https:\/\/www.skamet.ee\/pl\/tooted\/wyposazony-w-40-litrowy-zbiornik\/\" \/>\n<meta property=\"og:locale\" content=\"pl_PL\" \/>\n<meta property=\"og:type\" content=\"article\" \/>\n<meta property=\"og:title\" content=\"Wyposa\u017cony w 40-litrowy zbiornik - Skamet\" \/>\n<meta property=\"og:description\" content=\"Piece do sauny s\u0105 wykonywane w dw\u00f3ch rozmiarach: Ma\u0142e urz\u0105dzenie grzewcze (model P-11640), ogrzewaj\u0105ce powierzchni\u0119 8 -18 m\u00b3; wysoko\u015b\u0107 pieca\" \/>\n<meta property=\"og:url\" content=\"https:\/\/www.skamet.ee\/pl\/tooted\/wyposazony-w-40-litrowy-zbiornik\/\" \/>\n<meta property=\"og:site_name\" content=\"Skamet\" \/>\n<meta property=\"article:modified_time\" content=\"2022-03-23T13:22:28+00:00\" \/>\n<meta property=\"og:image\" content=\"https:\/\/www.skamet.ee\/wp-content\/uploads\/2021\/03\/P-11640-GL.jpg\" \/>\n\t<meta property=\"og:image:width\" content=\"717\" \/>\n\t<meta property=\"og:image:height\" content=\"1075\" \/>\n\t<meta property=\"og:image:type\" content=\"image\/jpeg\" \/>\n<meta name=\"twitter:card\" content=\"summary_large_image\" \/>\n<meta name=\"twitter:label1\" content=\"Szacowany czas czytania\" \/>\n\t<meta name=\"twitter:data1\" content=\"1 minuta\" \/>\n<script type=\"application\/ld+json\" class=\"yoast-schema-graph\">{\"@context\":\"https:\/\/schema.org\",\"@graph\":[{\"@type\":\"WebPage\",\"@id\":\"https:\/\/www.skamet.ee\/pl\/tooted\/wyposazony-w-40-litrowy-zbiornik\/\",\"url\":\"https:\/\/www.skamet.ee\/pl\/tooted\/wyposazony-w-40-litrowy-zbiornik\/\",\"name\":\"Wyposa\u017cony w 40-litrowy zbiornik - Skamet\",\"isPartOf\":{\"@id\":\"https:\/\/www.skamet.ee\/#website\"},\"primaryImageOfPage\":{\"@id\":\"https:\/\/www.skamet.ee\/pl\/tooted\/wyposazony-w-40-litrowy-zbiornik\/#primaryimage\"},\"image\":{\"@id\":\"https:\/\/www.skamet.ee\/pl\/tooted\/wyposazony-w-40-litrowy-zbiornik\/#primaryimage\"},\"thumbnailUrl\":\"https:\/\/www.skamet.ee\/wp-content\/uploads\/2021\/03\/P-11640-GL.jpg\",\"datePublished\":\"2021-03-26T11:17:40+00:00\",\"dateModified\":\"2022-03-23T13:22:28+00:00\",\"breadcrumb\":{\"@id\":\"https:\/\/www.skamet.ee\/pl\/tooted\/wyposazony-w-40-litrowy-zbiornik\/#breadcrumb\"},\"inLanguage\":\"pl-PL\",\"potentialAction\":[{\"@type\":\"ReadAction\",\"target\":[\"https:\/\/www.skamet.ee\/pl\/tooted\/wyposazony-w-40-litrowy-zbiornik\/\"]}]},{\"@type\":\"ImageObject\",\"inLanguage\":\"pl-PL\",\"@id\":\"https:\/\/www.skamet.ee\/pl\/tooted\/wyposazony-w-40-litrowy-zbiornik\/#primaryimage\",\"url\":\"https:\/\/www.skamet.ee\/wp-content\/uploads\/2021\/03\/P-11640-GL.jpg\",\"contentUrl\":\"https:\/\/www.skamet.ee\/wp-content\/uploads\/2021\/03\/P-11640-GL.jpg\",\"width\":717,\"height\":1075,\"caption\":\"P 11640 GL\"},{\"@type\":\"BreadcrumbList\",\"@id\":\"https:\/\/www.skamet.ee\/pl\/tooted\/wyposazony-w-40-litrowy-zbiornik\/#breadcrumb\",\"itemListElement\":[{\"@type\":\"ListItem\",\"position\":1,\"name\":\"Home\",\"item\":\"https:\/\/www.skamet.ee\/\"},{\"@type\":\"ListItem\",\"position\":2,\"name\":\"Produkty\",\"item\":\"https:\/\/www.skamet.ee\/pl\/sklep\/\"},{\"@type\":\"ListItem\",\"position\":3,\"name\":\"Wyposa\u017cony w 40-litrowy zbiornik\"}]},{\"@type\":\"WebSite\",\"@id\":\"https:\/\/www.skamet.ee\/#website\",\"url\":\"https:\/\/www.skamet.ee\/\",\"name\":\"Skamet O\u00dc\",\"description\":\"Efektiivsed puuk\u00fcttega saunaahjud Eesti tootjalt\",\"publisher\":{\"@id\":\"https:\/\/www.skamet.ee\/#organization\"},\"potentialAction\":[{\"@type\":\"SearchAction\",\"target\":{\"@type\":\"EntryPoint\",\"urlTemplate\":\"https:\/\/www.skamet.ee\/?s={search_term_string}\"},\"query-input\":{\"@type\":\"PropertyValueSpecification\",\"valueRequired\":true,\"valueName\":\"search_term_string\"}}],\"inLanguage\":\"pl-PL\"},{\"@type\":\"Organization\",\"@id\":\"https:\/\/www.skamet.ee\/#organization\",\"name\":\"Skamet\",\"url\":\"https:\/\/www.skamet.ee\/\",\"logo\":{\"@type\":\"ImageObject\",\"inLanguage\":\"pl-PL\",\"@id\":\"https:\/\/www.skamet.ee\/#\/schema\/logo\/image\/\",\"url\":\"https:\/\/www.skamet.ee\/wp-content\/uploads\/2024\/02\/logo-pl.jpg\",\"contentUrl\":\"https:\/\/www.skamet.ee\/wp-content\/uploads\/2024\/02\/logo-pl.jpg\",\"width\":300,\"height\":127,\"caption\":\"Skamet\"},\"image\":{\"@id\":\"https:\/\/www.skamet.ee\/#\/schema\/logo\/image\/\"}}]}<\/script>\n<!-- \/ Yoast SEO plugin. -->","yoast_head_json":{"title":"Wyposa\u017cony w 40-litrowy zbiornik - Skamet","robots":{"index":"index","follow":"follow","max-snippet":"max-snippet:-1","max-image-preview":"max-image-preview:large","max-video-preview":"max-video-preview:-1"},"canonical":"https:\/\/www.skamet.ee\/pl\/tooted\/wyposazony-w-40-litrowy-zbiornik\/","og_locale":"pl_PL","og_type":"article","og_title":"Wyposa\u017cony w 40-litrowy zbiornik - Skamet","og_description":"Piece do sauny s\u0105 wykonywane w dw\u00f3ch rozmiarach: Ma\u0142e urz\u0105dzenie grzewcze (model P-11640), ogrzewaj\u0105ce powierzchni\u0119 8 -18 m\u00b3; wysoko\u015b\u0107 pieca","og_url":"https:\/\/www.skamet.ee\/pl\/tooted\/wyposazony-w-40-litrowy-zbiornik\/","og_site_name":"Skamet","article_modified_time":"2022-03-23T13:22:28+00:00","og_image":[{"width":717,"height":1075,"url":"https:\/\/www.skamet.ee\/wp-content\/uploads\/2021\/03\/P-11640-GL.jpg","type":"image\/jpeg"}],"twitter_card":"summary_large_image","twitter_misc":{"Szacowany czas czytania":"1 minuta"},"schema":{"@context":"https:\/\/schema.org","@graph":[{"@type":"WebPage","@id":"https:\/\/www.skamet.ee\/pl\/tooted\/wyposazony-w-40-litrowy-zbiornik\/","url":"https:\/\/www.skamet.ee\/pl\/tooted\/wyposazony-w-40-litrowy-zbiornik\/","name":"Wyposa\u017cony w 40-litrowy zbiornik - Skamet","isPartOf":{"@id":"https:\/\/www.skamet.ee\/#website"},"primaryImageOfPage":{"@id":"https:\/\/www.skamet.ee\/pl\/tooted\/wyposazony-w-40-litrowy-zbiornik\/#primaryimage"},"image":{"@id":"https:\/\/www.skamet.ee\/pl\/tooted\/wyposazony-w-40-litrowy-zbiornik\/#primaryimage"},"thumbnailUrl":"https:\/\/www.skamet.ee\/wp-content\/uploads\/2021\/03\/P-11640-GL.jpg","datePublished":"2021-03-26T11:17:40+00:00","dateModified":"2022-03-23T13:22:28+00:00","breadcrumb":{"@id":"https:\/\/www.skamet.ee\/pl\/tooted\/wyposazony-w-40-litrowy-zbiornik\/#breadcrumb"},"inLanguage":"pl-PL","potentialAction":[{"@type":"ReadAction","target":["https:\/\/www.skamet.ee\/pl\/tooted\/wyposazony-w-40-litrowy-zbiornik\/"]}]},{"@type":"ImageObject","inLanguage":"pl-PL","@id":"https:\/\/www.skamet.ee\/pl\/tooted\/wyposazony-w-40-litrowy-zbiornik\/#primaryimage","url":"https:\/\/www.skamet.ee\/wp-content\/uploads\/2021\/03\/P-11640-GL.jpg","contentUrl":"https:\/\/www.skamet.ee\/wp-content\/uploads\/2021\/03\/P-11640-GL.jpg","width":717,"height":1075,"caption":"P 11640 GL"},{"@type":"BreadcrumbList","@id":"https:\/\/www.skamet.ee\/pl\/tooted\/wyposazony-w-40-litrowy-zbiornik\/#breadcrumb","itemListElement":[{"@type":"ListItem","position":1,"name":"Home","item":"https:\/\/www.skamet.ee\/"},{"@type":"ListItem","position":2,"name":"Produkty","item":"https:\/\/www.skamet.ee\/pl\/sklep\/"},{"@type":"ListItem","position":3,"name":"Wyposa\u017cony w 40-litrowy zbiornik"}]},{"@type":"WebSite","@id":"https:\/\/www.skamet.ee\/#website","url":"https:\/\/www.skamet.ee\/","name":"Skamet O\u00dc","description":"Efektiivsed puuk\u00fcttega saunaahjud Eesti tootjalt","publisher":{"@id":"https:\/\/www.skamet.ee\/#organization"},"potentialAction":[{"@type":"SearchAction","target":{"@type":"EntryPoint","urlTemplate":"https:\/\/www.skamet.ee\/?s={search_term_string}"},"query-input":{"@type":"PropertyValueSpecification","valueRequired":true,"valueName":"search_term_string"}}],"inLanguage":"pl-PL"},{"@type":"Organization","@id":"https:\/\/www.skamet.ee\/#organization","name":"Skamet","url":"https:\/\/www.skamet.ee\/","logo":{"@type":"ImageObject","inLanguage":"pl-PL","@id":"https:\/\/www.skamet.ee\/#\/schema\/logo\/image\/","url":"https:\/\/www.skamet.ee\/wp-content\/uploads\/2024\/02\/logo-pl.jpg","contentUrl":"https:\/\/www.skamet.ee\/wp-content\/uploads\/2024\/02\/logo-pl.jpg","width":300,"height":127,"caption":"Skamet"},"image":{"@id":"https:\/\/www.skamet.ee\/#\/schema\/logo\/image\/"}}]}},"_links":{"self":[{"href":"https:\/\/www.skamet.ee\/pl\/wp-json\/wp\/v2\/product\/42480","targetHints":{"allow":["GET"]}}],"collection":[{"href":"https:\/\/www.skamet.ee\/pl\/wp-json\/wp\/v2\/product"}],"about":[{"href":"https:\/\/www.skamet.ee\/pl\/wp-json\/wp\/v2\/types\/product"}],"version-history":[{"count":1,"href":"https:\/\/www.skamet.ee\/pl\/wp-json\/wp\/v2\/product\/42480\/revisions"}],"predecessor-version":[{"id":43073,"href":"https:\/\/www.skamet.ee\/pl\/wp-json\/wp\/v2\/product\/42480\/revisions\/43073"}],"wp:featuredmedia":[{"embeddable":true,"href":"https:\/\/www.skamet.ee\/pl\/wp-json\/wp\/v2\/media\/43017"}],"wp:attachment":[{"href":"https:\/\/www.skamet.ee\/pl\/wp-json\/wp\/v2\/media?parent=42480"}],"wp:term":[{"taxonomy":"product_brand","embeddable":true,"href":"https:\/\/www.skamet.ee\/pl\/wp-json\/wp\/v2\/product_brand?post=42480"},{"taxonomy":"product_cat","embeddable":true,"href":"https:\/\/www.skamet.ee\/pl\/wp-json\/wp\/v2\/product_cat?post=42480"},{"taxonomy":"product_tag","embeddable":true,"href":"https:\/\/www.skamet.ee\/pl\/wp-json\/wp\/v2\/product_tag?post=42480"}],"curies":[{"name":"wp","href":"https:\/\/api.w.org\/{rel}","templated":true}]}}