{"id":42486,"date":"2021-03-24T15:01:35","date_gmt":"2021-03-24T13:01:35","guid":{"rendered":"https:\/\/uus.skamet.ee\/tooted\/bez-kategorii\/piec-do-sauny-z-metalowa-obudowa-piece-opalane-z-sasiedniego-pomieszczenia\/"},"modified":"2021-03-24T15:01:35","modified_gmt":"2021-03-24T13:01:35","slug":"piec-do-sauny-z-metalowa-obudowa-piece-opalane-z-sasiedniego-pomieszczenia","status":"publish","type":"product","link":"https:\/\/www.skamet.ee\/pl\/tooted\/piec-do-sauny-z-metalowa-obudowa-piece-opalane-z-sasiedniego-pomieszczenia\/","title":{"rendered":"Piec do sauny z metalow\u0105 obudow\u0105 Piece opalane z s\u0105siedniego pomieszczenia"},"content":{"rendered":"<p>Piec zamontowany jest w \u015bcianie i opalany z s\u0105siedniego pomieszczenia. Jego cz\u0119\u015b\u0107 penetruj\u0105ca ma d\u0142ugo\u015b\u0107 170 mm. Na specjalne \u017cyczenie, cz\u0119\u015b\u0107 ta mo\u017ce by\u0107 d\u0142u\u017csza albo kr\u00f3tsza. Standardowe modele posiadaj\u0105 tylko g\u00f3rne pod\u0142\u0105czenie do przewodu kominowego, od strony drzwiczek. Odwrotny model jest produkowany na zam\u00f3wienie i posiada dodatkowe pod\u0142\u0105czenie do przewodu kominowego wyprowadzone z\u00a0tylnej \u015bcianki<\/p>\n","protected":false},"excerpt":{"rendered":"<p>Piec zamontowany jest w \u015bcianie i opalany z s\u0105siedniego pomieszczenia. Jego cz\u0119\u015b\u0107 penetruj\u0105ca ma d\u0142ugo\u015b\u0107 170 mm. Na specjalne \u017cyczenie,<\/p>\n","protected":false},"featured_media":44015,"template":"","meta":{"_lmt_disableupdate":"","_lmt_disable":""},"product_brand":[],"product_cat":[308,382],"product_tag":[],"class_list":{"0":"post-42486","1":"product","2":"type-product","3":"status-publish","4":"has-post-thumbnail","6":"product_cat-toisesta-tilasta-lammitettavat","7":"product_cat-piece-do-sauny","8":"pa_ahju-korgus-60-cm-pl","9":"pa_ahju-korgus-73-cm-pl","10":"pa_ahju-korgus-81-cm-pl","11":"pa_ahju-laius-39-cm-pl","12":"pa_ahju-laius-43-cm-pl","13":"pa_ahju-laius-61-cm-pl","14":"pa_ahju-sugavus-45-cm-pl","15":"pa_ahju-sugavus-51-cm-pl","16":"pa_kivide-hulk-20-kg-pl","17":"pa_kivide-hulk-40-kg-pl","18":"pa_kivide-hulk-50-kg-pl","19":"pa_koetav-ruumala-16-m-25-m-pl","20":"pa_koetav-ruumala-5-m-12-m-pl","21":"pa_koetav-ruumala-8-m-18-m-pl","22":"pa_mudel-p-216-pl","23":"pa_mudel-p-21640-pl","24":"pa_mudel-p-220-pl","25":"pa_mudel-p-22040-pl","26":"pa_mudel-ps-210-pl","27":"pa_mudel-pt-216-pl","28":"pa_mudel-pt-220-pl","30":"first","31":"instock","32":"shipping-taxable","33":"product-type-simple"},"yoast_head":"<!-- This site is optimized with the Yoast SEO plugin v27.0 - https:\/\/yoast.com\/product\/yoast-seo-wordpress\/ -->\n<title>Piec do sauny z metalow\u0105 obudow\u0105 Piece opalane z s\u0105siedniego pomieszczenia - Skamet<\/title>\n<meta name=\"robots\" content=\"index, follow, max-snippet:-1, max-image-preview:large, max-video-preview:-1\" \/>\n<link rel=\"canonical\" href=\"https:\/\/www.skamet.ee\/pl\/tooted\/piec-do-sauny-z-metalowa-obudowa-piece-opalane-z-sasiedniego-pomieszczenia\/\" \/>\n<meta property=\"og:locale\" content=\"pl_PL\" \/>\n<meta property=\"og:type\" content=\"article\" \/>\n<meta property=\"og:title\" content=\"Piec do sauny z metalow\u0105 obudow\u0105 Piece opalane z s\u0105siedniego pomieszczenia - Skamet\" \/>\n<meta property=\"og:description\" content=\"Piec zamontowany jest w \u015bcianie i opalany z s\u0105siedniego pomieszczenia. Jego cz\u0119\u015b\u0107 penetruj\u0105ca ma d\u0142ugo\u015b\u0107 170 mm. Na specjalne \u017cyczenie,\" \/>\n<meta property=\"og:url\" content=\"https:\/\/www.skamet.ee\/pl\/tooted\/piec-do-sauny-z-metalowa-obudowa-piece-opalane-z-sasiedniego-pomieszczenia\/\" \/>\n<meta property=\"og:site_name\" content=\"Skamet\" \/>\n<meta property=\"og:image\" content=\"https:\/\/www.skamet.ee\/wp-content\/uploads\/2021\/03\/P-216-GL-1.jpg\" \/>\n\t<meta property=\"og:image:width\" content=\"717\" \/>\n\t<meta property=\"og:image:height\" content=\"1075\" \/>\n\t<meta property=\"og:image:type\" content=\"image\/jpeg\" \/>\n<meta name=\"twitter:card\" content=\"summary_large_image\" \/>\n<script type=\"application\/ld+json\" class=\"yoast-schema-graph\">{\"@context\":\"https:\/\/schema.org\",\"@graph\":[{\"@type\":\"WebPage\",\"@id\":\"https:\/\/www.skamet.ee\/pl\/tooted\/piec-do-sauny-z-metalowa-obudowa-piece-opalane-z-sasiedniego-pomieszczenia\/\",\"url\":\"https:\/\/www.skamet.ee\/pl\/tooted\/piec-do-sauny-z-metalowa-obudowa-piece-opalane-z-sasiedniego-pomieszczenia\/\",\"name\":\"Piec do sauny z metalow\u0105 obudow\u0105 Piece opalane z s\u0105siedniego pomieszczenia - Skamet\",\"isPartOf\":{\"@id\":\"https:\/\/www.skamet.ee\/#website\"},\"primaryImageOfPage\":{\"@id\":\"https:\/\/www.skamet.ee\/pl\/tooted\/piec-do-sauny-z-metalowa-obudowa-piece-opalane-z-sasiedniego-pomieszczenia\/#primaryimage\"},\"image\":{\"@id\":\"https:\/\/www.skamet.ee\/pl\/tooted\/piec-do-sauny-z-metalowa-obudowa-piece-opalane-z-sasiedniego-pomieszczenia\/#primaryimage\"},\"thumbnailUrl\":\"https:\/\/www.skamet.ee\/wp-content\/uploads\/2021\/03\/P-216-GL-1.jpg\",\"datePublished\":\"2021-03-24T13:01:35+00:00\",\"breadcrumb\":{\"@id\":\"https:\/\/www.skamet.ee\/pl\/tooted\/piec-do-sauny-z-metalowa-obudowa-piece-opalane-z-sasiedniego-pomieszczenia\/#breadcrumb\"},\"inLanguage\":\"pl-PL\",\"potentialAction\":[{\"@type\":\"ReadAction\",\"target\":[\"https:\/\/www.skamet.ee\/pl\/tooted\/piec-do-sauny-z-metalowa-obudowa-piece-opalane-z-sasiedniego-pomieszczenia\/\"]}]},{\"@type\":\"ImageObject\",\"inLanguage\":\"pl-PL\",\"@id\":\"https:\/\/www.skamet.ee\/pl\/tooted\/piec-do-sauny-z-metalowa-obudowa-piece-opalane-z-sasiedniego-pomieszczenia\/#primaryimage\",\"url\":\"https:\/\/www.skamet.ee\/wp-content\/uploads\/2021\/03\/P-216-GL-1.jpg\",\"contentUrl\":\"https:\/\/www.skamet.ee\/wp-content\/uploads\/2021\/03\/P-216-GL-1.jpg\",\"width\":717,\"height\":1075,\"caption\":\"P 216 GL 1\"},{\"@type\":\"BreadcrumbList\",\"@id\":\"https:\/\/www.skamet.ee\/pl\/tooted\/piec-do-sauny-z-metalowa-obudowa-piece-opalane-z-sasiedniego-pomieszczenia\/#breadcrumb\",\"itemListElement\":[{\"@type\":\"ListItem\",\"position\":1,\"name\":\"Home\",\"item\":\"https:\/\/www.skamet.ee\/\"},{\"@type\":\"ListItem\",\"position\":2,\"name\":\"Produkty\",\"item\":\"https:\/\/www.skamet.ee\/pl\/sklep\/\"},{\"@type\":\"ListItem\",\"position\":3,\"name\":\"Piec do sauny z metalow\u0105 obudow\u0105 Piece opalane z s\u0105siedniego pomieszczenia\"}]},{\"@type\":\"WebSite\",\"@id\":\"https:\/\/www.skamet.ee\/#website\",\"url\":\"https:\/\/www.skamet.ee\/\",\"name\":\"Skamet O\u00dc\",\"description\":\"Efektiivsed puuk\u00fcttega saunaahjud Eesti tootjalt\",\"publisher\":{\"@id\":\"https:\/\/www.skamet.ee\/#organization\"},\"potentialAction\":[{\"@type\":\"SearchAction\",\"target\":{\"@type\":\"EntryPoint\",\"urlTemplate\":\"https:\/\/www.skamet.ee\/?s={search_term_string}\"},\"query-input\":{\"@type\":\"PropertyValueSpecification\",\"valueRequired\":true,\"valueName\":\"search_term_string\"}}],\"inLanguage\":\"pl-PL\"},{\"@type\":\"Organization\",\"@id\":\"https:\/\/www.skamet.ee\/#organization\",\"name\":\"Skamet\",\"url\":\"https:\/\/www.skamet.ee\/\",\"logo\":{\"@type\":\"ImageObject\",\"inLanguage\":\"pl-PL\",\"@id\":\"https:\/\/www.skamet.ee\/#\/schema\/logo\/image\/\",\"url\":\"https:\/\/www.skamet.ee\/wp-content\/uploads\/2024\/02\/logo-pl.jpg\",\"contentUrl\":\"https:\/\/www.skamet.ee\/wp-content\/uploads\/2024\/02\/logo-pl.jpg\",\"width\":300,\"height\":127,\"caption\":\"Skamet\"},\"image\":{\"@id\":\"https:\/\/www.skamet.ee\/#\/schema\/logo\/image\/\"}}]}<\/script>\n<!-- \/ Yoast SEO plugin. -->","yoast_head_json":{"title":"Piec do sauny z metalow\u0105 obudow\u0105 Piece opalane z s\u0105siedniego pomieszczenia - Skamet","robots":{"index":"index","follow":"follow","max-snippet":"max-snippet:-1","max-image-preview":"max-image-preview:large","max-video-preview":"max-video-preview:-1"},"canonical":"https:\/\/www.skamet.ee\/pl\/tooted\/piec-do-sauny-z-metalowa-obudowa-piece-opalane-z-sasiedniego-pomieszczenia\/","og_locale":"pl_PL","og_type":"article","og_title":"Piec do sauny z metalow\u0105 obudow\u0105 Piece opalane z s\u0105siedniego pomieszczenia - Skamet","og_description":"Piec zamontowany jest w \u015bcianie i opalany z s\u0105siedniego pomieszczenia. Jego cz\u0119\u015b\u0107 penetruj\u0105ca ma d\u0142ugo\u015b\u0107 170 mm. Na specjalne \u017cyczenie,","og_url":"https:\/\/www.skamet.ee\/pl\/tooted\/piec-do-sauny-z-metalowa-obudowa-piece-opalane-z-sasiedniego-pomieszczenia\/","og_site_name":"Skamet","og_image":[{"width":717,"height":1075,"url":"https:\/\/www.skamet.ee\/wp-content\/uploads\/2021\/03\/P-216-GL-1.jpg","type":"image\/jpeg"}],"twitter_card":"summary_large_image","schema":{"@context":"https:\/\/schema.org","@graph":[{"@type":"WebPage","@id":"https:\/\/www.skamet.ee\/pl\/tooted\/piec-do-sauny-z-metalowa-obudowa-piece-opalane-z-sasiedniego-pomieszczenia\/","url":"https:\/\/www.skamet.ee\/pl\/tooted\/piec-do-sauny-z-metalowa-obudowa-piece-opalane-z-sasiedniego-pomieszczenia\/","name":"Piec do sauny z metalow\u0105 obudow\u0105 Piece opalane z s\u0105siedniego pomieszczenia - Skamet","isPartOf":{"@id":"https:\/\/www.skamet.ee\/#website"},"primaryImageOfPage":{"@id":"https:\/\/www.skamet.ee\/pl\/tooted\/piec-do-sauny-z-metalowa-obudowa-piece-opalane-z-sasiedniego-pomieszczenia\/#primaryimage"},"image":{"@id":"https:\/\/www.skamet.ee\/pl\/tooted\/piec-do-sauny-z-metalowa-obudowa-piece-opalane-z-sasiedniego-pomieszczenia\/#primaryimage"},"thumbnailUrl":"https:\/\/www.skamet.ee\/wp-content\/uploads\/2021\/03\/P-216-GL-1.jpg","datePublished":"2021-03-24T13:01:35+00:00","breadcrumb":{"@id":"https:\/\/www.skamet.ee\/pl\/tooted\/piec-do-sauny-z-metalowa-obudowa-piece-opalane-z-sasiedniego-pomieszczenia\/#breadcrumb"},"inLanguage":"pl-PL","potentialAction":[{"@type":"ReadAction","target":["https:\/\/www.skamet.ee\/pl\/tooted\/piec-do-sauny-z-metalowa-obudowa-piece-opalane-z-sasiedniego-pomieszczenia\/"]}]},{"@type":"ImageObject","inLanguage":"pl-PL","@id":"https:\/\/www.skamet.ee\/pl\/tooted\/piec-do-sauny-z-metalowa-obudowa-piece-opalane-z-sasiedniego-pomieszczenia\/#primaryimage","url":"https:\/\/www.skamet.ee\/wp-content\/uploads\/2021\/03\/P-216-GL-1.jpg","contentUrl":"https:\/\/www.skamet.ee\/wp-content\/uploads\/2021\/03\/P-216-GL-1.jpg","width":717,"height":1075,"caption":"P 216 GL 1"},{"@type":"BreadcrumbList","@id":"https:\/\/www.skamet.ee\/pl\/tooted\/piec-do-sauny-z-metalowa-obudowa-piece-opalane-z-sasiedniego-pomieszczenia\/#breadcrumb","itemListElement":[{"@type":"ListItem","position":1,"name":"Home","item":"https:\/\/www.skamet.ee\/"},{"@type":"ListItem","position":2,"name":"Produkty","item":"https:\/\/www.skamet.ee\/pl\/sklep\/"},{"@type":"ListItem","position":3,"name":"Piec do sauny z metalow\u0105 obudow\u0105 Piece opalane z s\u0105siedniego pomieszczenia"}]},{"@type":"WebSite","@id":"https:\/\/www.skamet.ee\/#website","url":"https:\/\/www.skamet.ee\/","name":"Skamet O\u00dc","description":"Efektiivsed puuk\u00fcttega saunaahjud Eesti tootjalt","publisher":{"@id":"https:\/\/www.skamet.ee\/#organization"},"potentialAction":[{"@type":"SearchAction","target":{"@type":"EntryPoint","urlTemplate":"https:\/\/www.skamet.ee\/?s={search_term_string}"},"query-input":{"@type":"PropertyValueSpecification","valueRequired":true,"valueName":"search_term_string"}}],"inLanguage":"pl-PL"},{"@type":"Organization","@id":"https:\/\/www.skamet.ee\/#organization","name":"Skamet","url":"https:\/\/www.skamet.ee\/","logo":{"@type":"ImageObject","inLanguage":"pl-PL","@id":"https:\/\/www.skamet.ee\/#\/schema\/logo\/image\/","url":"https:\/\/www.skamet.ee\/wp-content\/uploads\/2024\/02\/logo-pl.jpg","contentUrl":"https:\/\/www.skamet.ee\/wp-content\/uploads\/2024\/02\/logo-pl.jpg","width":300,"height":127,"caption":"Skamet"},"image":{"@id":"https:\/\/www.skamet.ee\/#\/schema\/logo\/image\/"}}]}},"_links":{"self":[{"href":"https:\/\/www.skamet.ee\/pl\/wp-json\/wp\/v2\/product\/42486","targetHints":{"allow":["GET"]}}],"collection":[{"href":"https:\/\/www.skamet.ee\/pl\/wp-json\/wp\/v2\/product"}],"about":[{"href":"https:\/\/www.skamet.ee\/pl\/wp-json\/wp\/v2\/types\/product"}],"version-history":[{"count":0,"href":"https:\/\/www.skamet.ee\/pl\/wp-json\/wp\/v2\/product\/42486\/revisions"}],"wp:featuredmedia":[{"embeddable":true,"href":"https:\/\/www.skamet.ee\/pl\/wp-json\/wp\/v2\/media\/44015"}],"wp:attachment":[{"href":"https:\/\/www.skamet.ee\/pl\/wp-json\/wp\/v2\/media?parent=42486"}],"wp:term":[{"taxonomy":"product_brand","embeddable":true,"href":"https:\/\/www.skamet.ee\/pl\/wp-json\/wp\/v2\/product_brand?post=42486"},{"taxonomy":"product_cat","embeddable":true,"href":"https:\/\/www.skamet.ee\/pl\/wp-json\/wp\/v2\/product_cat?post=42486"},{"taxonomy":"product_tag","embeddable":true,"href":"https:\/\/www.skamet.ee\/pl\/wp-json\/wp\/v2\/product_tag?post=42486"}],"curies":[{"name":"wp","href":"https:\/\/api.w.org\/{rel}","templated":true}]}}