{"id":48955,"date":"2024-11-13T13:35:50","date_gmt":"2024-11-13T11:35:50","guid":{"rendered":"https:\/\/www.skamet.ee\/tooted\/bez-kategorii\/48955\/"},"modified":"2024-11-13T13:35:50","modified_gmt":"2024-11-13T11:35:50","slug":"48955","status":"publish","type":"product","link":"https:\/\/www.skamet.ee\/pl\/tooted\/48955\/","title":{"rendered":""},"content":{"rendered":"<pre id=\"tw-target-text\" class=\"tw-data-text tw-text-large tw-ta\" dir=\"ltr\" data-placeholder=\"T\u00f5lge\" data-ved=\"2ahUKEwiXruDX4e-LAxW7QVUIHQkTGuwQ3ewLegQICBAW\" aria-label=\"T\u00f5lgitud tekst: Piece do sauny serii PS przeznaczone s\u0105 do ogrzewania mniejszych pomieszcze\u0144 saunowych.\r\n\r\nOgrzewana obj\u0119to\u015b\u0107 pieca do sauny z podw\u00f3jn\u0105 obudow\u0105 ogrzewan\u0105 z tego samego pomieszczenia wynosi 7\u201312 m\u00b3.\r\n\r\nWysoko\u015b\u0107 piekarnika wynosi 60 cm, szeroko\u015b\u0107 39 cm i g\u0142\u0119boko\u015b\u0107 45 cm. Ilo\u015b\u0107 kamieni wynosi oko\u0142o 20 kg, a d\u0142ugo\u015b\u0107 drzewek do 35 cm.\r\n\r\nObudowa piekarnika wyposa\u017cona jest w podw\u00f3jne \u015bcianki z trzech stron (bok i ty\u0142), kt\u00f3re zmniejszaj\u0105 minimalne bezpieczne odleg\u0142o\u015bci.\r\n\r\nStandardowe parametry produktu:\r\n\u00bb szk\u0142o \u017caroodporne (200x200 mm);\r\n\u00bb pod\u0142\u0105czenie komina od g\u00f3ry;\r\n\u00bb zawiasy drzwiowe po lewej stronie;\r\n\u00bb kolor obudowy pieca do sauny jest ca\u0142y czarny;\r\n\u00bb Piec do sauny pomalowany farb\u0105 \u017caroodporn\u0105.\r\n\r\nR\u00f3\u017cne opcje dodatkowe:\r\n\u00bb uchwyt ze stali nierdzewnej;\r\n\u00bb zawarto\u015b\u0107 pieca do sauny do g\u00f3ry nogami;\r\n\u00bb zawiasy drzwiowe po prawej stronie;\r\n\u00bb kolor obudowy czerwono-czarny, szaro-czarny lub nierdzewny;\r\n\u00bb g\u00f3rna kraw\u0119d\u017a obudowy nierdzewna;\r\n\u00bb inne opcje znajdziesz tutaj\r\n\r\nWi\u0119cej informacji o produkcie znajdziesz w instrukcji obs\u0142ugi: PS-SS-SSY-pass-EE\"><span class=\"Y2IQFc\" lang=\"pl\">Piece do sauny serii PS przeznaczone s\u0105 do ogrzewania mniejszych pomieszcze\u0144 saunowych.\r\n\r\nOgrzewana obj\u0119to\u015b\u0107 pieca do sauny z podw\u00f3jn\u0105 obudow\u0105 ogrzewan\u0105 z tego samego pomieszczenia wynosi 7\u201312 m\u00b3.\r\n\r\nWysoko\u015b\u0107 piekarnika wynosi 60 cm, szeroko\u015b\u0107 39 cm i g\u0142\u0119boko\u015b\u0107 45 cm. Ilo\u015b\u0107 kamieni wynosi oko\u0142o 20 kg, a d\u0142ugo\u015b\u0107 drzewek do 35 cm.\r\n\r\nObudowa piekarnika wyposa\u017cona jest w podw\u00f3jne \u015bcianki z trzech stron (bok i ty\u0142), kt\u00f3re zmniejszaj\u0105 minimalne bezpieczne odleg\u0142o\u015bci.\r\n\r\nStandardowe parametry produktu:\r\n\u00bb szk\u0142o \u017caroodporne (200x200 mm);\r\n\u00bb pod\u0142\u0105czenie komina od g\u00f3ry;\r\n\u00bb zawiasy drzwiowe po lewej stronie;\r\n\u00bb kolor obudowy pieca do sauny jest ca\u0142y czarny;\r\n\u00bb Piec do sauny pomalowany farb\u0105 \u017caroodporn\u0105.\r\n\r\nR\u00f3\u017cne opcje dodatkowe:\r\n\u00bb uchwyt ze stali nierdzewnej;\r\n\u00bb zawarto\u015b\u0107 pieca do sauny do g\u00f3ry nogami;\r\n\u00bb zawiasy drzwiowe po prawej stronie;\r\n\u00bb kolor obudowy czerwono-czarny, szaro-czarny lub nierdzewny;\r\n\u00bb g\u00f3rna kraw\u0119d\u017a obudowy nierdzewna;\r\n\u00bb inne opcje znajdziesz tutaj\r\n\r\nWi\u0119cej informacji o produkcie znajdziesz w <a href=\"https:\/\/skamet.ee\/wp-content\/uploads\/2015\/04\/Saunaahju_pass_EN_PL_web.pdf\"><span style=\"color: #0000ff;\"><strong>instrukcji obs\u0142ugi.<\/strong><\/span><\/a><\/span><\/pre>\n<p>&nbsp;<\/p>\n","protected":false},"excerpt":{"rendered":"<p><br data-mce-bogus=\"1\"><\/p>\n","protected":false},"featured_media":44607,"template":"","meta":{"_lmt_disableupdate":"","_lmt_disable":""},"product_brand":[],"product_cat":[150],"product_tag":[],"class_list":{"0":"post-48955","1":"product","2":"type-product","3":"status-publish","4":"has-post-thumbnail","6":"product_cat-saunaahjud","8":"first","9":"instock","10":"shipping-taxable","11":"product-type-simple"},"yoast_head":"<!-- This site is optimized with the Yoast SEO plugin v27.0 - https:\/\/yoast.com\/product\/yoast-seo-wordpress\/ -->\n<title>- Skamet<\/title>\n<meta name=\"robots\" content=\"index, follow, max-snippet:-1, max-image-preview:large, max-video-preview:-1\" \/>\n<link rel=\"canonical\" href=\"https:\/\/www.skamet.ee\/pl\/tooted\/48955\/\" \/>\n<meta property=\"og:locale\" content=\"pl_PL\" \/>\n<meta property=\"og:type\" content=\"article\" \/>\n<meta property=\"og:title\" content=\"- Skamet\" \/>\n<meta property=\"og:url\" content=\"https:\/\/www.skamet.ee\/pl\/tooted\/48955\/\" \/>\n<meta property=\"og:site_name\" content=\"Skamet\" \/>\n<meta property=\"og:image\" content=\"https:\/\/www.skamet.ee\/wp-content\/uploads\/2024\/11\/PS-110-GL_Ilu_kivid-scaled.jpg\" \/>\n\t<meta property=\"og:image:width\" content=\"1708\" \/>\n\t<meta property=\"og:image:height\" content=\"2560\" \/>\n\t<meta property=\"og:image:type\" content=\"image\/jpeg\" \/>\n<meta name=\"twitter:card\" content=\"summary_large_image\" \/>\n<meta name=\"twitter:label1\" content=\"Szacowany czas czytania\" \/>\n\t<meta name=\"twitter:data1\" content=\"1 minuta\" \/>\n<script type=\"application\/ld+json\" class=\"yoast-schema-graph\">{\"@context\":\"https:\/\/schema.org\",\"@graph\":[{\"@type\":\"WebPage\",\"@id\":\"https:\/\/www.skamet.ee\/pl\/tooted\/48955\/\",\"url\":\"https:\/\/www.skamet.ee\/pl\/tooted\/48955\/\",\"name\":\"- Skamet\",\"isPartOf\":{\"@id\":\"https:\/\/www.skamet.ee\/#website\"},\"primaryImageOfPage\":{\"@id\":\"https:\/\/www.skamet.ee\/pl\/tooted\/48955\/#primaryimage\"},\"image\":{\"@id\":\"https:\/\/www.skamet.ee\/pl\/tooted\/48955\/#primaryimage\"},\"thumbnailUrl\":\"https:\/\/www.skamet.ee\/wp-content\/uploads\/2024\/11\/PS-110-GL_Ilu_kivid-scaled.jpg\",\"datePublished\":\"2024-11-13T11:35:50+00:00\",\"breadcrumb\":{\"@id\":\"https:\/\/www.skamet.ee\/pl\/tooted\/48955\/#breadcrumb\"},\"inLanguage\":\"pl-PL\",\"potentialAction\":[{\"@type\":\"ReadAction\",\"target\":[\"https:\/\/www.skamet.ee\/pl\/tooted\/48955\/\"]}]},{\"@type\":\"ImageObject\",\"inLanguage\":\"pl-PL\",\"@id\":\"https:\/\/www.skamet.ee\/pl\/tooted\/48955\/#primaryimage\",\"url\":\"https:\/\/www.skamet.ee\/wp-content\/uploads\/2024\/11\/PS-110-GL_Ilu_kivid-scaled.jpg\",\"contentUrl\":\"https:\/\/www.skamet.ee\/wp-content\/uploads\/2024\/11\/PS-110-GL_Ilu_kivid-scaled.jpg\",\"width\":1708,\"height\":2560,\"caption\":\"PS 110 GL Ilu kivid scaled\"},{\"@type\":\"BreadcrumbList\",\"@id\":\"https:\/\/www.skamet.ee\/pl\/tooted\/48955\/#breadcrumb\",\"itemListElement\":[{\"@type\":\"ListItem\",\"position\":1,\"name\":\"Home\",\"item\":\"https:\/\/www.skamet.ee\/\"},{\"@type\":\"ListItem\",\"position\":2,\"name\":\"Produkty\",\"item\":\"https:\/\/www.skamet.ee\/pl\/sklep\/\"}]},{\"@type\":\"WebSite\",\"@id\":\"https:\/\/www.skamet.ee\/#website\",\"url\":\"https:\/\/www.skamet.ee\/\",\"name\":\"Skamet O\u00dc\",\"description\":\"Efektiivsed puuk\u00fcttega saunaahjud Eesti tootjalt\",\"publisher\":{\"@id\":\"https:\/\/www.skamet.ee\/#organization\"},\"potentialAction\":[{\"@type\":\"SearchAction\",\"target\":{\"@type\":\"EntryPoint\",\"urlTemplate\":\"https:\/\/www.skamet.ee\/?s={search_term_string}\"},\"query-input\":{\"@type\":\"PropertyValueSpecification\",\"valueRequired\":true,\"valueName\":\"search_term_string\"}}],\"inLanguage\":\"pl-PL\"},{\"@type\":\"Organization\",\"@id\":\"https:\/\/www.skamet.ee\/#organization\",\"name\":\"Skamet\",\"url\":\"https:\/\/www.skamet.ee\/\",\"logo\":{\"@type\":\"ImageObject\",\"inLanguage\":\"pl-PL\",\"@id\":\"https:\/\/www.skamet.ee\/#\/schema\/logo\/image\/\",\"url\":\"https:\/\/www.skamet.ee\/wp-content\/uploads\/2024\/02\/logo-pl.jpg\",\"contentUrl\":\"https:\/\/www.skamet.ee\/wp-content\/uploads\/2024\/02\/logo-pl.jpg\",\"width\":300,\"height\":127,\"caption\":\"Skamet\"},\"image\":{\"@id\":\"https:\/\/www.skamet.ee\/#\/schema\/logo\/image\/\"}}]}<\/script>\n<!-- \/ Yoast SEO plugin. -->","yoast_head_json":{"title":"- Skamet","robots":{"index":"index","follow":"follow","max-snippet":"max-snippet:-1","max-image-preview":"max-image-preview:large","max-video-preview":"max-video-preview:-1"},"canonical":"https:\/\/www.skamet.ee\/pl\/tooted\/48955\/","og_locale":"pl_PL","og_type":"article","og_title":"- Skamet","og_url":"https:\/\/www.skamet.ee\/pl\/tooted\/48955\/","og_site_name":"Skamet","og_image":[{"width":1708,"height":2560,"url":"https:\/\/www.skamet.ee\/wp-content\/uploads\/2024\/11\/PS-110-GL_Ilu_kivid-scaled.jpg","type":"image\/jpeg"}],"twitter_card":"summary_large_image","twitter_misc":{"Szacowany czas czytania":"1 minuta"},"schema":{"@context":"https:\/\/schema.org","@graph":[{"@type":"WebPage","@id":"https:\/\/www.skamet.ee\/pl\/tooted\/48955\/","url":"https:\/\/www.skamet.ee\/pl\/tooted\/48955\/","name":"- Skamet","isPartOf":{"@id":"https:\/\/www.skamet.ee\/#website"},"primaryImageOfPage":{"@id":"https:\/\/www.skamet.ee\/pl\/tooted\/48955\/#primaryimage"},"image":{"@id":"https:\/\/www.skamet.ee\/pl\/tooted\/48955\/#primaryimage"},"thumbnailUrl":"https:\/\/www.skamet.ee\/wp-content\/uploads\/2024\/11\/PS-110-GL_Ilu_kivid-scaled.jpg","datePublished":"2024-11-13T11:35:50+00:00","breadcrumb":{"@id":"https:\/\/www.skamet.ee\/pl\/tooted\/48955\/#breadcrumb"},"inLanguage":"pl-PL","potentialAction":[{"@type":"ReadAction","target":["https:\/\/www.skamet.ee\/pl\/tooted\/48955\/"]}]},{"@type":"ImageObject","inLanguage":"pl-PL","@id":"https:\/\/www.skamet.ee\/pl\/tooted\/48955\/#primaryimage","url":"https:\/\/www.skamet.ee\/wp-content\/uploads\/2024\/11\/PS-110-GL_Ilu_kivid-scaled.jpg","contentUrl":"https:\/\/www.skamet.ee\/wp-content\/uploads\/2024\/11\/PS-110-GL_Ilu_kivid-scaled.jpg","width":1708,"height":2560,"caption":"PS 110 GL Ilu kivid scaled"},{"@type":"BreadcrumbList","@id":"https:\/\/www.skamet.ee\/pl\/tooted\/48955\/#breadcrumb","itemListElement":[{"@type":"ListItem","position":1,"name":"Home","item":"https:\/\/www.skamet.ee\/"},{"@type":"ListItem","position":2,"name":"Produkty","item":"https:\/\/www.skamet.ee\/pl\/sklep\/"}]},{"@type":"WebSite","@id":"https:\/\/www.skamet.ee\/#website","url":"https:\/\/www.skamet.ee\/","name":"Skamet O\u00dc","description":"Efektiivsed puuk\u00fcttega saunaahjud Eesti tootjalt","publisher":{"@id":"https:\/\/www.skamet.ee\/#organization"},"potentialAction":[{"@type":"SearchAction","target":{"@type":"EntryPoint","urlTemplate":"https:\/\/www.skamet.ee\/?s={search_term_string}"},"query-input":{"@type":"PropertyValueSpecification","valueRequired":true,"valueName":"search_term_string"}}],"inLanguage":"pl-PL"},{"@type":"Organization","@id":"https:\/\/www.skamet.ee\/#organization","name":"Skamet","url":"https:\/\/www.skamet.ee\/","logo":{"@type":"ImageObject","inLanguage":"pl-PL","@id":"https:\/\/www.skamet.ee\/#\/schema\/logo\/image\/","url":"https:\/\/www.skamet.ee\/wp-content\/uploads\/2024\/02\/logo-pl.jpg","contentUrl":"https:\/\/www.skamet.ee\/wp-content\/uploads\/2024\/02\/logo-pl.jpg","width":300,"height":127,"caption":"Skamet"},"image":{"@id":"https:\/\/www.skamet.ee\/#\/schema\/logo\/image\/"}}]}},"_links":{"self":[{"href":"https:\/\/www.skamet.ee\/pl\/wp-json\/wp\/v2\/product\/48955","targetHints":{"allow":["GET"]}}],"collection":[{"href":"https:\/\/www.skamet.ee\/pl\/wp-json\/wp\/v2\/product"}],"about":[{"href":"https:\/\/www.skamet.ee\/pl\/wp-json\/wp\/v2\/types\/product"}],"version-history":[{"count":0,"href":"https:\/\/www.skamet.ee\/pl\/wp-json\/wp\/v2\/product\/48955\/revisions"}],"wp:featuredmedia":[{"embeddable":true,"href":"https:\/\/www.skamet.ee\/pl\/wp-json\/wp\/v2\/media\/44607"}],"wp:attachment":[{"href":"https:\/\/www.skamet.ee\/pl\/wp-json\/wp\/v2\/media?parent=48955"}],"wp:term":[{"taxonomy":"product_brand","embeddable":true,"href":"https:\/\/www.skamet.ee\/pl\/wp-json\/wp\/v2\/product_brand?post=48955"},{"taxonomy":"product_cat","embeddable":true,"href":"https:\/\/www.skamet.ee\/pl\/wp-json\/wp\/v2\/product_cat?post=48955"},{"taxonomy":"product_tag","embeddable":true,"href":"https:\/\/www.skamet.ee\/pl\/wp-json\/wp\/v2\/product_tag?post=48955"}],"curies":[{"name":"wp","href":"https:\/\/api.w.org\/{rel}","templated":true}]}}