{"id":49033,"date":"2024-11-27T10:05:43","date_gmt":"2024-11-27T08:05:43","guid":{"rendered":"https:\/\/www.skamet.ee\/tooted\/bez-kategorii\/pt-216-gl-duze-drzwi-szklane-z-przylaczem-do-kotla\/"},"modified":"2025-03-05T13:39:39","modified_gmt":"2025-03-05T11:39:39","slug":"pt-216-gl-duze-drzwi-szklane-z-przylaczem-do-kotla","status":"publish","type":"product","link":"https:\/\/www.skamet.ee\/pl\/tooted\/pt-216-gl-duze-drzwi-szklane-z-przylaczem-do-kotla\/","title":{"rendered":"PT-216 GL du\u017ce drzwi szklane z przy\u0142\u0105czem do kot\u0142a"},"content":{"rendered":"<p>Piec do sauny model PT-216 GL o powierzchni grzewczej 8-18 m\u00b3. Wysoko\u015b\u0107 pieca 73 cm. Kamienie do 40 kg.<\/p>\n<p>Do piec\u00f3w ogrzewanych z innego pomieszczenia zalecamy r\u00f3wnie\u017c zam\u00f3wienie ozdobnej listwy na drzwi, wykonanej z czarnego metalu lub stali nierdzewnej.<\/p>\n<p>Standardowe parametry produktu:<\/p>\n<p>\u00bb drzwi szklane o wymiarach kominka (330 x 330 mm);<br \/>\n\u00bb g\u00f3rne przy\u0142\u0105cze kominowe;<br \/>\n\u00bb zawiasy drzwi po lewej stronie;<br \/>\n\u00bb kolor obudowy czarny, a g\u00f3rna kraw\u0119d\u017a nierdzewna;<br \/>\n\u00bb uchwyt ze stali nierdzewnej;<br \/>\n\u00bb opcja pod\u0142\u0105czenia kot\u0142a: prawa, lewa, tylna.<\/p>\n<p>Dodatkowe udogodnienia:<br \/>\n\u00bb odwrotny model pieca;<br \/>\n\u00bb zawiasy drzwi po prawej stronie;<br \/>\n\u00bb obudowa ca\u0142kowicie nierdzewna.<\/p>\n","protected":false},"excerpt":{"rendered":"<p>Piec do sauny model PT-216 GL o powierzchni grzewczej 8-18 m\u00b3. Wysoko\u015b\u0107 pieca 73 cm. Kamienie do 40 kg. Do<\/p>\n","protected":false},"featured_media":50987,"template":"","meta":{"_lmt_disableupdate":"","_lmt_disable":""},"product_brand":[],"product_cat":[1064],"product_tag":[],"class_list":{"0":"post-49033","1":"product","2":"type-product","3":"status-publish","4":"has-post-thumbnail","6":"product_cat-srednie-piekarniki-8-18-m3-pl","8":"first","9":"instock","10":"shipping-taxable","11":"product-type-simple"},"yoast_head":"<!-- This site is optimized with the Yoast SEO plugin v27.0 - https:\/\/yoast.com\/product\/yoast-seo-wordpress\/ -->\n<title>PT-216 GL du\u017ce drzwi szklane z przy\u0142\u0105czem do kot\u0142a - Skamet<\/title>\n<meta name=\"robots\" content=\"index, follow, max-snippet:-1, max-image-preview:large, max-video-preview:-1\" \/>\n<link rel=\"canonical\" href=\"https:\/\/www.skamet.ee\/pl\/tooted\/pt-216-gl-duze-drzwi-szklane-z-przylaczem-do-kotla\/\" \/>\n<meta property=\"og:locale\" content=\"pl_PL\" \/>\n<meta property=\"og:type\" content=\"article\" \/>\n<meta property=\"og:title\" content=\"PT-216 GL du\u017ce drzwi szklane z przy\u0142\u0105czem do kot\u0142a - Skamet\" \/>\n<meta property=\"og:description\" content=\"Piec do sauny model PT-216 GL o powierzchni grzewczej 8-18 m\u00b3. Wysoko\u015b\u0107 pieca 73 cm. Kamienie do 40 kg. Do\" \/>\n<meta property=\"og:url\" content=\"https:\/\/www.skamet.ee\/pl\/tooted\/pt-216-gl-duze-drzwi-szklane-z-przylaczem-do-kotla\/\" \/>\n<meta property=\"og:site_name\" content=\"Skamet\" \/>\n<meta property=\"article:modified_time\" content=\"2025-03-05T11:39:39+00:00\" \/>\n<meta property=\"og:image\" content=\"https:\/\/www.skamet.ee\/wp-content\/uploads\/2024\/11\/PT-216-BTGL_tagant.jpg\" \/>\n\t<meta property=\"og:image:width\" content=\"408\" \/>\n\t<meta property=\"og:image:height\" content=\"612\" \/>\n\t<meta property=\"og:image:type\" content=\"image\/jpeg\" \/>\n<meta name=\"twitter:card\" content=\"summary_large_image\" \/>\n<script type=\"application\/ld+json\" class=\"yoast-schema-graph\">{\"@context\":\"https:\/\/schema.org\",\"@graph\":[{\"@type\":\"WebPage\",\"@id\":\"https:\/\/www.skamet.ee\/pl\/tooted\/pt-216-gl-duze-drzwi-szklane-z-przylaczem-do-kotla\/\",\"url\":\"https:\/\/www.skamet.ee\/pl\/tooted\/pt-216-gl-duze-drzwi-szklane-z-przylaczem-do-kotla\/\",\"name\":\"PT-216 GL du\u017ce drzwi szklane z przy\u0142\u0105czem do kot\u0142a - Skamet\",\"isPartOf\":{\"@id\":\"https:\/\/www.skamet.ee\/#website\"},\"primaryImageOfPage\":{\"@id\":\"https:\/\/www.skamet.ee\/pl\/tooted\/pt-216-gl-duze-drzwi-szklane-z-przylaczem-do-kotla\/#primaryimage\"},\"image\":{\"@id\":\"https:\/\/www.skamet.ee\/pl\/tooted\/pt-216-gl-duze-drzwi-szklane-z-przylaczem-do-kotla\/#primaryimage\"},\"thumbnailUrl\":\"https:\/\/www.skamet.ee\/wp-content\/uploads\/2024\/11\/PT-216-GL-2-scaled.jpg\",\"datePublished\":\"2024-11-27T08:05:43+00:00\",\"dateModified\":\"2025-03-05T11:39:39+00:00\",\"breadcrumb\":{\"@id\":\"https:\/\/www.skamet.ee\/pl\/tooted\/pt-216-gl-duze-drzwi-szklane-z-przylaczem-do-kotla\/#breadcrumb\"},\"inLanguage\":\"pl-PL\",\"potentialAction\":[{\"@type\":\"ReadAction\",\"target\":[\"https:\/\/www.skamet.ee\/pl\/tooted\/pt-216-gl-duze-drzwi-szklane-z-przylaczem-do-kotla\/\"]}]},{\"@type\":\"ImageObject\",\"inLanguage\":\"pl-PL\",\"@id\":\"https:\/\/www.skamet.ee\/pl\/tooted\/pt-216-gl-duze-drzwi-szklane-z-przylaczem-do-kotla\/#primaryimage\",\"url\":\"https:\/\/www.skamet.ee\/wp-content\/uploads\/2024\/11\/PT-216-GL-2-scaled.jpg\",\"contentUrl\":\"https:\/\/www.skamet.ee\/wp-content\/uploads\/2024\/11\/PT-216-GL-2-scaled.jpg\",\"width\":1708,\"height\":2560,\"caption\":\"PT 216 GL 2 scaled\"},{\"@type\":\"BreadcrumbList\",\"@id\":\"https:\/\/www.skamet.ee\/pl\/tooted\/pt-216-gl-duze-drzwi-szklane-z-przylaczem-do-kotla\/#breadcrumb\",\"itemListElement\":[{\"@type\":\"ListItem\",\"position\":1,\"name\":\"Home\",\"item\":\"https:\/\/www.skamet.ee\/\"},{\"@type\":\"ListItem\",\"position\":2,\"name\":\"Produkty\",\"item\":\"https:\/\/www.skamet.ee\/pl\/sklep\/\"},{\"@type\":\"ListItem\",\"position\":3,\"name\":\"PT-216 GL du\u017ce drzwi szklane z przy\u0142\u0105czem do kot\u0142a\"}]},{\"@type\":\"WebSite\",\"@id\":\"https:\/\/www.skamet.ee\/#website\",\"url\":\"https:\/\/www.skamet.ee\/\",\"name\":\"Skamet O\u00dc\",\"description\":\"Efektiivsed puuk\u00fcttega saunaahjud Eesti tootjalt\",\"publisher\":{\"@id\":\"https:\/\/www.skamet.ee\/#organization\"},\"potentialAction\":[{\"@type\":\"SearchAction\",\"target\":{\"@type\":\"EntryPoint\",\"urlTemplate\":\"https:\/\/www.skamet.ee\/?s={search_term_string}\"},\"query-input\":{\"@type\":\"PropertyValueSpecification\",\"valueRequired\":true,\"valueName\":\"search_term_string\"}}],\"inLanguage\":\"pl-PL\"},{\"@type\":\"Organization\",\"@id\":\"https:\/\/www.skamet.ee\/#organization\",\"name\":\"Skamet\",\"url\":\"https:\/\/www.skamet.ee\/\",\"logo\":{\"@type\":\"ImageObject\",\"inLanguage\":\"pl-PL\",\"@id\":\"https:\/\/www.skamet.ee\/#\/schema\/logo\/image\/\",\"url\":\"https:\/\/www.skamet.ee\/wp-content\/uploads\/2024\/02\/logo-pl.jpg\",\"contentUrl\":\"https:\/\/www.skamet.ee\/wp-content\/uploads\/2024\/02\/logo-pl.jpg\",\"width\":300,\"height\":127,\"caption\":\"Skamet\"},\"image\":{\"@id\":\"https:\/\/www.skamet.ee\/#\/schema\/logo\/image\/\"}}]}<\/script>\n<!-- \/ Yoast SEO plugin. -->","yoast_head_json":{"title":"PT-216 GL du\u017ce drzwi szklane z przy\u0142\u0105czem do kot\u0142a - Skamet","robots":{"index":"index","follow":"follow","max-snippet":"max-snippet:-1","max-image-preview":"max-image-preview:large","max-video-preview":"max-video-preview:-1"},"canonical":"https:\/\/www.skamet.ee\/pl\/tooted\/pt-216-gl-duze-drzwi-szklane-z-przylaczem-do-kotla\/","og_locale":"pl_PL","og_type":"article","og_title":"PT-216 GL du\u017ce drzwi szklane z przy\u0142\u0105czem do kot\u0142a - Skamet","og_description":"Piec do sauny model PT-216 GL o powierzchni grzewczej 8-18 m\u00b3. Wysoko\u015b\u0107 pieca 73 cm. Kamienie do 40 kg. Do","og_url":"https:\/\/www.skamet.ee\/pl\/tooted\/pt-216-gl-duze-drzwi-szklane-z-przylaczem-do-kotla\/","og_site_name":"Skamet","article_modified_time":"2025-03-05T11:39:39+00:00","og_image":[{"width":408,"height":612,"url":"https:\/\/www.skamet.ee\/wp-content\/uploads\/2024\/11\/PT-216-BTGL_tagant.jpg","type":"image\/jpeg"}],"twitter_card":"summary_large_image","schema":{"@context":"https:\/\/schema.org","@graph":[{"@type":"WebPage","@id":"https:\/\/www.skamet.ee\/pl\/tooted\/pt-216-gl-duze-drzwi-szklane-z-przylaczem-do-kotla\/","url":"https:\/\/www.skamet.ee\/pl\/tooted\/pt-216-gl-duze-drzwi-szklane-z-przylaczem-do-kotla\/","name":"PT-216 GL du\u017ce drzwi szklane z przy\u0142\u0105czem do kot\u0142a - Skamet","isPartOf":{"@id":"https:\/\/www.skamet.ee\/#website"},"primaryImageOfPage":{"@id":"https:\/\/www.skamet.ee\/pl\/tooted\/pt-216-gl-duze-drzwi-szklane-z-przylaczem-do-kotla\/#primaryimage"},"image":{"@id":"https:\/\/www.skamet.ee\/pl\/tooted\/pt-216-gl-duze-drzwi-szklane-z-przylaczem-do-kotla\/#primaryimage"},"thumbnailUrl":"https:\/\/www.skamet.ee\/wp-content\/uploads\/2024\/11\/PT-216-GL-2-scaled.jpg","datePublished":"2024-11-27T08:05:43+00:00","dateModified":"2025-03-05T11:39:39+00:00","breadcrumb":{"@id":"https:\/\/www.skamet.ee\/pl\/tooted\/pt-216-gl-duze-drzwi-szklane-z-przylaczem-do-kotla\/#breadcrumb"},"inLanguage":"pl-PL","potentialAction":[{"@type":"ReadAction","target":["https:\/\/www.skamet.ee\/pl\/tooted\/pt-216-gl-duze-drzwi-szklane-z-przylaczem-do-kotla\/"]}]},{"@type":"ImageObject","inLanguage":"pl-PL","@id":"https:\/\/www.skamet.ee\/pl\/tooted\/pt-216-gl-duze-drzwi-szklane-z-przylaczem-do-kotla\/#primaryimage","url":"https:\/\/www.skamet.ee\/wp-content\/uploads\/2024\/11\/PT-216-GL-2-scaled.jpg","contentUrl":"https:\/\/www.skamet.ee\/wp-content\/uploads\/2024\/11\/PT-216-GL-2-scaled.jpg","width":1708,"height":2560,"caption":"PT 216 GL 2 scaled"},{"@type":"BreadcrumbList","@id":"https:\/\/www.skamet.ee\/pl\/tooted\/pt-216-gl-duze-drzwi-szklane-z-przylaczem-do-kotla\/#breadcrumb","itemListElement":[{"@type":"ListItem","position":1,"name":"Home","item":"https:\/\/www.skamet.ee\/"},{"@type":"ListItem","position":2,"name":"Produkty","item":"https:\/\/www.skamet.ee\/pl\/sklep\/"},{"@type":"ListItem","position":3,"name":"PT-216 GL du\u017ce drzwi szklane z przy\u0142\u0105czem do kot\u0142a"}]},{"@type":"WebSite","@id":"https:\/\/www.skamet.ee\/#website","url":"https:\/\/www.skamet.ee\/","name":"Skamet O\u00dc","description":"Efektiivsed puuk\u00fcttega saunaahjud Eesti tootjalt","publisher":{"@id":"https:\/\/www.skamet.ee\/#organization"},"potentialAction":[{"@type":"SearchAction","target":{"@type":"EntryPoint","urlTemplate":"https:\/\/www.skamet.ee\/?s={search_term_string}"},"query-input":{"@type":"PropertyValueSpecification","valueRequired":true,"valueName":"search_term_string"}}],"inLanguage":"pl-PL"},{"@type":"Organization","@id":"https:\/\/www.skamet.ee\/#organization","name":"Skamet","url":"https:\/\/www.skamet.ee\/","logo":{"@type":"ImageObject","inLanguage":"pl-PL","@id":"https:\/\/www.skamet.ee\/#\/schema\/logo\/image\/","url":"https:\/\/www.skamet.ee\/wp-content\/uploads\/2024\/02\/logo-pl.jpg","contentUrl":"https:\/\/www.skamet.ee\/wp-content\/uploads\/2024\/02\/logo-pl.jpg","width":300,"height":127,"caption":"Skamet"},"image":{"@id":"https:\/\/www.skamet.ee\/#\/schema\/logo\/image\/"}}]}},"_links":{"self":[{"href":"https:\/\/www.skamet.ee\/pl\/wp-json\/wp\/v2\/product\/49033","targetHints":{"allow":["GET"]}}],"collection":[{"href":"https:\/\/www.skamet.ee\/pl\/wp-json\/wp\/v2\/product"}],"about":[{"href":"https:\/\/www.skamet.ee\/pl\/wp-json\/wp\/v2\/types\/product"}],"version-history":[{"count":1,"href":"https:\/\/www.skamet.ee\/pl\/wp-json\/wp\/v2\/product\/49033\/revisions"}],"predecessor-version":[{"id":49036,"href":"https:\/\/www.skamet.ee\/pl\/wp-json\/wp\/v2\/product\/49033\/revisions\/49036"}],"wp:featuredmedia":[{"embeddable":true,"href":"https:\/\/www.skamet.ee\/pl\/wp-json\/wp\/v2\/media\/50987"}],"wp:attachment":[{"href":"https:\/\/www.skamet.ee\/pl\/wp-json\/wp\/v2\/media?parent=49033"}],"wp:term":[{"taxonomy":"product_brand","embeddable":true,"href":"https:\/\/www.skamet.ee\/pl\/wp-json\/wp\/v2\/product_brand?post=49033"},{"taxonomy":"product_cat","embeddable":true,"href":"https:\/\/www.skamet.ee\/pl\/wp-json\/wp\/v2\/product_cat?post=49033"},{"taxonomy":"product_tag","embeddable":true,"href":"https:\/\/www.skamet.ee\/pl\/wp-json\/wp\/v2\/product_tag?post=49033"}],"curies":[{"name":"wp","href":"https:\/\/api.w.org\/{rel}","templated":true}]}}