{"id":49049,"date":"2024-11-26T09:30:37","date_gmt":"2024-11-26T07:30:37","guid":{"rendered":"https:\/\/www.skamet.ee\/tooted\/bez-kategorii\/oslonka-siatkowa-okragla-sy-220\/"},"modified":"2024-11-26T09:30:37","modified_gmt":"2024-11-26T07:30:37","slug":"oslonka-siatkowa-okragla-sy-220","status":"publish","type":"product","link":"https:\/\/www.skamet.ee\/pl\/tooted\/oslonka-siatkowa-okragla-sy-220\/","title":{"rendered":"Os\u0142onka siatkowa okr\u0105g\u0142a SY-220"},"content":{"rendered":"<p>SY-220 ogrzewany z innego pomieszczenia o powierzchni ogrzewanej 16-25 m\u00b3.<\/p>\n<p>Wysoko\u015b\u0107 pieca 84 cm. Ilo\u015b\u0107 kamieni oko\u0142o 110 kg.<\/p>\n<p>Standardowe parametry produktu:<\/p>\n<p>\u00bb drzwi metalowe;<br \/>\n\u00bb g\u00f3rne przy\u0142\u0105cze kominowe;<br \/>\n\u00bb zawiasy drzwi po lewej stronie;<br \/>\n\u00bb obudowa z siatki okr\u0105g\u0142ej;<br \/>\n\u00bb piec do sauny pokryty farb\u0105 termiczn\u0105.<\/p>\n<p>Dodatkowe wyposa\u017cenie:<\/p>\n<p>\u00bb drzwi szklane (230\u00d7230 mm);<br \/>\n\u00bb zawiasy drzwi po prawej stronie;<br \/>\n\u00bb g\u00f3rna cz\u0119\u015b\u0107 obudowy ze stali nierdzewnej.<\/p>\n","protected":false},"excerpt":{"rendered":"<p>SY-220 ogrzewany z innego pomieszczenia o powierzchni ogrzewanej 16-25 m\u00b3. Wysoko\u015b\u0107 pieca 84 cm. Ilo\u015b\u0107 kamieni oko\u0142o 110 kg. Standardowe<\/p>\n","protected":false},"featured_media":55193,"template":"","meta":{"_lmt_disableupdate":"","_lmt_disable":""},"product_brand":[],"product_cat":[1071],"product_tag":[],"class_list":{"0":"post-49049","1":"product","2":"type-product","3":"status-publish","4":"has-post-thumbnail","6":"product_cat-duze-piekarniki-16-25-m3-pl-3","8":"first","9":"instock","10":"shipping-taxable","11":"product-type-simple"},"yoast_head":"<!-- This site is optimized with the Yoast SEO plugin v27.0 - https:\/\/yoast.com\/product\/yoast-seo-wordpress\/ -->\n<title>Os\u0142onka siatkowa okr\u0105g\u0142a SY-220 - Skamet<\/title>\n<meta name=\"robots\" content=\"index, follow, max-snippet:-1, max-image-preview:large, max-video-preview:-1\" \/>\n<link rel=\"canonical\" href=\"https:\/\/www.skamet.ee\/pl\/tooted\/oslonka-siatkowa-okragla-sy-220\/\" \/>\n<meta property=\"og:locale\" content=\"pl_PL\" \/>\n<meta property=\"og:type\" content=\"article\" \/>\n<meta property=\"og:title\" content=\"Os\u0142onka siatkowa okr\u0105g\u0142a SY-220 - Skamet\" \/>\n<meta property=\"og:description\" content=\"SY-220 ogrzewany z innego pomieszczenia o powierzchni ogrzewanej 16-25 m\u00b3. Wysoko\u015b\u0107 pieca 84 cm. Ilo\u015b\u0107 kamieni oko\u0142o 110 kg. Standardowe\" \/>\n<meta property=\"og:url\" content=\"https:\/\/www.skamet.ee\/pl\/tooted\/oslonka-siatkowa-okragla-sy-220\/\" \/>\n<meta property=\"og:site_name\" content=\"Skamet\" \/>\n<meta property=\"og:image\" content=\"https:\/\/www.skamet.ee\/wp-content\/uploads\/2025\/05\/SY-220-GL_Ilu-scaled.jpg\" \/>\n\t<meta property=\"og:image:width\" content=\"1708\" \/>\n\t<meta property=\"og:image:height\" content=\"2560\" \/>\n\t<meta property=\"og:image:type\" content=\"image\/jpeg\" \/>\n<meta name=\"twitter:card\" content=\"summary_large_image\" \/>\n<script type=\"application\/ld+json\" class=\"yoast-schema-graph\">{\"@context\":\"https:\/\/schema.org\",\"@graph\":[{\"@type\":\"WebPage\",\"@id\":\"https:\/\/www.skamet.ee\/pl\/tooted\/oslonka-siatkowa-okragla-sy-220\/\",\"url\":\"https:\/\/www.skamet.ee\/pl\/tooted\/oslonka-siatkowa-okragla-sy-220\/\",\"name\":\"Os\u0142onka siatkowa okr\u0105g\u0142a SY-220 - Skamet\",\"isPartOf\":{\"@id\":\"https:\/\/www.skamet.ee\/#website\"},\"primaryImageOfPage\":{\"@id\":\"https:\/\/www.skamet.ee\/pl\/tooted\/oslonka-siatkowa-okragla-sy-220\/#primaryimage\"},\"image\":{\"@id\":\"https:\/\/www.skamet.ee\/pl\/tooted\/oslonka-siatkowa-okragla-sy-220\/#primaryimage\"},\"thumbnailUrl\":\"https:\/\/www.skamet.ee\/wp-content\/uploads\/2025\/05\/SY-220-GL_Ilu-scaled.jpg\",\"datePublished\":\"2024-11-26T07:30:37+00:00\",\"breadcrumb\":{\"@id\":\"https:\/\/www.skamet.ee\/pl\/tooted\/oslonka-siatkowa-okragla-sy-220\/#breadcrumb\"},\"inLanguage\":\"pl-PL\",\"potentialAction\":[{\"@type\":\"ReadAction\",\"target\":[\"https:\/\/www.skamet.ee\/pl\/tooted\/oslonka-siatkowa-okragla-sy-220\/\"]}]},{\"@type\":\"ImageObject\",\"inLanguage\":\"pl-PL\",\"@id\":\"https:\/\/www.skamet.ee\/pl\/tooted\/oslonka-siatkowa-okragla-sy-220\/#primaryimage\",\"url\":\"https:\/\/www.skamet.ee\/wp-content\/uploads\/2025\/05\/SY-220-GL_Ilu-scaled.jpg\",\"contentUrl\":\"https:\/\/www.skamet.ee\/wp-content\/uploads\/2025\/05\/SY-220-GL_Ilu-scaled.jpg\",\"width\":1708,\"height\":2560,\"caption\":\"SY 220 GL Ilu scaled\"},{\"@type\":\"BreadcrumbList\",\"@id\":\"https:\/\/www.skamet.ee\/pl\/tooted\/oslonka-siatkowa-okragla-sy-220\/#breadcrumb\",\"itemListElement\":[{\"@type\":\"ListItem\",\"position\":1,\"name\":\"Home\",\"item\":\"https:\/\/www.skamet.ee\/\"},{\"@type\":\"ListItem\",\"position\":2,\"name\":\"Produkty\",\"item\":\"https:\/\/www.skamet.ee\/pl\/sklep\/\"},{\"@type\":\"ListItem\",\"position\":3,\"name\":\"Os\u0142onka siatkowa okr\u0105g\u0142a SY-220\"}]},{\"@type\":\"WebSite\",\"@id\":\"https:\/\/www.skamet.ee\/#website\",\"url\":\"https:\/\/www.skamet.ee\/\",\"name\":\"Skamet O\u00dc\",\"description\":\"Efektiivsed puuk\u00fcttega saunaahjud Eesti tootjalt\",\"publisher\":{\"@id\":\"https:\/\/www.skamet.ee\/#organization\"},\"potentialAction\":[{\"@type\":\"SearchAction\",\"target\":{\"@type\":\"EntryPoint\",\"urlTemplate\":\"https:\/\/www.skamet.ee\/?s={search_term_string}\"},\"query-input\":{\"@type\":\"PropertyValueSpecification\",\"valueRequired\":true,\"valueName\":\"search_term_string\"}}],\"inLanguage\":\"pl-PL\"},{\"@type\":\"Organization\",\"@id\":\"https:\/\/www.skamet.ee\/#organization\",\"name\":\"Skamet\",\"url\":\"https:\/\/www.skamet.ee\/\",\"logo\":{\"@type\":\"ImageObject\",\"inLanguage\":\"pl-PL\",\"@id\":\"https:\/\/www.skamet.ee\/#\/schema\/logo\/image\/\",\"url\":\"https:\/\/www.skamet.ee\/wp-content\/uploads\/2024\/02\/logo-pl.jpg\",\"contentUrl\":\"https:\/\/www.skamet.ee\/wp-content\/uploads\/2024\/02\/logo-pl.jpg\",\"width\":300,\"height\":127,\"caption\":\"Skamet\"},\"image\":{\"@id\":\"https:\/\/www.skamet.ee\/#\/schema\/logo\/image\/\"}}]}<\/script>\n<!-- \/ Yoast SEO plugin. -->","yoast_head_json":{"title":"Os\u0142onka siatkowa okr\u0105g\u0142a SY-220 - Skamet","robots":{"index":"index","follow":"follow","max-snippet":"max-snippet:-1","max-image-preview":"max-image-preview:large","max-video-preview":"max-video-preview:-1"},"canonical":"https:\/\/www.skamet.ee\/pl\/tooted\/oslonka-siatkowa-okragla-sy-220\/","og_locale":"pl_PL","og_type":"article","og_title":"Os\u0142onka siatkowa okr\u0105g\u0142a SY-220 - Skamet","og_description":"SY-220 ogrzewany z innego pomieszczenia o powierzchni ogrzewanej 16-25 m\u00b3. Wysoko\u015b\u0107 pieca 84 cm. Ilo\u015b\u0107 kamieni oko\u0142o 110 kg. Standardowe","og_url":"https:\/\/www.skamet.ee\/pl\/tooted\/oslonka-siatkowa-okragla-sy-220\/","og_site_name":"Skamet","og_image":[{"width":1708,"height":2560,"url":"https:\/\/www.skamet.ee\/wp-content\/uploads\/2025\/05\/SY-220-GL_Ilu-scaled.jpg","type":"image\/jpeg"}],"twitter_card":"summary_large_image","schema":{"@context":"https:\/\/schema.org","@graph":[{"@type":"WebPage","@id":"https:\/\/www.skamet.ee\/pl\/tooted\/oslonka-siatkowa-okragla-sy-220\/","url":"https:\/\/www.skamet.ee\/pl\/tooted\/oslonka-siatkowa-okragla-sy-220\/","name":"Os\u0142onka siatkowa okr\u0105g\u0142a SY-220 - Skamet","isPartOf":{"@id":"https:\/\/www.skamet.ee\/#website"},"primaryImageOfPage":{"@id":"https:\/\/www.skamet.ee\/pl\/tooted\/oslonka-siatkowa-okragla-sy-220\/#primaryimage"},"image":{"@id":"https:\/\/www.skamet.ee\/pl\/tooted\/oslonka-siatkowa-okragla-sy-220\/#primaryimage"},"thumbnailUrl":"https:\/\/www.skamet.ee\/wp-content\/uploads\/2025\/05\/SY-220-GL_Ilu-scaled.jpg","datePublished":"2024-11-26T07:30:37+00:00","breadcrumb":{"@id":"https:\/\/www.skamet.ee\/pl\/tooted\/oslonka-siatkowa-okragla-sy-220\/#breadcrumb"},"inLanguage":"pl-PL","potentialAction":[{"@type":"ReadAction","target":["https:\/\/www.skamet.ee\/pl\/tooted\/oslonka-siatkowa-okragla-sy-220\/"]}]},{"@type":"ImageObject","inLanguage":"pl-PL","@id":"https:\/\/www.skamet.ee\/pl\/tooted\/oslonka-siatkowa-okragla-sy-220\/#primaryimage","url":"https:\/\/www.skamet.ee\/wp-content\/uploads\/2025\/05\/SY-220-GL_Ilu-scaled.jpg","contentUrl":"https:\/\/www.skamet.ee\/wp-content\/uploads\/2025\/05\/SY-220-GL_Ilu-scaled.jpg","width":1708,"height":2560,"caption":"SY 220 GL Ilu scaled"},{"@type":"BreadcrumbList","@id":"https:\/\/www.skamet.ee\/pl\/tooted\/oslonka-siatkowa-okragla-sy-220\/#breadcrumb","itemListElement":[{"@type":"ListItem","position":1,"name":"Home","item":"https:\/\/www.skamet.ee\/"},{"@type":"ListItem","position":2,"name":"Produkty","item":"https:\/\/www.skamet.ee\/pl\/sklep\/"},{"@type":"ListItem","position":3,"name":"Os\u0142onka siatkowa okr\u0105g\u0142a SY-220"}]},{"@type":"WebSite","@id":"https:\/\/www.skamet.ee\/#website","url":"https:\/\/www.skamet.ee\/","name":"Skamet O\u00dc","description":"Efektiivsed puuk\u00fcttega saunaahjud Eesti tootjalt","publisher":{"@id":"https:\/\/www.skamet.ee\/#organization"},"potentialAction":[{"@type":"SearchAction","target":{"@type":"EntryPoint","urlTemplate":"https:\/\/www.skamet.ee\/?s={search_term_string}"},"query-input":{"@type":"PropertyValueSpecification","valueRequired":true,"valueName":"search_term_string"}}],"inLanguage":"pl-PL"},{"@type":"Organization","@id":"https:\/\/www.skamet.ee\/#organization","name":"Skamet","url":"https:\/\/www.skamet.ee\/","logo":{"@type":"ImageObject","inLanguage":"pl-PL","@id":"https:\/\/www.skamet.ee\/#\/schema\/logo\/image\/","url":"https:\/\/www.skamet.ee\/wp-content\/uploads\/2024\/02\/logo-pl.jpg","contentUrl":"https:\/\/www.skamet.ee\/wp-content\/uploads\/2024\/02\/logo-pl.jpg","width":300,"height":127,"caption":"Skamet"},"image":{"@id":"https:\/\/www.skamet.ee\/#\/schema\/logo\/image\/"}}]}},"_links":{"self":[{"href":"https:\/\/www.skamet.ee\/pl\/wp-json\/wp\/v2\/product\/49049","targetHints":{"allow":["GET"]}}],"collection":[{"href":"https:\/\/www.skamet.ee\/pl\/wp-json\/wp\/v2\/product"}],"about":[{"href":"https:\/\/www.skamet.ee\/pl\/wp-json\/wp\/v2\/types\/product"}],"version-history":[{"count":0,"href":"https:\/\/www.skamet.ee\/pl\/wp-json\/wp\/v2\/product\/49049\/revisions"}],"wp:featuredmedia":[{"embeddable":true,"href":"https:\/\/www.skamet.ee\/pl\/wp-json\/wp\/v2\/media\/55193"}],"wp:attachment":[{"href":"https:\/\/www.skamet.ee\/pl\/wp-json\/wp\/v2\/media?parent=49049"}],"wp:term":[{"taxonomy":"product_brand","embeddable":true,"href":"https:\/\/www.skamet.ee\/pl\/wp-json\/wp\/v2\/product_brand?post=49049"},{"taxonomy":"product_cat","embeddable":true,"href":"https:\/\/www.skamet.ee\/pl\/wp-json\/wp\/v2\/product_cat?post=49049"},{"taxonomy":"product_tag","embeddable":true,"href":"https:\/\/www.skamet.ee\/pl\/wp-json\/wp\/v2\/product_tag?post=49049"}],"curies":[{"name":"wp","href":"https:\/\/api.w.org\/{rel}","templated":true}]}}