{"id":49058,"date":"2024-11-25T13:30:12","date_gmt":"2024-11-25T11:30:12","guid":{"rendered":"https:\/\/www.skamet.ee\/tooted\/bez-kategorii\/p-22040-v-zbiornik-na-wode-lewa-strona\/"},"modified":"2024-11-25T13:30:12","modified_gmt":"2024-11-25T11:30:12","slug":"p-22040-v-zbiornik-na-wode-lewa-strona","status":"publish","type":"product","link":"https:\/\/www.skamet.ee\/pl\/tooted\/p-22040-v-zbiornik-na-wode-lewa-strona\/","title":{"rendered":"P-22040 V zbiornik na wod\u0119 lewa strona"},"content":{"rendered":"<p>Modele ze zbiornikami na wod\u0119<\/p>\n<p>Piec do sauny model P-22040 V o powierzchni grzewczej 16-25 m\u00b3. Wysoko\u015b\u0107 pieca 81 cm. Kamienie do 40 kg.<\/p>\n<p>Standardowe parametry produktu:<\/p>\n<p>\u00bb bez lub ze szklanymi drzwiami (230 x 230 mm);<br \/>\n\u00bb g\u00f3rne przy\u0142\u0105cze kominowe;<br \/>\n\u00bb zawiasy drzwi po lewej stronie;<br \/>\n\u00bb kolor obudowy czarny;<br \/>\n\u00bb piec do sauny pokryty farb\u0105 termiczn\u0105;<br \/>\n\u00bb czarny metalowy zbiornik na wod\u0119 40l z kranem i pokryw\u0105.<\/p>\n<p>Dodatkowe udogodnienia:<br \/>\n\u00bb uchwyt ze stali nierdzewnej;<br \/>\n\u00bb odwrotny model pieca;<br \/>\n\u00bb zawiasy drzwi po prawej stronie;<br \/>\n\u00bb czarny kolor obudowy, w tym jej g\u00f3rna cz\u0119\u015b\u0107, lub wykonany ze stali nierdzewnej;<br \/>\n\u00bb g\u00f3rna cz\u0119\u015b\u0107 obudowy ze stali nierdzewnej.<\/p>\n<p>UWAGA! Je\u015bli masz wod\u0119 gorszej jako\u015bci, zdecydowanie zaleca si\u0119 wyb\u00f3r zbiornika na wod\u0119 ze stali nierdzewnej, poniewa\u017c czarny metal powoduje rdz\u0119, a w rezultacie woda mo\u017ce nie nadawa\u0107 si\u0119 do mycia.<\/p>\n","protected":false},"excerpt":{"rendered":"<p>Modele ze zbiornikami na wod\u0119 Piec do sauny model P-22040 V o powierzchni grzewczej 16-25 m\u00b3. Wysoko\u015b\u0107 pieca 81 cm.<\/p>\n","protected":false},"featured_media":55128,"template":"","meta":{"_lmt_disableupdate":"","_lmt_disable":""},"product_brand":[],"product_cat":[1067],"product_tag":[],"class_list":{"0":"post-49058","1":"product","2":"type-product","3":"status-publish","4":"has-post-thumbnail","6":"product_cat-duze-piekarniki-16-25-m3-pl","8":"first","9":"instock","10":"shipping-taxable","11":"product-type-simple"},"yoast_head":"<!-- This site is optimized with the Yoast SEO plugin v27.0 - https:\/\/yoast.com\/product\/yoast-seo-wordpress\/ -->\n<title>P-22040 V zbiornik na wod\u0119 lewa strona - Skamet<\/title>\n<meta name=\"robots\" content=\"index, follow, max-snippet:-1, max-image-preview:large, max-video-preview:-1\" \/>\n<link rel=\"canonical\" href=\"https:\/\/www.skamet.ee\/pl\/tooted\/p-22040-v-zbiornik-na-wode-lewa-strona\/\" \/>\n<meta property=\"og:locale\" content=\"pl_PL\" \/>\n<meta property=\"og:type\" content=\"article\" \/>\n<meta property=\"og:title\" content=\"P-22040 V zbiornik na wod\u0119 lewa strona - Skamet\" \/>\n<meta property=\"og:description\" content=\"Modele ze zbiornikami na wod\u0119 Piec do sauny model P-22040 V o powierzchni grzewczej 16-25 m\u00b3. Wysoko\u015b\u0107 pieca 81 cm.\" \/>\n<meta property=\"og:url\" content=\"https:\/\/www.skamet.ee\/pl\/tooted\/p-22040-v-zbiornik-na-wode-lewa-strona\/\" \/>\n<meta property=\"og:site_name\" content=\"Skamet\" \/>\n<meta property=\"og:image\" content=\"https:\/\/www.skamet.ee\/wp-content\/uploads\/2024\/11\/P-22040-VGL-scaled.jpg\" \/>\n\t<meta property=\"og:image:width\" content=\"1708\" \/>\n\t<meta property=\"og:image:height\" content=\"2560\" \/>\n\t<meta property=\"og:image:type\" content=\"image\/jpeg\" \/>\n<meta name=\"twitter:card\" content=\"summary_large_image\" \/>\n<meta name=\"twitter:label1\" content=\"Szacowany czas czytania\" \/>\n\t<meta name=\"twitter:data1\" content=\"1 minuta\" \/>\n<script type=\"application\/ld+json\" class=\"yoast-schema-graph\">{\"@context\":\"https:\/\/schema.org\",\"@graph\":[{\"@type\":\"WebPage\",\"@id\":\"https:\/\/www.skamet.ee\/pl\/tooted\/p-22040-v-zbiornik-na-wode-lewa-strona\/\",\"url\":\"https:\/\/www.skamet.ee\/pl\/tooted\/p-22040-v-zbiornik-na-wode-lewa-strona\/\",\"name\":\"P-22040 V zbiornik na wod\u0119 lewa strona - Skamet\",\"isPartOf\":{\"@id\":\"https:\/\/www.skamet.ee\/#website\"},\"primaryImageOfPage\":{\"@id\":\"https:\/\/www.skamet.ee\/pl\/tooted\/p-22040-v-zbiornik-na-wode-lewa-strona\/#primaryimage\"},\"image\":{\"@id\":\"https:\/\/www.skamet.ee\/pl\/tooted\/p-22040-v-zbiornik-na-wode-lewa-strona\/#primaryimage\"},\"thumbnailUrl\":\"https:\/\/www.skamet.ee\/wp-content\/uploads\/2024\/11\/P-22040-VGL-scaled.jpg\",\"datePublished\":\"2024-11-25T11:30:12+00:00\",\"breadcrumb\":{\"@id\":\"https:\/\/www.skamet.ee\/pl\/tooted\/p-22040-v-zbiornik-na-wode-lewa-strona\/#breadcrumb\"},\"inLanguage\":\"pl-PL\",\"potentialAction\":[{\"@type\":\"ReadAction\",\"target\":[\"https:\/\/www.skamet.ee\/pl\/tooted\/p-22040-v-zbiornik-na-wode-lewa-strona\/\"]}]},{\"@type\":\"ImageObject\",\"inLanguage\":\"pl-PL\",\"@id\":\"https:\/\/www.skamet.ee\/pl\/tooted\/p-22040-v-zbiornik-na-wode-lewa-strona\/#primaryimage\",\"url\":\"https:\/\/www.skamet.ee\/wp-content\/uploads\/2024\/11\/P-22040-VGL-scaled.jpg\",\"contentUrl\":\"https:\/\/www.skamet.ee\/wp-content\/uploads\/2024\/11\/P-22040-VGL-scaled.jpg\",\"width\":1708,\"height\":2560,\"caption\":\"P 22040 VGL scaled\"},{\"@type\":\"BreadcrumbList\",\"@id\":\"https:\/\/www.skamet.ee\/pl\/tooted\/p-22040-v-zbiornik-na-wode-lewa-strona\/#breadcrumb\",\"itemListElement\":[{\"@type\":\"ListItem\",\"position\":1,\"name\":\"Home\",\"item\":\"https:\/\/www.skamet.ee\/\"},{\"@type\":\"ListItem\",\"position\":2,\"name\":\"Produkty\",\"item\":\"https:\/\/www.skamet.ee\/pl\/sklep\/\"},{\"@type\":\"ListItem\",\"position\":3,\"name\":\"P-22040 V zbiornik na wod\u0119 lewa strona\"}]},{\"@type\":\"WebSite\",\"@id\":\"https:\/\/www.skamet.ee\/#website\",\"url\":\"https:\/\/www.skamet.ee\/\",\"name\":\"Skamet O\u00dc\",\"description\":\"Efektiivsed puuk\u00fcttega saunaahjud Eesti tootjalt\",\"publisher\":{\"@id\":\"https:\/\/www.skamet.ee\/#organization\"},\"potentialAction\":[{\"@type\":\"SearchAction\",\"target\":{\"@type\":\"EntryPoint\",\"urlTemplate\":\"https:\/\/www.skamet.ee\/?s={search_term_string}\"},\"query-input\":{\"@type\":\"PropertyValueSpecification\",\"valueRequired\":true,\"valueName\":\"search_term_string\"}}],\"inLanguage\":\"pl-PL\"},{\"@type\":\"Organization\",\"@id\":\"https:\/\/www.skamet.ee\/#organization\",\"name\":\"Skamet\",\"url\":\"https:\/\/www.skamet.ee\/\",\"logo\":{\"@type\":\"ImageObject\",\"inLanguage\":\"pl-PL\",\"@id\":\"https:\/\/www.skamet.ee\/#\/schema\/logo\/image\/\",\"url\":\"https:\/\/www.skamet.ee\/wp-content\/uploads\/2024\/02\/logo-pl.jpg\",\"contentUrl\":\"https:\/\/www.skamet.ee\/wp-content\/uploads\/2024\/02\/logo-pl.jpg\",\"width\":300,\"height\":127,\"caption\":\"Skamet\"},\"image\":{\"@id\":\"https:\/\/www.skamet.ee\/#\/schema\/logo\/image\/\"}}]}<\/script>\n<!-- \/ Yoast SEO plugin. -->","yoast_head_json":{"title":"P-22040 V zbiornik na wod\u0119 lewa strona - Skamet","robots":{"index":"index","follow":"follow","max-snippet":"max-snippet:-1","max-image-preview":"max-image-preview:large","max-video-preview":"max-video-preview:-1"},"canonical":"https:\/\/www.skamet.ee\/pl\/tooted\/p-22040-v-zbiornik-na-wode-lewa-strona\/","og_locale":"pl_PL","og_type":"article","og_title":"P-22040 V zbiornik na wod\u0119 lewa strona - Skamet","og_description":"Modele ze zbiornikami na wod\u0119 Piec do sauny model P-22040 V o powierzchni grzewczej 16-25 m\u00b3. Wysoko\u015b\u0107 pieca 81 cm.","og_url":"https:\/\/www.skamet.ee\/pl\/tooted\/p-22040-v-zbiornik-na-wode-lewa-strona\/","og_site_name":"Skamet","og_image":[{"width":1708,"height":2560,"url":"https:\/\/www.skamet.ee\/wp-content\/uploads\/2024\/11\/P-22040-VGL-scaled.jpg","type":"image\/jpeg"}],"twitter_card":"summary_large_image","twitter_misc":{"Szacowany czas czytania":"1 minuta"},"schema":{"@context":"https:\/\/schema.org","@graph":[{"@type":"WebPage","@id":"https:\/\/www.skamet.ee\/pl\/tooted\/p-22040-v-zbiornik-na-wode-lewa-strona\/","url":"https:\/\/www.skamet.ee\/pl\/tooted\/p-22040-v-zbiornik-na-wode-lewa-strona\/","name":"P-22040 V zbiornik na wod\u0119 lewa strona - Skamet","isPartOf":{"@id":"https:\/\/www.skamet.ee\/#website"},"primaryImageOfPage":{"@id":"https:\/\/www.skamet.ee\/pl\/tooted\/p-22040-v-zbiornik-na-wode-lewa-strona\/#primaryimage"},"image":{"@id":"https:\/\/www.skamet.ee\/pl\/tooted\/p-22040-v-zbiornik-na-wode-lewa-strona\/#primaryimage"},"thumbnailUrl":"https:\/\/www.skamet.ee\/wp-content\/uploads\/2024\/11\/P-22040-VGL-scaled.jpg","datePublished":"2024-11-25T11:30:12+00:00","breadcrumb":{"@id":"https:\/\/www.skamet.ee\/pl\/tooted\/p-22040-v-zbiornik-na-wode-lewa-strona\/#breadcrumb"},"inLanguage":"pl-PL","potentialAction":[{"@type":"ReadAction","target":["https:\/\/www.skamet.ee\/pl\/tooted\/p-22040-v-zbiornik-na-wode-lewa-strona\/"]}]},{"@type":"ImageObject","inLanguage":"pl-PL","@id":"https:\/\/www.skamet.ee\/pl\/tooted\/p-22040-v-zbiornik-na-wode-lewa-strona\/#primaryimage","url":"https:\/\/www.skamet.ee\/wp-content\/uploads\/2024\/11\/P-22040-VGL-scaled.jpg","contentUrl":"https:\/\/www.skamet.ee\/wp-content\/uploads\/2024\/11\/P-22040-VGL-scaled.jpg","width":1708,"height":2560,"caption":"P 22040 VGL scaled"},{"@type":"BreadcrumbList","@id":"https:\/\/www.skamet.ee\/pl\/tooted\/p-22040-v-zbiornik-na-wode-lewa-strona\/#breadcrumb","itemListElement":[{"@type":"ListItem","position":1,"name":"Home","item":"https:\/\/www.skamet.ee\/"},{"@type":"ListItem","position":2,"name":"Produkty","item":"https:\/\/www.skamet.ee\/pl\/sklep\/"},{"@type":"ListItem","position":3,"name":"P-22040 V zbiornik na wod\u0119 lewa strona"}]},{"@type":"WebSite","@id":"https:\/\/www.skamet.ee\/#website","url":"https:\/\/www.skamet.ee\/","name":"Skamet O\u00dc","description":"Efektiivsed puuk\u00fcttega saunaahjud Eesti tootjalt","publisher":{"@id":"https:\/\/www.skamet.ee\/#organization"},"potentialAction":[{"@type":"SearchAction","target":{"@type":"EntryPoint","urlTemplate":"https:\/\/www.skamet.ee\/?s={search_term_string}"},"query-input":{"@type":"PropertyValueSpecification","valueRequired":true,"valueName":"search_term_string"}}],"inLanguage":"pl-PL"},{"@type":"Organization","@id":"https:\/\/www.skamet.ee\/#organization","name":"Skamet","url":"https:\/\/www.skamet.ee\/","logo":{"@type":"ImageObject","inLanguage":"pl-PL","@id":"https:\/\/www.skamet.ee\/#\/schema\/logo\/image\/","url":"https:\/\/www.skamet.ee\/wp-content\/uploads\/2024\/02\/logo-pl.jpg","contentUrl":"https:\/\/www.skamet.ee\/wp-content\/uploads\/2024\/02\/logo-pl.jpg","width":300,"height":127,"caption":"Skamet"},"image":{"@id":"https:\/\/www.skamet.ee\/#\/schema\/logo\/image\/"}}]}},"_links":{"self":[{"href":"https:\/\/www.skamet.ee\/pl\/wp-json\/wp\/v2\/product\/49058","targetHints":{"allow":["GET"]}}],"collection":[{"href":"https:\/\/www.skamet.ee\/pl\/wp-json\/wp\/v2\/product"}],"about":[{"href":"https:\/\/www.skamet.ee\/pl\/wp-json\/wp\/v2\/types\/product"}],"version-history":[{"count":0,"href":"https:\/\/www.skamet.ee\/pl\/wp-json\/wp\/v2\/product\/49058\/revisions"}],"wp:featuredmedia":[{"embeddable":true,"href":"https:\/\/www.skamet.ee\/pl\/wp-json\/wp\/v2\/media\/55128"}],"wp:attachment":[{"href":"https:\/\/www.skamet.ee\/pl\/wp-json\/wp\/v2\/media?parent=49058"}],"wp:term":[{"taxonomy":"product_brand","embeddable":true,"href":"https:\/\/www.skamet.ee\/pl\/wp-json\/wp\/v2\/product_brand?post=49058"},{"taxonomy":"product_cat","embeddable":true,"href":"https:\/\/www.skamet.ee\/pl\/wp-json\/wp\/v2\/product_cat?post=49058"},{"taxonomy":"product_tag","embeddable":true,"href":"https:\/\/www.skamet.ee\/pl\/wp-json\/wp\/v2\/product_tag?post=49058"}],"curies":[{"name":"wp","href":"https:\/\/api.w.org\/{rel}","templated":true}]}}