{"id":49063,"date":"2024-11-25T13:05:43","date_gmt":"2024-11-25T11:05:43","guid":{"rendered":"https:\/\/www.skamet.ee\/tooted\/bez-kategorii\/podlaczenie-kotla-p-220-bp-prawe\/"},"modified":"2024-11-25T13:05:43","modified_gmt":"2024-11-25T11:05:43","slug":"podlaczenie-kotla-p-220-bp-prawe","status":"publish","type":"product","link":"https:\/\/www.skamet.ee\/pl\/tooted\/podlaczenie-kotla-p-220-bp-prawe\/","title":{"rendered":"Pod\u0142\u0105czenie kot\u0142a P-220 BP prawe"},"content":{"rendered":"<p>Piec do sauny model P-220 BP o powierzchni grzewczej 16-25 m\u00b3. Wysoko\u015b\u0107 pieca 81 cm. Kamienie do 50 kg.<\/p>\n<p>Standardowe parametry produktu:<\/p>\n<p>\u00bb bez lub ze szklanymi drzwiami (230 x 230 mm);<br \/>\n\u00bb g\u00f3rne i tylne przy\u0142\u0105cze kominowe;<br \/>\n\u00bb zawiasy drzwi po lewej stronie;<br \/>\n\u00bb kolor obudowy: czerwony\/czarny;<br \/>\n\u00bb piec do sauny pokryty farb\u0105 termiczn\u0105;<br \/>\n\u00bb przy\u0142\u0105cze kot\u0142a po prawej stronie.<\/p>\n<p>Dodatkowe udogodnienia:<br \/>\n\u00bb uchwyt ze stali nierdzewnej (jak uchwyt drzwi kominkowych);<br \/>\n\u00bb odwrotny model pieca;<br \/>\n\u00bb zawiasy drzwi po prawej stronie;<br \/>\n\u00bb czarny kolor obudowy, \u0142\u0105cznie z jej g\u00f3rn\u0105 cz\u0119\u015bci\u0105, lub wykonany ze stali nierdzewnej;<br \/>\n\u00bb g\u00f3rna cz\u0119\u015b\u0107 obudowy ze stali nierdzewnej.<\/p>\n","protected":false},"excerpt":{"rendered":"<p>Piec do sauny model P-220 BP o powierzchni grzewczej 16-25 m\u00b3. Wysoko\u015b\u0107 pieca 81 cm. Kamienie do 50 kg. Standardowe<\/p>\n","protected":false},"featured_media":45317,"template":"","meta":{"_lmt_disableupdate":"","_lmt_disable":""},"product_brand":[],"product_cat":[1067],"product_tag":[],"class_list":{"0":"post-49063","1":"product","2":"type-product","3":"status-publish","4":"has-post-thumbnail","6":"product_cat-duze-piekarniki-16-25-m3-pl","8":"first","9":"instock","10":"shipping-taxable","11":"product-type-simple"},"yoast_head":"<!-- This site is optimized with the Yoast SEO plugin v27.0 - https:\/\/yoast.com\/product\/yoast-seo-wordpress\/ -->\n<title>Pod\u0142\u0105czenie kot\u0142a P-220 BP prawe - Skamet<\/title>\n<meta name=\"robots\" content=\"index, follow, max-snippet:-1, max-image-preview:large, max-video-preview:-1\" \/>\n<link rel=\"canonical\" href=\"https:\/\/www.skamet.ee\/pl\/tooted\/podlaczenie-kotla-p-220-bp-prawe\/\" \/>\n<meta property=\"og:locale\" content=\"pl_PL\" \/>\n<meta property=\"og:type\" content=\"article\" \/>\n<meta property=\"og:title\" content=\"Pod\u0142\u0105czenie kot\u0142a P-220 BP prawe - Skamet\" \/>\n<meta property=\"og:description\" content=\"Piec do sauny model P-220 BP o powierzchni grzewczej 16-25 m\u00b3. Wysoko\u015b\u0107 pieca 81 cm. Kamienie do 50 kg. Standardowe\" \/>\n<meta property=\"og:url\" content=\"https:\/\/www.skamet.ee\/pl\/tooted\/podlaczenie-kotla-p-220-bp-prawe\/\" \/>\n<meta property=\"og:site_name\" content=\"Skamet\" \/>\n<meta property=\"og:image\" content=\"https:\/\/www.skamet.ee\/wp-content\/uploads\/2024\/11\/P-216-BP.jpg\" \/>\n\t<meta property=\"og:image:width\" content=\"2048\" \/>\n\t<meta property=\"og:image:height\" content=\"2046\" \/>\n\t<meta property=\"og:image:type\" content=\"image\/jpeg\" \/>\n<meta name=\"twitter:card\" content=\"summary_large_image\" \/>\n<script type=\"application\/ld+json\" class=\"yoast-schema-graph\">{\"@context\":\"https:\/\/schema.org\",\"@graph\":[{\"@type\":\"WebPage\",\"@id\":\"https:\/\/www.skamet.ee\/pl\/tooted\/podlaczenie-kotla-p-220-bp-prawe\/\",\"url\":\"https:\/\/www.skamet.ee\/pl\/tooted\/podlaczenie-kotla-p-220-bp-prawe\/\",\"name\":\"Pod\u0142\u0105czenie kot\u0142a P-220 BP prawe - Skamet\",\"isPartOf\":{\"@id\":\"https:\/\/www.skamet.ee\/#website\"},\"primaryImageOfPage\":{\"@id\":\"https:\/\/www.skamet.ee\/pl\/tooted\/podlaczenie-kotla-p-220-bp-prawe\/#primaryimage\"},\"image\":{\"@id\":\"https:\/\/www.skamet.ee\/pl\/tooted\/podlaczenie-kotla-p-220-bp-prawe\/#primaryimage\"},\"thumbnailUrl\":\"https:\/\/www.skamet.ee\/wp-content\/uploads\/2024\/11\/P-216-BP.jpg\",\"datePublished\":\"2024-11-25T11:05:43+00:00\",\"breadcrumb\":{\"@id\":\"https:\/\/www.skamet.ee\/pl\/tooted\/podlaczenie-kotla-p-220-bp-prawe\/#breadcrumb\"},\"inLanguage\":\"pl-PL\",\"potentialAction\":[{\"@type\":\"ReadAction\",\"target\":[\"https:\/\/www.skamet.ee\/pl\/tooted\/podlaczenie-kotla-p-220-bp-prawe\/\"]}]},{\"@type\":\"ImageObject\",\"inLanguage\":\"pl-PL\",\"@id\":\"https:\/\/www.skamet.ee\/pl\/tooted\/podlaczenie-kotla-p-220-bp-prawe\/#primaryimage\",\"url\":\"https:\/\/www.skamet.ee\/wp-content\/uploads\/2024\/11\/P-216-BP.jpg\",\"contentUrl\":\"https:\/\/www.skamet.ee\/wp-content\/uploads\/2024\/11\/P-216-BP.jpg\",\"width\":2048,\"height\":2046,\"caption\":\"P 216 BP\"},{\"@type\":\"BreadcrumbList\",\"@id\":\"https:\/\/www.skamet.ee\/pl\/tooted\/podlaczenie-kotla-p-220-bp-prawe\/#breadcrumb\",\"itemListElement\":[{\"@type\":\"ListItem\",\"position\":1,\"name\":\"Home\",\"item\":\"https:\/\/www.skamet.ee\/\"},{\"@type\":\"ListItem\",\"position\":2,\"name\":\"Produkty\",\"item\":\"https:\/\/www.skamet.ee\/pl\/sklep\/\"},{\"@type\":\"ListItem\",\"position\":3,\"name\":\"Pod\u0142\u0105czenie kot\u0142a P-220 BP prawe\"}]},{\"@type\":\"WebSite\",\"@id\":\"https:\/\/www.skamet.ee\/#website\",\"url\":\"https:\/\/www.skamet.ee\/\",\"name\":\"Skamet O\u00dc\",\"description\":\"Efektiivsed puuk\u00fcttega saunaahjud Eesti tootjalt\",\"publisher\":{\"@id\":\"https:\/\/www.skamet.ee\/#organization\"},\"potentialAction\":[{\"@type\":\"SearchAction\",\"target\":{\"@type\":\"EntryPoint\",\"urlTemplate\":\"https:\/\/www.skamet.ee\/?s={search_term_string}\"},\"query-input\":{\"@type\":\"PropertyValueSpecification\",\"valueRequired\":true,\"valueName\":\"search_term_string\"}}],\"inLanguage\":\"pl-PL\"},{\"@type\":\"Organization\",\"@id\":\"https:\/\/www.skamet.ee\/#organization\",\"name\":\"Skamet\",\"url\":\"https:\/\/www.skamet.ee\/\",\"logo\":{\"@type\":\"ImageObject\",\"inLanguage\":\"pl-PL\",\"@id\":\"https:\/\/www.skamet.ee\/#\/schema\/logo\/image\/\",\"url\":\"https:\/\/www.skamet.ee\/wp-content\/uploads\/2024\/02\/logo-pl.jpg\",\"contentUrl\":\"https:\/\/www.skamet.ee\/wp-content\/uploads\/2024\/02\/logo-pl.jpg\",\"width\":300,\"height\":127,\"caption\":\"Skamet\"},\"image\":{\"@id\":\"https:\/\/www.skamet.ee\/#\/schema\/logo\/image\/\"}}]}<\/script>\n<!-- \/ Yoast SEO plugin. -->","yoast_head_json":{"title":"Pod\u0142\u0105czenie kot\u0142a P-220 BP prawe - Skamet","robots":{"index":"index","follow":"follow","max-snippet":"max-snippet:-1","max-image-preview":"max-image-preview:large","max-video-preview":"max-video-preview:-1"},"canonical":"https:\/\/www.skamet.ee\/pl\/tooted\/podlaczenie-kotla-p-220-bp-prawe\/","og_locale":"pl_PL","og_type":"article","og_title":"Pod\u0142\u0105czenie kot\u0142a P-220 BP prawe - Skamet","og_description":"Piec do sauny model P-220 BP o powierzchni grzewczej 16-25 m\u00b3. Wysoko\u015b\u0107 pieca 81 cm. Kamienie do 50 kg. Standardowe","og_url":"https:\/\/www.skamet.ee\/pl\/tooted\/podlaczenie-kotla-p-220-bp-prawe\/","og_site_name":"Skamet","og_image":[{"width":2048,"height":2046,"url":"https:\/\/www.skamet.ee\/wp-content\/uploads\/2024\/11\/P-216-BP.jpg","type":"image\/jpeg"}],"twitter_card":"summary_large_image","schema":{"@context":"https:\/\/schema.org","@graph":[{"@type":"WebPage","@id":"https:\/\/www.skamet.ee\/pl\/tooted\/podlaczenie-kotla-p-220-bp-prawe\/","url":"https:\/\/www.skamet.ee\/pl\/tooted\/podlaczenie-kotla-p-220-bp-prawe\/","name":"Pod\u0142\u0105czenie kot\u0142a P-220 BP prawe - Skamet","isPartOf":{"@id":"https:\/\/www.skamet.ee\/#website"},"primaryImageOfPage":{"@id":"https:\/\/www.skamet.ee\/pl\/tooted\/podlaczenie-kotla-p-220-bp-prawe\/#primaryimage"},"image":{"@id":"https:\/\/www.skamet.ee\/pl\/tooted\/podlaczenie-kotla-p-220-bp-prawe\/#primaryimage"},"thumbnailUrl":"https:\/\/www.skamet.ee\/wp-content\/uploads\/2024\/11\/P-216-BP.jpg","datePublished":"2024-11-25T11:05:43+00:00","breadcrumb":{"@id":"https:\/\/www.skamet.ee\/pl\/tooted\/podlaczenie-kotla-p-220-bp-prawe\/#breadcrumb"},"inLanguage":"pl-PL","potentialAction":[{"@type":"ReadAction","target":["https:\/\/www.skamet.ee\/pl\/tooted\/podlaczenie-kotla-p-220-bp-prawe\/"]}]},{"@type":"ImageObject","inLanguage":"pl-PL","@id":"https:\/\/www.skamet.ee\/pl\/tooted\/podlaczenie-kotla-p-220-bp-prawe\/#primaryimage","url":"https:\/\/www.skamet.ee\/wp-content\/uploads\/2024\/11\/P-216-BP.jpg","contentUrl":"https:\/\/www.skamet.ee\/wp-content\/uploads\/2024\/11\/P-216-BP.jpg","width":2048,"height":2046,"caption":"P 216 BP"},{"@type":"BreadcrumbList","@id":"https:\/\/www.skamet.ee\/pl\/tooted\/podlaczenie-kotla-p-220-bp-prawe\/#breadcrumb","itemListElement":[{"@type":"ListItem","position":1,"name":"Home","item":"https:\/\/www.skamet.ee\/"},{"@type":"ListItem","position":2,"name":"Produkty","item":"https:\/\/www.skamet.ee\/pl\/sklep\/"},{"@type":"ListItem","position":3,"name":"Pod\u0142\u0105czenie kot\u0142a P-220 BP prawe"}]},{"@type":"WebSite","@id":"https:\/\/www.skamet.ee\/#website","url":"https:\/\/www.skamet.ee\/","name":"Skamet O\u00dc","description":"Efektiivsed puuk\u00fcttega saunaahjud Eesti tootjalt","publisher":{"@id":"https:\/\/www.skamet.ee\/#organization"},"potentialAction":[{"@type":"SearchAction","target":{"@type":"EntryPoint","urlTemplate":"https:\/\/www.skamet.ee\/?s={search_term_string}"},"query-input":{"@type":"PropertyValueSpecification","valueRequired":true,"valueName":"search_term_string"}}],"inLanguage":"pl-PL"},{"@type":"Organization","@id":"https:\/\/www.skamet.ee\/#organization","name":"Skamet","url":"https:\/\/www.skamet.ee\/","logo":{"@type":"ImageObject","inLanguage":"pl-PL","@id":"https:\/\/www.skamet.ee\/#\/schema\/logo\/image\/","url":"https:\/\/www.skamet.ee\/wp-content\/uploads\/2024\/02\/logo-pl.jpg","contentUrl":"https:\/\/www.skamet.ee\/wp-content\/uploads\/2024\/02\/logo-pl.jpg","width":300,"height":127,"caption":"Skamet"},"image":{"@id":"https:\/\/www.skamet.ee\/#\/schema\/logo\/image\/"}}]}},"_links":{"self":[{"href":"https:\/\/www.skamet.ee\/pl\/wp-json\/wp\/v2\/product\/49063","targetHints":{"allow":["GET"]}}],"collection":[{"href":"https:\/\/www.skamet.ee\/pl\/wp-json\/wp\/v2\/product"}],"about":[{"href":"https:\/\/www.skamet.ee\/pl\/wp-json\/wp\/v2\/types\/product"}],"version-history":[{"count":0,"href":"https:\/\/www.skamet.ee\/pl\/wp-json\/wp\/v2\/product\/49063\/revisions"}],"wp:featuredmedia":[{"embeddable":true,"href":"https:\/\/www.skamet.ee\/pl\/wp-json\/wp\/v2\/media\/45317"}],"wp:attachment":[{"href":"https:\/\/www.skamet.ee\/pl\/wp-json\/wp\/v2\/media?parent=49063"}],"wp:term":[{"taxonomy":"product_brand","embeddable":true,"href":"https:\/\/www.skamet.ee\/pl\/wp-json\/wp\/v2\/product_brand?post=49063"},{"taxonomy":"product_cat","embeddable":true,"href":"https:\/\/www.skamet.ee\/pl\/wp-json\/wp\/v2\/product_cat?post=49063"},{"taxonomy":"product_tag","embeddable":true,"href":"https:\/\/www.skamet.ee\/pl\/wp-json\/wp\/v2\/product_tag?post=49063"}],"curies":[{"name":"wp","href":"https:\/\/api.w.org\/{rel}","templated":true}]}}