{"id":49095,"date":"2024-10-25T09:46:08","date_gmt":"2024-10-25T06:46:08","guid":{"rendered":"https:\/\/www.skamet.ee\/tooted\/bez-kategorii\/b-80-vrv\/"},"modified":"2024-10-25T09:46:08","modified_gmt":"2024-10-25T06:46:08","slug":"b-80-vrv","status":"publish","type":"product","link":"https:\/\/www.skamet.ee\/pl\/tooted\/b-80-vrv\/","title":{"rendered":"B-80 VRV"},"content":{"rendered":"<p>Zamkni\u0119ty system zbiornika na wod\u0119 B-80 VRV- zawiera 80 l wody, stal nierdzewna, pionowy, \u00d8 450 mm lub 400 mm.<\/p>\n<p>Zbiorniki na wod\u0119 s\u0105 dostarczane z uchwytami \u015bciennymi oddzielnie. Kocio\u0142 jest przymocowany za pomoc\u0105 dw\u00f3ch ko\u0142k\u00f3w \u0142\u0105cz\u0105cych.<\/p>\n<p>Do dzia\u0142ania kot\u0142a wodnego konieczna jest prawid\u0142owa konserwacja.<\/p>\n","protected":false},"excerpt":{"rendered":"<p>Zamkni\u0119ty system zbiornika na wod\u0119 B-80 VRV- zawiera 80 l wody, stal nierdzewna, pionowy, \u00d8 450 mm lub 400 mm.<\/p>\n","protected":false},"featured_media":50757,"template":"","meta":{"_lmt_disableupdate":"","_lmt_disable":""},"product_brand":[],"product_cat":[1080],"product_tag":[],"class_list":{"0":"post-49095","1":"product","2":"type-product","3":"status-publish","4":"has-post-thumbnail","6":"product_cat-pionowy-pl","8":"first","9":"instock","10":"shipping-taxable","11":"product-type-simple"},"yoast_head":"<!-- This site is optimized with the Yoast SEO plugin v27.0 - https:\/\/yoast.com\/product\/yoast-seo-wordpress\/ -->\n<title>B-80 VRV - Skamet<\/title>\n<meta name=\"robots\" content=\"index, follow, max-snippet:-1, max-image-preview:large, max-video-preview:-1\" \/>\n<link rel=\"canonical\" href=\"https:\/\/www.skamet.ee\/pl\/tooted\/b-80-vrv\/\" \/>\n<meta property=\"og:locale\" content=\"pl_PL\" \/>\n<meta property=\"og:type\" content=\"article\" \/>\n<meta property=\"og:title\" content=\"B-80 VRV - Skamet\" \/>\n<meta property=\"og:description\" content=\"Zamkni\u0119ty system zbiornika na wod\u0119 B-80 VRV- zawiera 80 l wody, stal nierdzewna, pionowy, \u00d8 450 mm lub 400 mm.\" \/>\n<meta property=\"og:url\" content=\"https:\/\/www.skamet.ee\/pl\/tooted\/b-80-vrv\/\" \/>\n<meta property=\"og:site_name\" content=\"Skamet\" \/>\n<meta property=\"og:image\" content=\"https:\/\/www.skamet.ee\/wp-content\/uploads\/2024\/10\/B-80-VRV-1-scaled.jpg\" \/>\n\t<meta property=\"og:image:width\" content=\"1708\" \/>\n\t<meta property=\"og:image:height\" content=\"2560\" \/>\n\t<meta property=\"og:image:type\" content=\"image\/jpeg\" \/>\n<meta name=\"twitter:card\" content=\"summary_large_image\" \/>\n<script type=\"application\/ld+json\" class=\"yoast-schema-graph\">{\"@context\":\"https:\/\/schema.org\",\"@graph\":[{\"@type\":\"WebPage\",\"@id\":\"https:\/\/www.skamet.ee\/pl\/tooted\/b-80-vrv\/\",\"url\":\"https:\/\/www.skamet.ee\/pl\/tooted\/b-80-vrv\/\",\"name\":\"B-80 VRV - Skamet\",\"isPartOf\":{\"@id\":\"https:\/\/www.skamet.ee\/#website\"},\"primaryImageOfPage\":{\"@id\":\"https:\/\/www.skamet.ee\/pl\/tooted\/b-80-vrv\/#primaryimage\"},\"image\":{\"@id\":\"https:\/\/www.skamet.ee\/pl\/tooted\/b-80-vrv\/#primaryimage\"},\"thumbnailUrl\":\"https:\/\/www.skamet.ee\/wp-content\/uploads\/2024\/10\/B-80-VRV-1-scaled.jpg\",\"datePublished\":\"2024-10-25T06:46:08+00:00\",\"breadcrumb\":{\"@id\":\"https:\/\/www.skamet.ee\/pl\/tooted\/b-80-vrv\/#breadcrumb\"},\"inLanguage\":\"pl-PL\",\"potentialAction\":[{\"@type\":\"ReadAction\",\"target\":[\"https:\/\/www.skamet.ee\/pl\/tooted\/b-80-vrv\/\"]}]},{\"@type\":\"ImageObject\",\"inLanguage\":\"pl-PL\",\"@id\":\"https:\/\/www.skamet.ee\/pl\/tooted\/b-80-vrv\/#primaryimage\",\"url\":\"https:\/\/www.skamet.ee\/wp-content\/uploads\/2024\/10\/B-80-VRV-1-scaled.jpg\",\"contentUrl\":\"https:\/\/www.skamet.ee\/wp-content\/uploads\/2024\/10\/B-80-VRV-1-scaled.jpg\",\"width\":1708,\"height\":2560,\"caption\":\"B 80 VRV 1 scaled\"},{\"@type\":\"BreadcrumbList\",\"@id\":\"https:\/\/www.skamet.ee\/pl\/tooted\/b-80-vrv\/#breadcrumb\",\"itemListElement\":[{\"@type\":\"ListItem\",\"position\":1,\"name\":\"Home\",\"item\":\"https:\/\/www.skamet.ee\/\"},{\"@type\":\"ListItem\",\"position\":2,\"name\":\"Produkty\",\"item\":\"https:\/\/www.skamet.ee\/pl\/sklep\/\"},{\"@type\":\"ListItem\",\"position\":3,\"name\":\"B-80 VRV\"}]},{\"@type\":\"WebSite\",\"@id\":\"https:\/\/www.skamet.ee\/#website\",\"url\":\"https:\/\/www.skamet.ee\/\",\"name\":\"Skamet O\u00dc\",\"description\":\"Efektiivsed puuk\u00fcttega saunaahjud Eesti tootjalt\",\"publisher\":{\"@id\":\"https:\/\/www.skamet.ee\/#organization\"},\"potentialAction\":[{\"@type\":\"SearchAction\",\"target\":{\"@type\":\"EntryPoint\",\"urlTemplate\":\"https:\/\/www.skamet.ee\/?s={search_term_string}\"},\"query-input\":{\"@type\":\"PropertyValueSpecification\",\"valueRequired\":true,\"valueName\":\"search_term_string\"}}],\"inLanguage\":\"pl-PL\"},{\"@type\":\"Organization\",\"@id\":\"https:\/\/www.skamet.ee\/#organization\",\"name\":\"Skamet\",\"url\":\"https:\/\/www.skamet.ee\/\",\"logo\":{\"@type\":\"ImageObject\",\"inLanguage\":\"pl-PL\",\"@id\":\"https:\/\/www.skamet.ee\/#\/schema\/logo\/image\/\",\"url\":\"https:\/\/www.skamet.ee\/wp-content\/uploads\/2024\/02\/logo-pl.jpg\",\"contentUrl\":\"https:\/\/www.skamet.ee\/wp-content\/uploads\/2024\/02\/logo-pl.jpg\",\"width\":300,\"height\":127,\"caption\":\"Skamet\"},\"image\":{\"@id\":\"https:\/\/www.skamet.ee\/#\/schema\/logo\/image\/\"}}]}<\/script>\n<!-- \/ Yoast SEO plugin. -->","yoast_head_json":{"title":"B-80 VRV - Skamet","robots":{"index":"index","follow":"follow","max-snippet":"max-snippet:-1","max-image-preview":"max-image-preview:large","max-video-preview":"max-video-preview:-1"},"canonical":"https:\/\/www.skamet.ee\/pl\/tooted\/b-80-vrv\/","og_locale":"pl_PL","og_type":"article","og_title":"B-80 VRV - Skamet","og_description":"Zamkni\u0119ty system zbiornika na wod\u0119 B-80 VRV- zawiera 80 l wody, stal nierdzewna, pionowy, \u00d8 450 mm lub 400 mm.","og_url":"https:\/\/www.skamet.ee\/pl\/tooted\/b-80-vrv\/","og_site_name":"Skamet","og_image":[{"width":1708,"height":2560,"url":"https:\/\/www.skamet.ee\/wp-content\/uploads\/2024\/10\/B-80-VRV-1-scaled.jpg","type":"image\/jpeg"}],"twitter_card":"summary_large_image","schema":{"@context":"https:\/\/schema.org","@graph":[{"@type":"WebPage","@id":"https:\/\/www.skamet.ee\/pl\/tooted\/b-80-vrv\/","url":"https:\/\/www.skamet.ee\/pl\/tooted\/b-80-vrv\/","name":"B-80 VRV - Skamet","isPartOf":{"@id":"https:\/\/www.skamet.ee\/#website"},"primaryImageOfPage":{"@id":"https:\/\/www.skamet.ee\/pl\/tooted\/b-80-vrv\/#primaryimage"},"image":{"@id":"https:\/\/www.skamet.ee\/pl\/tooted\/b-80-vrv\/#primaryimage"},"thumbnailUrl":"https:\/\/www.skamet.ee\/wp-content\/uploads\/2024\/10\/B-80-VRV-1-scaled.jpg","datePublished":"2024-10-25T06:46:08+00:00","breadcrumb":{"@id":"https:\/\/www.skamet.ee\/pl\/tooted\/b-80-vrv\/#breadcrumb"},"inLanguage":"pl-PL","potentialAction":[{"@type":"ReadAction","target":["https:\/\/www.skamet.ee\/pl\/tooted\/b-80-vrv\/"]}]},{"@type":"ImageObject","inLanguage":"pl-PL","@id":"https:\/\/www.skamet.ee\/pl\/tooted\/b-80-vrv\/#primaryimage","url":"https:\/\/www.skamet.ee\/wp-content\/uploads\/2024\/10\/B-80-VRV-1-scaled.jpg","contentUrl":"https:\/\/www.skamet.ee\/wp-content\/uploads\/2024\/10\/B-80-VRV-1-scaled.jpg","width":1708,"height":2560,"caption":"B 80 VRV 1 scaled"},{"@type":"BreadcrumbList","@id":"https:\/\/www.skamet.ee\/pl\/tooted\/b-80-vrv\/#breadcrumb","itemListElement":[{"@type":"ListItem","position":1,"name":"Home","item":"https:\/\/www.skamet.ee\/"},{"@type":"ListItem","position":2,"name":"Produkty","item":"https:\/\/www.skamet.ee\/pl\/sklep\/"},{"@type":"ListItem","position":3,"name":"B-80 VRV"}]},{"@type":"WebSite","@id":"https:\/\/www.skamet.ee\/#website","url":"https:\/\/www.skamet.ee\/","name":"Skamet O\u00dc","description":"Efektiivsed puuk\u00fcttega saunaahjud Eesti tootjalt","publisher":{"@id":"https:\/\/www.skamet.ee\/#organization"},"potentialAction":[{"@type":"SearchAction","target":{"@type":"EntryPoint","urlTemplate":"https:\/\/www.skamet.ee\/?s={search_term_string}"},"query-input":{"@type":"PropertyValueSpecification","valueRequired":true,"valueName":"search_term_string"}}],"inLanguage":"pl-PL"},{"@type":"Organization","@id":"https:\/\/www.skamet.ee\/#organization","name":"Skamet","url":"https:\/\/www.skamet.ee\/","logo":{"@type":"ImageObject","inLanguage":"pl-PL","@id":"https:\/\/www.skamet.ee\/#\/schema\/logo\/image\/","url":"https:\/\/www.skamet.ee\/wp-content\/uploads\/2024\/02\/logo-pl.jpg","contentUrl":"https:\/\/www.skamet.ee\/wp-content\/uploads\/2024\/02\/logo-pl.jpg","width":300,"height":127,"caption":"Skamet"},"image":{"@id":"https:\/\/www.skamet.ee\/#\/schema\/logo\/image\/"}}]}},"_links":{"self":[{"href":"https:\/\/www.skamet.ee\/pl\/wp-json\/wp\/v2\/product\/49095","targetHints":{"allow":["GET"]}}],"collection":[{"href":"https:\/\/www.skamet.ee\/pl\/wp-json\/wp\/v2\/product"}],"about":[{"href":"https:\/\/www.skamet.ee\/pl\/wp-json\/wp\/v2\/types\/product"}],"version-history":[{"count":0,"href":"https:\/\/www.skamet.ee\/pl\/wp-json\/wp\/v2\/product\/49095\/revisions"}],"wp:featuredmedia":[{"embeddable":true,"href":"https:\/\/www.skamet.ee\/pl\/wp-json\/wp\/v2\/media\/50757"}],"wp:attachment":[{"href":"https:\/\/www.skamet.ee\/pl\/wp-json\/wp\/v2\/media?parent=49095"}],"wp:term":[{"taxonomy":"product_brand","embeddable":true,"href":"https:\/\/www.skamet.ee\/pl\/wp-json\/wp\/v2\/product_brand?post=49095"},{"taxonomy":"product_cat","embeddable":true,"href":"https:\/\/www.skamet.ee\/pl\/wp-json\/wp\/v2\/product_cat?post=49095"},{"taxonomy":"product_tag","embeddable":true,"href":"https:\/\/www.skamet.ee\/pl\/wp-json\/wp\/v2\/product_tag?post=49095"}],"curies":[{"name":"wp","href":"https:\/\/api.w.org\/{rel}","templated":true}]}}