{"id":49105,"date":"2024-06-12T12:54:43","date_gmt":"2024-06-12T09:54:43","guid":{"rendered":"https:\/\/www.skamet.ee\/tooted\/bez-kategorii\/bot-40-rv-podgrzewacz-wody-ze-stali-nierdzewnej\/"},"modified":"2024-06-12T12:54:43","modified_gmt":"2024-06-12T09:54:43","slug":"bot-40-rv-podgrzewacz-wody-ze-stali-nierdzewnej","status":"publish","type":"product","link":"https:\/\/www.skamet.ee\/pl\/tooted\/bot-40-rv-podgrzewacz-wody-ze-stali-nierdzewnej\/","title":{"rendered":"BOT-40 RV &#8211; podgrzewacz wody ze stali nierdzewnej"},"content":{"rendered":"<p>Zbiornik na wod\u0119 BOT-40 RV ze stali nierdzewnej 40 litr\u00f3w wody. Zbiornik na wod\u0119 wyposa\u017cony jest w ko\u0144c\u00f3wk\u0119 rury (gwint wewn\u0119trzny \u00bd\u201d), do kt\u00f3rej przymocowany jest kran.<\/p>\n","protected":false},"excerpt":{"rendered":"<p>Zbiornik na wod\u0119 BOT-40 RV ze stali nierdzewnej 40 litr\u00f3w wody. Zbiornik na wod\u0119 wyposa\u017cony jest w ko\u0144c\u00f3wk\u0119 rury (gwint<\/p>\n","protected":false},"featured_media":43744,"template":"","meta":{"_lmt_disableupdate":"","_lmt_disable":""},"product_brand":[],"product_cat":[974,1082,1084],"product_tag":[],"class_list":{"0":"post-49105","1":"product","2":"type-product","3":"status-publish","4":"has-post-thumbnail","6":"product_cat-zbiorniki-wodne-innego-przeznaczenia","7":"product_cat-otwarte-kotly-wodne","8":"product_cat-otwarty-kociol-wodny-wokol-komina","10":"first","11":"instock","12":"shipping-taxable","13":"product-type-simple"},"yoast_head":"<!-- This site is optimized with the Yoast SEO plugin v27.0 - https:\/\/yoast.com\/product\/yoast-seo-wordpress\/ -->\n<title>BOT-40 RV - podgrzewacz wody ze stali nierdzewnej - Skamet<\/title>\n<meta name=\"robots\" content=\"index, follow, max-snippet:-1, max-image-preview:large, max-video-preview:-1\" \/>\n<link rel=\"canonical\" href=\"https:\/\/www.skamet.ee\/pl\/tooted\/bot-40-rv-podgrzewacz-wody-ze-stali-nierdzewnej\/\" \/>\n<meta property=\"og:locale\" content=\"pl_PL\" \/>\n<meta property=\"og:type\" content=\"article\" \/>\n<meta property=\"og:title\" content=\"BOT-40 RV - podgrzewacz wody ze stali nierdzewnej - Skamet\" \/>\n<meta property=\"og:description\" content=\"Zbiornik na wod\u0119 BOT-40 RV ze stali nierdzewnej 40 litr\u00f3w wody. Zbiornik na wod\u0119 wyposa\u017cony jest w ko\u0144c\u00f3wk\u0119 rury (gwint\" \/>\n<meta property=\"og:url\" content=\"https:\/\/www.skamet.ee\/pl\/tooted\/bot-40-rv-podgrzewacz-wody-ze-stali-nierdzewnej\/\" \/>\n<meta property=\"og:site_name\" content=\"Skamet\" \/>\n<meta property=\"og:image\" content=\"https:\/\/www.skamet.ee\/wp-content\/uploads\/2024\/06\/BOT-40-RV-scaled.jpg\" \/>\n\t<meta property=\"og:image:width\" content=\"1708\" \/>\n\t<meta property=\"og:image:height\" content=\"2560\" \/>\n\t<meta property=\"og:image:type\" content=\"image\/jpeg\" \/>\n<meta name=\"twitter:card\" content=\"summary_large_image\" \/>\n<script type=\"application\/ld+json\" class=\"yoast-schema-graph\">{\"@context\":\"https:\/\/schema.org\",\"@graph\":[{\"@type\":\"WebPage\",\"@id\":\"https:\/\/www.skamet.ee\/pl\/tooted\/bot-40-rv-podgrzewacz-wody-ze-stali-nierdzewnej\/\",\"url\":\"https:\/\/www.skamet.ee\/pl\/tooted\/bot-40-rv-podgrzewacz-wody-ze-stali-nierdzewnej\/\",\"name\":\"BOT-40 RV - podgrzewacz wody ze stali nierdzewnej - Skamet\",\"isPartOf\":{\"@id\":\"https:\/\/www.skamet.ee\/#website\"},\"primaryImageOfPage\":{\"@id\":\"https:\/\/www.skamet.ee\/pl\/tooted\/bot-40-rv-podgrzewacz-wody-ze-stali-nierdzewnej\/#primaryimage\"},\"image\":{\"@id\":\"https:\/\/www.skamet.ee\/pl\/tooted\/bot-40-rv-podgrzewacz-wody-ze-stali-nierdzewnej\/#primaryimage\"},\"thumbnailUrl\":\"https:\/\/www.skamet.ee\/wp-content\/uploads\/2024\/06\/BOT-40-RV-scaled.jpg\",\"datePublished\":\"2024-06-12T09:54:43+00:00\",\"breadcrumb\":{\"@id\":\"https:\/\/www.skamet.ee\/pl\/tooted\/bot-40-rv-podgrzewacz-wody-ze-stali-nierdzewnej\/#breadcrumb\"},\"inLanguage\":\"pl-PL\",\"potentialAction\":[{\"@type\":\"ReadAction\",\"target\":[\"https:\/\/www.skamet.ee\/pl\/tooted\/bot-40-rv-podgrzewacz-wody-ze-stali-nierdzewnej\/\"]}]},{\"@type\":\"ImageObject\",\"inLanguage\":\"pl-PL\",\"@id\":\"https:\/\/www.skamet.ee\/pl\/tooted\/bot-40-rv-podgrzewacz-wody-ze-stali-nierdzewnej\/#primaryimage\",\"url\":\"https:\/\/www.skamet.ee\/wp-content\/uploads\/2024\/06\/BOT-40-RV-scaled.jpg\",\"contentUrl\":\"https:\/\/www.skamet.ee\/wp-content\/uploads\/2024\/06\/BOT-40-RV-scaled.jpg\",\"width\":1708,\"height\":2560,\"caption\":\"BOT 40 RV scaled\"},{\"@type\":\"BreadcrumbList\",\"@id\":\"https:\/\/www.skamet.ee\/pl\/tooted\/bot-40-rv-podgrzewacz-wody-ze-stali-nierdzewnej\/#breadcrumb\",\"itemListElement\":[{\"@type\":\"ListItem\",\"position\":1,\"name\":\"Home\",\"item\":\"https:\/\/www.skamet.ee\/\"},{\"@type\":\"ListItem\",\"position\":2,\"name\":\"Produkty\",\"item\":\"https:\/\/www.skamet.ee\/pl\/sklep\/\"},{\"@type\":\"ListItem\",\"position\":3,\"name\":\"BOT-40 RV &#8211; podgrzewacz wody ze stali nierdzewnej\"}]},{\"@type\":\"WebSite\",\"@id\":\"https:\/\/www.skamet.ee\/#website\",\"url\":\"https:\/\/www.skamet.ee\/\",\"name\":\"Skamet O\u00dc\",\"description\":\"Efektiivsed puuk\u00fcttega saunaahjud Eesti tootjalt\",\"publisher\":{\"@id\":\"https:\/\/www.skamet.ee\/#organization\"},\"potentialAction\":[{\"@type\":\"SearchAction\",\"target\":{\"@type\":\"EntryPoint\",\"urlTemplate\":\"https:\/\/www.skamet.ee\/?s={search_term_string}\"},\"query-input\":{\"@type\":\"PropertyValueSpecification\",\"valueRequired\":true,\"valueName\":\"search_term_string\"}}],\"inLanguage\":\"pl-PL\"},{\"@type\":\"Organization\",\"@id\":\"https:\/\/www.skamet.ee\/#organization\",\"name\":\"Skamet\",\"url\":\"https:\/\/www.skamet.ee\/\",\"logo\":{\"@type\":\"ImageObject\",\"inLanguage\":\"pl-PL\",\"@id\":\"https:\/\/www.skamet.ee\/#\/schema\/logo\/image\/\",\"url\":\"https:\/\/www.skamet.ee\/wp-content\/uploads\/2024\/02\/logo-pl.jpg\",\"contentUrl\":\"https:\/\/www.skamet.ee\/wp-content\/uploads\/2024\/02\/logo-pl.jpg\",\"width\":300,\"height\":127,\"caption\":\"Skamet\"},\"image\":{\"@id\":\"https:\/\/www.skamet.ee\/#\/schema\/logo\/image\/\"}}]}<\/script>\n<!-- \/ Yoast SEO plugin. -->","yoast_head_json":{"title":"BOT-40 RV - podgrzewacz wody ze stali nierdzewnej - Skamet","robots":{"index":"index","follow":"follow","max-snippet":"max-snippet:-1","max-image-preview":"max-image-preview:large","max-video-preview":"max-video-preview:-1"},"canonical":"https:\/\/www.skamet.ee\/pl\/tooted\/bot-40-rv-podgrzewacz-wody-ze-stali-nierdzewnej\/","og_locale":"pl_PL","og_type":"article","og_title":"BOT-40 RV - podgrzewacz wody ze stali nierdzewnej - Skamet","og_description":"Zbiornik na wod\u0119 BOT-40 RV ze stali nierdzewnej 40 litr\u00f3w wody. Zbiornik na wod\u0119 wyposa\u017cony jest w ko\u0144c\u00f3wk\u0119 rury (gwint","og_url":"https:\/\/www.skamet.ee\/pl\/tooted\/bot-40-rv-podgrzewacz-wody-ze-stali-nierdzewnej\/","og_site_name":"Skamet","og_image":[{"width":1708,"height":2560,"url":"https:\/\/www.skamet.ee\/wp-content\/uploads\/2024\/06\/BOT-40-RV-scaled.jpg","type":"image\/jpeg"}],"twitter_card":"summary_large_image","schema":{"@context":"https:\/\/schema.org","@graph":[{"@type":"WebPage","@id":"https:\/\/www.skamet.ee\/pl\/tooted\/bot-40-rv-podgrzewacz-wody-ze-stali-nierdzewnej\/","url":"https:\/\/www.skamet.ee\/pl\/tooted\/bot-40-rv-podgrzewacz-wody-ze-stali-nierdzewnej\/","name":"BOT-40 RV - podgrzewacz wody ze stali nierdzewnej - Skamet","isPartOf":{"@id":"https:\/\/www.skamet.ee\/#website"},"primaryImageOfPage":{"@id":"https:\/\/www.skamet.ee\/pl\/tooted\/bot-40-rv-podgrzewacz-wody-ze-stali-nierdzewnej\/#primaryimage"},"image":{"@id":"https:\/\/www.skamet.ee\/pl\/tooted\/bot-40-rv-podgrzewacz-wody-ze-stali-nierdzewnej\/#primaryimage"},"thumbnailUrl":"https:\/\/www.skamet.ee\/wp-content\/uploads\/2024\/06\/BOT-40-RV-scaled.jpg","datePublished":"2024-06-12T09:54:43+00:00","breadcrumb":{"@id":"https:\/\/www.skamet.ee\/pl\/tooted\/bot-40-rv-podgrzewacz-wody-ze-stali-nierdzewnej\/#breadcrumb"},"inLanguage":"pl-PL","potentialAction":[{"@type":"ReadAction","target":["https:\/\/www.skamet.ee\/pl\/tooted\/bot-40-rv-podgrzewacz-wody-ze-stali-nierdzewnej\/"]}]},{"@type":"ImageObject","inLanguage":"pl-PL","@id":"https:\/\/www.skamet.ee\/pl\/tooted\/bot-40-rv-podgrzewacz-wody-ze-stali-nierdzewnej\/#primaryimage","url":"https:\/\/www.skamet.ee\/wp-content\/uploads\/2024\/06\/BOT-40-RV-scaled.jpg","contentUrl":"https:\/\/www.skamet.ee\/wp-content\/uploads\/2024\/06\/BOT-40-RV-scaled.jpg","width":1708,"height":2560,"caption":"BOT 40 RV scaled"},{"@type":"BreadcrumbList","@id":"https:\/\/www.skamet.ee\/pl\/tooted\/bot-40-rv-podgrzewacz-wody-ze-stali-nierdzewnej\/#breadcrumb","itemListElement":[{"@type":"ListItem","position":1,"name":"Home","item":"https:\/\/www.skamet.ee\/"},{"@type":"ListItem","position":2,"name":"Produkty","item":"https:\/\/www.skamet.ee\/pl\/sklep\/"},{"@type":"ListItem","position":3,"name":"BOT-40 RV &#8211; podgrzewacz wody ze stali nierdzewnej"}]},{"@type":"WebSite","@id":"https:\/\/www.skamet.ee\/#website","url":"https:\/\/www.skamet.ee\/","name":"Skamet O\u00dc","description":"Efektiivsed puuk\u00fcttega saunaahjud Eesti tootjalt","publisher":{"@id":"https:\/\/www.skamet.ee\/#organization"},"potentialAction":[{"@type":"SearchAction","target":{"@type":"EntryPoint","urlTemplate":"https:\/\/www.skamet.ee\/?s={search_term_string}"},"query-input":{"@type":"PropertyValueSpecification","valueRequired":true,"valueName":"search_term_string"}}],"inLanguage":"pl-PL"},{"@type":"Organization","@id":"https:\/\/www.skamet.ee\/#organization","name":"Skamet","url":"https:\/\/www.skamet.ee\/","logo":{"@type":"ImageObject","inLanguage":"pl-PL","@id":"https:\/\/www.skamet.ee\/#\/schema\/logo\/image\/","url":"https:\/\/www.skamet.ee\/wp-content\/uploads\/2024\/02\/logo-pl.jpg","contentUrl":"https:\/\/www.skamet.ee\/wp-content\/uploads\/2024\/02\/logo-pl.jpg","width":300,"height":127,"caption":"Skamet"},"image":{"@id":"https:\/\/www.skamet.ee\/#\/schema\/logo\/image\/"}}]}},"_links":{"self":[{"href":"https:\/\/www.skamet.ee\/pl\/wp-json\/wp\/v2\/product\/49105","targetHints":{"allow":["GET"]}}],"collection":[{"href":"https:\/\/www.skamet.ee\/pl\/wp-json\/wp\/v2\/product"}],"about":[{"href":"https:\/\/www.skamet.ee\/pl\/wp-json\/wp\/v2\/types\/product"}],"version-history":[{"count":0,"href":"https:\/\/www.skamet.ee\/pl\/wp-json\/wp\/v2\/product\/49105\/revisions"}],"wp:featuredmedia":[{"embeddable":true,"href":"https:\/\/www.skamet.ee\/pl\/wp-json\/wp\/v2\/media\/43744"}],"wp:attachment":[{"href":"https:\/\/www.skamet.ee\/pl\/wp-json\/wp\/v2\/media?parent=49105"}],"wp:term":[{"taxonomy":"product_brand","embeddable":true,"href":"https:\/\/www.skamet.ee\/pl\/wp-json\/wp\/v2\/product_brand?post=49105"},{"taxonomy":"product_cat","embeddable":true,"href":"https:\/\/www.skamet.ee\/pl\/wp-json\/wp\/v2\/product_cat?post=49105"},{"taxonomy":"product_tag","embeddable":true,"href":"https:\/\/www.skamet.ee\/pl\/wp-json\/wp\/v2\/product_tag?post=49105"}],"curies":[{"name":"wp","href":"https:\/\/api.w.org\/{rel}","templated":true}]}}