{"id":49110,"date":"2024-06-03T13:34:04","date_gmt":"2024-06-03T10:34:04","guid":{"rendered":"https:\/\/www.skamet.ee\/tooted\/bez-kategorii\/b-80-h\/"},"modified":"2024-06-03T13:34:04","modified_gmt":"2024-06-03T10:34:04","slug":"b-80-h","status":"publish","type":"product","link":"https:\/\/www.skamet.ee\/pl\/tooted\/b-80-h\/","title":{"rendered":"B-80 H"},"content":{"rendered":"<p>Zbiornik na wod\u0119 o zamkni\u0119tym uk\u0142adzie B-80 H &#8211; zawiera 80 l wody, czarny metal, poziomy, \u00d8 450 mm lub 400 mm.<\/p>\n<p>Poziome zbiorniki na wod\u0119 s\u0105 dostarczane z uchwytami \u015bciennymi oddzielnie. Kocio\u0142 jest mocowany za pomoc\u0105 dw\u00f3ch ko\u0142k\u00f3w przy\u0142\u0105czeniowych.<\/p>\n<p>Czarne metalowe kot\u0142y wodne nie s\u0105 przeznaczone do produkcji wody pitnej. Nale\u017cy r\u00f3wnie\u017c pami\u0119ta\u0107, \u017ce kot\u0142y wodne wykonane z metali \u017celaznych mog\u0105 wytwarza\u0107 rdzaw\u0105 wod\u0119.<\/p>\n<p>Prawid\u0142owa konserwacja jest konieczna do dzia\u0142ania kot\u0142a wodnego.<\/p>\n","protected":false},"excerpt":{"rendered":"<p>Zbiornik na wod\u0119 o zamkni\u0119tym uk\u0142adzie B-80 H &#8211; zawiera 80 l wody, czarny metal, poziomy, \u00d8 450 mm lub<\/p>\n","protected":false},"featured_media":43525,"template":"","meta":{"_lmt_disableupdate":"","_lmt_disable":""},"product_brand":[],"product_cat":[974,1076,1077],"product_tag":[],"class_list":{"0":"post-49110","1":"product","2":"type-product","3":"status-publish","4":"has-post-thumbnail","6":"product_cat-zbiorniki-wodne-innego-przeznaczenia","7":"product_cat-zamkniete-kotly-wykonane-z-czarnego-metalu","8":"product_cat-poziomy","10":"first","11":"instock","12":"shipping-taxable","13":"product-type-simple"},"yoast_head":"<!-- This site is optimized with the Yoast SEO plugin v27.0 - https:\/\/yoast.com\/product\/yoast-seo-wordpress\/ -->\n<title>B-80 H - Skamet<\/title>\n<meta name=\"robots\" content=\"index, follow, max-snippet:-1, max-image-preview:large, max-video-preview:-1\" \/>\n<link rel=\"canonical\" href=\"https:\/\/www.skamet.ee\/pl\/tooted\/b-80-h\/\" \/>\n<meta property=\"og:locale\" content=\"pl_PL\" \/>\n<meta property=\"og:type\" content=\"article\" \/>\n<meta property=\"og:title\" content=\"B-80 H - Skamet\" \/>\n<meta property=\"og:description\" content=\"Zbiornik na wod\u0119 o zamkni\u0119tym uk\u0142adzie B-80 H &#8211; zawiera 80 l wody, czarny metal, poziomy, \u00d8 450 mm lub\" \/>\n<meta property=\"og:url\" content=\"https:\/\/www.skamet.ee\/pl\/tooted\/b-80-h\/\" \/>\n<meta property=\"og:site_name\" content=\"Skamet\" \/>\n<meta property=\"og:image\" content=\"https:\/\/www.skamet.ee\/wp-content\/uploads\/2024\/06\/B-80-H.jpg\" \/>\n\t<meta property=\"og:image:width\" content=\"656\" \/>\n\t<meta property=\"og:image:height\" content=\"531\" \/>\n\t<meta property=\"og:image:type\" content=\"image\/jpeg\" \/>\n<meta name=\"twitter:card\" content=\"summary_large_image\" \/>\n<script type=\"application\/ld+json\" class=\"yoast-schema-graph\">{\"@context\":\"https:\/\/schema.org\",\"@graph\":[{\"@type\":\"WebPage\",\"@id\":\"https:\/\/www.skamet.ee\/pl\/tooted\/b-80-h\/\",\"url\":\"https:\/\/www.skamet.ee\/pl\/tooted\/b-80-h\/\",\"name\":\"B-80 H - Skamet\",\"isPartOf\":{\"@id\":\"https:\/\/www.skamet.ee\/#website\"},\"primaryImageOfPage\":{\"@id\":\"https:\/\/www.skamet.ee\/pl\/tooted\/b-80-h\/#primaryimage\"},\"image\":{\"@id\":\"https:\/\/www.skamet.ee\/pl\/tooted\/b-80-h\/#primaryimage\"},\"thumbnailUrl\":\"https:\/\/www.skamet.ee\/wp-content\/uploads\/2024\/06\/B-80-H.jpg\",\"datePublished\":\"2024-06-03T10:34:04+00:00\",\"breadcrumb\":{\"@id\":\"https:\/\/www.skamet.ee\/pl\/tooted\/b-80-h\/#breadcrumb\"},\"inLanguage\":\"pl-PL\",\"potentialAction\":[{\"@type\":\"ReadAction\",\"target\":[\"https:\/\/www.skamet.ee\/pl\/tooted\/b-80-h\/\"]}]},{\"@type\":\"ImageObject\",\"inLanguage\":\"pl-PL\",\"@id\":\"https:\/\/www.skamet.ee\/pl\/tooted\/b-80-h\/#primaryimage\",\"url\":\"https:\/\/www.skamet.ee\/wp-content\/uploads\/2024\/06\/B-80-H.jpg\",\"contentUrl\":\"https:\/\/www.skamet.ee\/wp-content\/uploads\/2024\/06\/B-80-H.jpg\",\"width\":656,\"height\":531,\"caption\":\"B 80 H\"},{\"@type\":\"BreadcrumbList\",\"@id\":\"https:\/\/www.skamet.ee\/pl\/tooted\/b-80-h\/#breadcrumb\",\"itemListElement\":[{\"@type\":\"ListItem\",\"position\":1,\"name\":\"Home\",\"item\":\"https:\/\/www.skamet.ee\/\"},{\"@type\":\"ListItem\",\"position\":2,\"name\":\"Produkty\",\"item\":\"https:\/\/www.skamet.ee\/pl\/sklep\/\"},{\"@type\":\"ListItem\",\"position\":3,\"name\":\"B-80 H\"}]},{\"@type\":\"WebSite\",\"@id\":\"https:\/\/www.skamet.ee\/#website\",\"url\":\"https:\/\/www.skamet.ee\/\",\"name\":\"Skamet O\u00dc\",\"description\":\"Efektiivsed puuk\u00fcttega saunaahjud Eesti tootjalt\",\"publisher\":{\"@id\":\"https:\/\/www.skamet.ee\/#organization\"},\"potentialAction\":[{\"@type\":\"SearchAction\",\"target\":{\"@type\":\"EntryPoint\",\"urlTemplate\":\"https:\/\/www.skamet.ee\/?s={search_term_string}\"},\"query-input\":{\"@type\":\"PropertyValueSpecification\",\"valueRequired\":true,\"valueName\":\"search_term_string\"}}],\"inLanguage\":\"pl-PL\"},{\"@type\":\"Organization\",\"@id\":\"https:\/\/www.skamet.ee\/#organization\",\"name\":\"Skamet\",\"url\":\"https:\/\/www.skamet.ee\/\",\"logo\":{\"@type\":\"ImageObject\",\"inLanguage\":\"pl-PL\",\"@id\":\"https:\/\/www.skamet.ee\/#\/schema\/logo\/image\/\",\"url\":\"https:\/\/www.skamet.ee\/wp-content\/uploads\/2024\/02\/logo-pl.jpg\",\"contentUrl\":\"https:\/\/www.skamet.ee\/wp-content\/uploads\/2024\/02\/logo-pl.jpg\",\"width\":300,\"height\":127,\"caption\":\"Skamet\"},\"image\":{\"@id\":\"https:\/\/www.skamet.ee\/#\/schema\/logo\/image\/\"}}]}<\/script>\n<!-- \/ Yoast SEO plugin. -->","yoast_head_json":{"title":"B-80 H - Skamet","robots":{"index":"index","follow":"follow","max-snippet":"max-snippet:-1","max-image-preview":"max-image-preview:large","max-video-preview":"max-video-preview:-1"},"canonical":"https:\/\/www.skamet.ee\/pl\/tooted\/b-80-h\/","og_locale":"pl_PL","og_type":"article","og_title":"B-80 H - Skamet","og_description":"Zbiornik na wod\u0119 o zamkni\u0119tym uk\u0142adzie B-80 H &#8211; zawiera 80 l wody, czarny metal, poziomy, \u00d8 450 mm lub","og_url":"https:\/\/www.skamet.ee\/pl\/tooted\/b-80-h\/","og_site_name":"Skamet","og_image":[{"width":656,"height":531,"url":"https:\/\/www.skamet.ee\/wp-content\/uploads\/2024\/06\/B-80-H.jpg","type":"image\/jpeg"}],"twitter_card":"summary_large_image","schema":{"@context":"https:\/\/schema.org","@graph":[{"@type":"WebPage","@id":"https:\/\/www.skamet.ee\/pl\/tooted\/b-80-h\/","url":"https:\/\/www.skamet.ee\/pl\/tooted\/b-80-h\/","name":"B-80 H - Skamet","isPartOf":{"@id":"https:\/\/www.skamet.ee\/#website"},"primaryImageOfPage":{"@id":"https:\/\/www.skamet.ee\/pl\/tooted\/b-80-h\/#primaryimage"},"image":{"@id":"https:\/\/www.skamet.ee\/pl\/tooted\/b-80-h\/#primaryimage"},"thumbnailUrl":"https:\/\/www.skamet.ee\/wp-content\/uploads\/2024\/06\/B-80-H.jpg","datePublished":"2024-06-03T10:34:04+00:00","breadcrumb":{"@id":"https:\/\/www.skamet.ee\/pl\/tooted\/b-80-h\/#breadcrumb"},"inLanguage":"pl-PL","potentialAction":[{"@type":"ReadAction","target":["https:\/\/www.skamet.ee\/pl\/tooted\/b-80-h\/"]}]},{"@type":"ImageObject","inLanguage":"pl-PL","@id":"https:\/\/www.skamet.ee\/pl\/tooted\/b-80-h\/#primaryimage","url":"https:\/\/www.skamet.ee\/wp-content\/uploads\/2024\/06\/B-80-H.jpg","contentUrl":"https:\/\/www.skamet.ee\/wp-content\/uploads\/2024\/06\/B-80-H.jpg","width":656,"height":531,"caption":"B 80 H"},{"@type":"BreadcrumbList","@id":"https:\/\/www.skamet.ee\/pl\/tooted\/b-80-h\/#breadcrumb","itemListElement":[{"@type":"ListItem","position":1,"name":"Home","item":"https:\/\/www.skamet.ee\/"},{"@type":"ListItem","position":2,"name":"Produkty","item":"https:\/\/www.skamet.ee\/pl\/sklep\/"},{"@type":"ListItem","position":3,"name":"B-80 H"}]},{"@type":"WebSite","@id":"https:\/\/www.skamet.ee\/#website","url":"https:\/\/www.skamet.ee\/","name":"Skamet O\u00dc","description":"Efektiivsed puuk\u00fcttega saunaahjud Eesti tootjalt","publisher":{"@id":"https:\/\/www.skamet.ee\/#organization"},"potentialAction":[{"@type":"SearchAction","target":{"@type":"EntryPoint","urlTemplate":"https:\/\/www.skamet.ee\/?s={search_term_string}"},"query-input":{"@type":"PropertyValueSpecification","valueRequired":true,"valueName":"search_term_string"}}],"inLanguage":"pl-PL"},{"@type":"Organization","@id":"https:\/\/www.skamet.ee\/#organization","name":"Skamet","url":"https:\/\/www.skamet.ee\/","logo":{"@type":"ImageObject","inLanguage":"pl-PL","@id":"https:\/\/www.skamet.ee\/#\/schema\/logo\/image\/","url":"https:\/\/www.skamet.ee\/wp-content\/uploads\/2024\/02\/logo-pl.jpg","contentUrl":"https:\/\/www.skamet.ee\/wp-content\/uploads\/2024\/02\/logo-pl.jpg","width":300,"height":127,"caption":"Skamet"},"image":{"@id":"https:\/\/www.skamet.ee\/#\/schema\/logo\/image\/"}}]}},"_links":{"self":[{"href":"https:\/\/www.skamet.ee\/pl\/wp-json\/wp\/v2\/product\/49110","targetHints":{"allow":["GET"]}}],"collection":[{"href":"https:\/\/www.skamet.ee\/pl\/wp-json\/wp\/v2\/product"}],"about":[{"href":"https:\/\/www.skamet.ee\/pl\/wp-json\/wp\/v2\/types\/product"}],"version-history":[{"count":0,"href":"https:\/\/www.skamet.ee\/pl\/wp-json\/wp\/v2\/product\/49110\/revisions"}],"wp:featuredmedia":[{"embeddable":true,"href":"https:\/\/www.skamet.ee\/pl\/wp-json\/wp\/v2\/media\/43525"}],"wp:attachment":[{"href":"https:\/\/www.skamet.ee\/pl\/wp-json\/wp\/v2\/media?parent=49110"}],"wp:term":[{"taxonomy":"product_brand","embeddable":true,"href":"https:\/\/www.skamet.ee\/pl\/wp-json\/wp\/v2\/product_brand?post=49110"},{"taxonomy":"product_cat","embeddable":true,"href":"https:\/\/www.skamet.ee\/pl\/wp-json\/wp\/v2\/product_cat?post=49110"},{"taxonomy":"product_tag","embeddable":true,"href":"https:\/\/www.skamet.ee\/pl\/wp-json\/wp\/v2\/product_tag?post=49110"}],"curies":[{"name":"wp","href":"https:\/\/api.w.org\/{rel}","templated":true}]}}