{"id":49113,"date":"2021-05-05T14:32:17","date_gmt":"2021-05-05T11:32:17","guid":{"rendered":"https:\/\/www.skamet.ee\/tooted\/bez-kategorii\/piece-ogrzewane-z-innego-pomieszczenia\/"},"modified":"2021-05-05T14:32:17","modified_gmt":"2021-05-05T11:32:17","slug":"piece-ogrzewane-z-innego-pomieszczenia","status":"publish","type":"product","link":"https:\/\/www.skamet.ee\/pl\/tooted\/piece-ogrzewane-z-innego-pomieszczenia\/","title":{"rendered":"Piece ogrzewane z innego pomieszczenia"},"content":{"rendered":"<p>Piec jest instalowany i ogrzewany z innego pomieszczenia. Cz\u0119\u015b\u0107 penetruj\u0105ca ma d\u0142ugo\u015b\u0107 200 mm. W razie potrzeby cz\u0119\u015b\u0107 ta mo\u017ce by\u0107 d\u0142u\u017csza lub kr\u00f3tsza. Standardowe modele s\u0105 dostarczane tylko z g\u00f3rnym pod\u0142\u0105czeniem do komina, od strony drzwi. Modele odwrotne s\u0105 produkowane na zam\u00f3wienie i maj\u0105 dodatkowe g\u00f3rne pod\u0142\u0105czenie do komina od tylnej \u015bciany.<\/p>\n","protected":false},"excerpt":{"rendered":"<p>Piec jest instalowany i ogrzewany z innego pomieszczenia. Cz\u0119\u015b\u0107 penetruj\u0105ca ma d\u0142ugo\u015b\u0107 200 mm. W razie potrzeby cz\u0119\u015b\u0107 ta mo\u017ce<\/p>\n","protected":false},"featured_media":45054,"template":"","meta":{"_lmt_disableupdate":"","_lmt_disable":""},"product_brand":[],"product_cat":[386],"product_tag":[],"class_list":{"0":"post-49113","1":"product","2":"type-product","3":"status-publish","4":"has-post-thumbnail","6":"product_cat-piec-w-oslonie-siatkowej","8":"first","9":"instock","10":"shipping-taxable","11":"product-type-simple"},"yoast_head":"<!-- This site is optimized with the Yoast SEO plugin v27.0 - https:\/\/yoast.com\/product\/yoast-seo-wordpress\/ -->\n<title>Piece ogrzewane z innego pomieszczenia - Skamet<\/title>\n<meta name=\"robots\" content=\"index, follow, max-snippet:-1, max-image-preview:large, max-video-preview:-1\" \/>\n<link rel=\"canonical\" href=\"https:\/\/www.skamet.ee\/pl\/tooted\/piece-ogrzewane-z-innego-pomieszczenia\/\" \/>\n<meta property=\"og:locale\" content=\"pl_PL\" \/>\n<meta property=\"og:type\" content=\"article\" \/>\n<meta property=\"og:title\" content=\"Piece ogrzewane z innego pomieszczenia - Skamet\" \/>\n<meta property=\"og:description\" content=\"Piec jest instalowany i ogrzewany z innego pomieszczenia. Cz\u0119\u015b\u0107 penetruj\u0105ca ma d\u0142ugo\u015b\u0107 200 mm. W razie potrzeby cz\u0119\u015b\u0107 ta mo\u017ce\" \/>\n<meta property=\"og:url\" content=\"https:\/\/www.skamet.ee\/pl\/tooted\/piece-ogrzewane-z-innego-pomieszczenia\/\" \/>\n<meta property=\"og:site_name\" content=\"Skamet\" \/>\n<meta property=\"og:image\" content=\"https:\/\/www.skamet.ee\/wp-content\/uploads\/2021\/04\/S-216-GL_ilu-scaled.jpg\" \/>\n\t<meta property=\"og:image:width\" content=\"1708\" \/>\n\t<meta property=\"og:image:height\" content=\"2560\" \/>\n\t<meta property=\"og:image:type\" content=\"image\/jpeg\" \/>\n<meta name=\"twitter:card\" content=\"summary_large_image\" \/>\n<script type=\"application\/ld+json\" class=\"yoast-schema-graph\">{\"@context\":\"https:\/\/schema.org\",\"@graph\":[{\"@type\":\"WebPage\",\"@id\":\"https:\/\/www.skamet.ee\/pl\/tooted\/piece-ogrzewane-z-innego-pomieszczenia\/\",\"url\":\"https:\/\/www.skamet.ee\/pl\/tooted\/piece-ogrzewane-z-innego-pomieszczenia\/\",\"name\":\"Piece ogrzewane z innego pomieszczenia - Skamet\",\"isPartOf\":{\"@id\":\"https:\/\/www.skamet.ee\/#website\"},\"primaryImageOfPage\":{\"@id\":\"https:\/\/www.skamet.ee\/pl\/tooted\/piece-ogrzewane-z-innego-pomieszczenia\/#primaryimage\"},\"image\":{\"@id\":\"https:\/\/www.skamet.ee\/pl\/tooted\/piece-ogrzewane-z-innego-pomieszczenia\/#primaryimage\"},\"thumbnailUrl\":\"https:\/\/www.skamet.ee\/wp-content\/uploads\/2021\/04\/S-216-GL_ilu-scaled.jpg\",\"datePublished\":\"2021-05-05T11:32:17+00:00\",\"breadcrumb\":{\"@id\":\"https:\/\/www.skamet.ee\/pl\/tooted\/piece-ogrzewane-z-innego-pomieszczenia\/#breadcrumb\"},\"inLanguage\":\"pl-PL\",\"potentialAction\":[{\"@type\":\"ReadAction\",\"target\":[\"https:\/\/www.skamet.ee\/pl\/tooted\/piece-ogrzewane-z-innego-pomieszczenia\/\"]}]},{\"@type\":\"ImageObject\",\"inLanguage\":\"pl-PL\",\"@id\":\"https:\/\/www.skamet.ee\/pl\/tooted\/piece-ogrzewane-z-innego-pomieszczenia\/#primaryimage\",\"url\":\"https:\/\/www.skamet.ee\/wp-content\/uploads\/2021\/04\/S-216-GL_ilu-scaled.jpg\",\"contentUrl\":\"https:\/\/www.skamet.ee\/wp-content\/uploads\/2021\/04\/S-216-GL_ilu-scaled.jpg\",\"width\":1708,\"height\":2560,\"caption\":\"S 216 GL ilu scaled\"},{\"@type\":\"BreadcrumbList\",\"@id\":\"https:\/\/www.skamet.ee\/pl\/tooted\/piece-ogrzewane-z-innego-pomieszczenia\/#breadcrumb\",\"itemListElement\":[{\"@type\":\"ListItem\",\"position\":1,\"name\":\"Home\",\"item\":\"https:\/\/www.skamet.ee\/\"},{\"@type\":\"ListItem\",\"position\":2,\"name\":\"Produkty\",\"item\":\"https:\/\/www.skamet.ee\/pl\/sklep\/\"},{\"@type\":\"ListItem\",\"position\":3,\"name\":\"Piece ogrzewane z innego pomieszczenia\"}]},{\"@type\":\"WebSite\",\"@id\":\"https:\/\/www.skamet.ee\/#website\",\"url\":\"https:\/\/www.skamet.ee\/\",\"name\":\"Skamet O\u00dc\",\"description\":\"Efektiivsed puuk\u00fcttega saunaahjud Eesti tootjalt\",\"publisher\":{\"@id\":\"https:\/\/www.skamet.ee\/#organization\"},\"potentialAction\":[{\"@type\":\"SearchAction\",\"target\":{\"@type\":\"EntryPoint\",\"urlTemplate\":\"https:\/\/www.skamet.ee\/?s={search_term_string}\"},\"query-input\":{\"@type\":\"PropertyValueSpecification\",\"valueRequired\":true,\"valueName\":\"search_term_string\"}}],\"inLanguage\":\"pl-PL\"},{\"@type\":\"Organization\",\"@id\":\"https:\/\/www.skamet.ee\/#organization\",\"name\":\"Skamet\",\"url\":\"https:\/\/www.skamet.ee\/\",\"logo\":{\"@type\":\"ImageObject\",\"inLanguage\":\"pl-PL\",\"@id\":\"https:\/\/www.skamet.ee\/#\/schema\/logo\/image\/\",\"url\":\"https:\/\/www.skamet.ee\/wp-content\/uploads\/2024\/02\/logo-pl.jpg\",\"contentUrl\":\"https:\/\/www.skamet.ee\/wp-content\/uploads\/2024\/02\/logo-pl.jpg\",\"width\":300,\"height\":127,\"caption\":\"Skamet\"},\"image\":{\"@id\":\"https:\/\/www.skamet.ee\/#\/schema\/logo\/image\/\"}}]}<\/script>\n<!-- \/ Yoast SEO plugin. -->","yoast_head_json":{"title":"Piece ogrzewane z innego pomieszczenia - Skamet","robots":{"index":"index","follow":"follow","max-snippet":"max-snippet:-1","max-image-preview":"max-image-preview:large","max-video-preview":"max-video-preview:-1"},"canonical":"https:\/\/www.skamet.ee\/pl\/tooted\/piece-ogrzewane-z-innego-pomieszczenia\/","og_locale":"pl_PL","og_type":"article","og_title":"Piece ogrzewane z innego pomieszczenia - Skamet","og_description":"Piec jest instalowany i ogrzewany z innego pomieszczenia. Cz\u0119\u015b\u0107 penetruj\u0105ca ma d\u0142ugo\u015b\u0107 200 mm. W razie potrzeby cz\u0119\u015b\u0107 ta mo\u017ce","og_url":"https:\/\/www.skamet.ee\/pl\/tooted\/piece-ogrzewane-z-innego-pomieszczenia\/","og_site_name":"Skamet","og_image":[{"width":1708,"height":2560,"url":"https:\/\/www.skamet.ee\/wp-content\/uploads\/2021\/04\/S-216-GL_ilu-scaled.jpg","type":"image\/jpeg"}],"twitter_card":"summary_large_image","schema":{"@context":"https:\/\/schema.org","@graph":[{"@type":"WebPage","@id":"https:\/\/www.skamet.ee\/pl\/tooted\/piece-ogrzewane-z-innego-pomieszczenia\/","url":"https:\/\/www.skamet.ee\/pl\/tooted\/piece-ogrzewane-z-innego-pomieszczenia\/","name":"Piece ogrzewane z innego pomieszczenia - Skamet","isPartOf":{"@id":"https:\/\/www.skamet.ee\/#website"},"primaryImageOfPage":{"@id":"https:\/\/www.skamet.ee\/pl\/tooted\/piece-ogrzewane-z-innego-pomieszczenia\/#primaryimage"},"image":{"@id":"https:\/\/www.skamet.ee\/pl\/tooted\/piece-ogrzewane-z-innego-pomieszczenia\/#primaryimage"},"thumbnailUrl":"https:\/\/www.skamet.ee\/wp-content\/uploads\/2021\/04\/S-216-GL_ilu-scaled.jpg","datePublished":"2021-05-05T11:32:17+00:00","breadcrumb":{"@id":"https:\/\/www.skamet.ee\/pl\/tooted\/piece-ogrzewane-z-innego-pomieszczenia\/#breadcrumb"},"inLanguage":"pl-PL","potentialAction":[{"@type":"ReadAction","target":["https:\/\/www.skamet.ee\/pl\/tooted\/piece-ogrzewane-z-innego-pomieszczenia\/"]}]},{"@type":"ImageObject","inLanguage":"pl-PL","@id":"https:\/\/www.skamet.ee\/pl\/tooted\/piece-ogrzewane-z-innego-pomieszczenia\/#primaryimage","url":"https:\/\/www.skamet.ee\/wp-content\/uploads\/2021\/04\/S-216-GL_ilu-scaled.jpg","contentUrl":"https:\/\/www.skamet.ee\/wp-content\/uploads\/2021\/04\/S-216-GL_ilu-scaled.jpg","width":1708,"height":2560,"caption":"S 216 GL ilu scaled"},{"@type":"BreadcrumbList","@id":"https:\/\/www.skamet.ee\/pl\/tooted\/piece-ogrzewane-z-innego-pomieszczenia\/#breadcrumb","itemListElement":[{"@type":"ListItem","position":1,"name":"Home","item":"https:\/\/www.skamet.ee\/"},{"@type":"ListItem","position":2,"name":"Produkty","item":"https:\/\/www.skamet.ee\/pl\/sklep\/"},{"@type":"ListItem","position":3,"name":"Piece ogrzewane z innego pomieszczenia"}]},{"@type":"WebSite","@id":"https:\/\/www.skamet.ee\/#website","url":"https:\/\/www.skamet.ee\/","name":"Skamet O\u00dc","description":"Efektiivsed puuk\u00fcttega saunaahjud Eesti tootjalt","publisher":{"@id":"https:\/\/www.skamet.ee\/#organization"},"potentialAction":[{"@type":"SearchAction","target":{"@type":"EntryPoint","urlTemplate":"https:\/\/www.skamet.ee\/?s={search_term_string}"},"query-input":{"@type":"PropertyValueSpecification","valueRequired":true,"valueName":"search_term_string"}}],"inLanguage":"pl-PL"},{"@type":"Organization","@id":"https:\/\/www.skamet.ee\/#organization","name":"Skamet","url":"https:\/\/www.skamet.ee\/","logo":{"@type":"ImageObject","inLanguage":"pl-PL","@id":"https:\/\/www.skamet.ee\/#\/schema\/logo\/image\/","url":"https:\/\/www.skamet.ee\/wp-content\/uploads\/2024\/02\/logo-pl.jpg","contentUrl":"https:\/\/www.skamet.ee\/wp-content\/uploads\/2024\/02\/logo-pl.jpg","width":300,"height":127,"caption":"Skamet"},"image":{"@id":"https:\/\/www.skamet.ee\/#\/schema\/logo\/image\/"}}]}},"_links":{"self":[{"href":"https:\/\/www.skamet.ee\/pl\/wp-json\/wp\/v2\/product\/49113","targetHints":{"allow":["GET"]}}],"collection":[{"href":"https:\/\/www.skamet.ee\/pl\/wp-json\/wp\/v2\/product"}],"about":[{"href":"https:\/\/www.skamet.ee\/pl\/wp-json\/wp\/v2\/types\/product"}],"version-history":[{"count":0,"href":"https:\/\/www.skamet.ee\/pl\/wp-json\/wp\/v2\/product\/49113\/revisions"}],"wp:featuredmedia":[{"embeddable":true,"href":"https:\/\/www.skamet.ee\/pl\/wp-json\/wp\/v2\/media\/45054"}],"wp:attachment":[{"href":"https:\/\/www.skamet.ee\/pl\/wp-json\/wp\/v2\/media?parent=49113"}],"wp:term":[{"taxonomy":"product_brand","embeddable":true,"href":"https:\/\/www.skamet.ee\/pl\/wp-json\/wp\/v2\/product_brand?post=49113"},{"taxonomy":"product_cat","embeddable":true,"href":"https:\/\/www.skamet.ee\/pl\/wp-json\/wp\/v2\/product_cat?post=49113"},{"taxonomy":"product_tag","embeddable":true,"href":"https:\/\/www.skamet.ee\/pl\/wp-json\/wp\/v2\/product_tag?post=49113"}],"curies":[{"name":"wp","href":"https:\/\/api.w.org\/{rel}","templated":true}]}}